{"id":668,"date":"2023-02-15T12:00:01","date_gmt":"2023-02-15T11:00:01","guid":{"rendered":"http:\/\/allonboard.no\/?page_id=668"},"modified":"2026-03-31T16:11:41","modified_gmt":"2026-03-31T14:11:41","slug":"seiling","status":"publish","type":"page","link":"https:\/\/allonboard.no\/en\/aktiviteter\/seiling\/","title":{"rendered":"Sailing"},"content":{"rendered":"<p>[et_pb_section fb_built=&raquo;1&#8243; _builder_version=&raquo;4.19.5&#8243; _module_preset=&raquo;default&raquo; use_background_color_gradient=&raquo;on&raquo; background_color_gradient_stops=&raquo;rgba(1,20,32,0) 0%|rgba(1,20,32,0) 5%|#011420 100%&raquo; background_color_gradient_overlays_image=&raquo;on&raquo; background_image=&raquo;https:\/\/allonboard.no\/wp-content\/uploads\/2023\/02\/Seiling-scaled.jpeg&raquo; custom_padding=&raquo;170px||29px||false|&raquo; global_colors_info=&raquo;{}&raquo;][et_pb_row _builder_version=&raquo;4.19.4&#8243; _module_preset=&raquo;default&raquo; custom_margin=&raquo;|auto|60px|auto||&raquo; global_colors_info=&raquo;{}&raquo;][et_pb_column type=&raquo;4_4&#8243; _builder_version=&raquo;4.19.4&#8243; _module_preset=&raquo;default&raquo; global_colors_info=&raquo;{}&raquo;][et_pb_text _builder_version=&raquo;4.19.5&#8243; _module_preset=&raquo;default&raquo; text_font=&raquo;|300|||||||&raquo; text_text_color=&raquo;#FFFFFF&raquo; text_font_size=&raquo;23px&raquo; text_line_height=&raquo;1.1em&raquo; header_font=&raquo;|800|||||||&raquo; header_text_color=&raquo;#FFFFFF&raquo; header_font_size=&raquo;61px&raquo; custom_margin=&raquo;||11px|||&raquo; header_font_size_tablet=&raquo;61px&raquo; header_font_size_phone=&raquo;45px&raquo; header_font_size_last_edited=&raquo;on|phone&raquo; global_colors_info=&raquo;{}&raquo;]<\/p>\n<h1>Seiling<\/h1>\n<p>[\/et_pb_text][et_pb_text _builder_version=&raquo;4.20.4&#8243; _module_preset=&raquo;default&raquo; text_font=&raquo;|300|||||||&raquo; text_text_color=&raquo;#FFFFFF&raquo; text_font_size=&raquo;23px&raquo; text_line_height=&raquo;1.1em&raquo; header_2_font=&raquo;|300|||||||&raquo; header_2_text_color=&raquo;#FFFFFF&raquo; header_2_font_size=&raquo;23px&raquo; header_2_line_height=&raquo;1.1em&raquo; text_font_size_tablet=&raquo;23px&raquo; text_font_size_phone=&raquo;22px&raquo; text_font_size_last_edited=&raquo;on|phone&raquo; header_2_font_size_tablet=&raquo;23px&raquo; header_2_font_size_phone=&raquo;22px&raquo; header_2_font_size_last_edited=&raquo;on|desktop&raquo; global_colors_info=&raquo;{}&raquo;]<\/p>\n<h2>Seiling, regatta eller en rolig tur p\u00e5 sj\u00f8en.<\/h2>\n<p>[\/et_pb_text][\/et_pb_column][\/et_pb_row][et_pb_row column_structure=&raquo;1_4,1_4,1_4,1_4&#8243; use_custom_gutter=&raquo;on&raquo; gutter_width=&raquo;2&#8243; _builder_version=&raquo;4.19.4&#8243; _module_preset=&raquo;default&raquo; global_colors_info=&raquo;{}&raquo;][et_pb_column type=&raquo;1_4&#8243; _builder_version=&raquo;4.19.4&#8243; _module_preset=&raquo;default&raquo; global_colors_info=&raquo;{}&raquo;][et_pb_blurb title=&raquo;Antall deltagere&raquo; image=&raquo;https:\/\/allonboard.no\/wp-content\/uploads\/2023\/01\/Antall.svg&raquo; icon_placement=&raquo;left&raquo; image_icon_width=&raquo;100%&raquo; _builder_version=&raquo;4.19.5&#8243; _module_preset=&raquo;default&raquo; header_font=&raquo;|800|||||||&raquo; header_text_color=&raquo;#FFFFFF&raquo; body_font=&raquo;|300|||||||&raquo; body_text_color=&raquo;#FFFFFF&raquo; body_font_size=&raquo;17px&raquo; image_icon_custom_margin=&raquo;|30px|||false|false&raquo; image_icon_custom_padding=&raquo;|0px|||false|false&raquo; animation=&raquo;off&raquo; custom_css_blurb_image=&raquo;vertical-align: middle;||&raquo; custom_css_blurb_title=&raquo;padding-bottom: 1px&raquo; global_colors_info=&raquo;{}&raquo;]<\/p>\n<p>10 b\u00e5ter, maks 10 per<\/p>\n<p>[\/et_pb_blurb][\/et_pb_column][et_pb_column type=&raquo;1_4&#8243; _builder_version=&raquo;4.19.4&#8243; _module_preset=&raquo;default&raquo; global_colors_info=&raquo;{}&raquo;][et_pb_blurb title=&raquo;Tidsbruk&raquo; image=&raquo;https:\/\/allonboard.no\/wp-content\/uploads\/2023\/01\/Tidsbruk.svg&raquo; icon_placement=&raquo;left&raquo; image_icon_width=&raquo;100%&raquo; _builder_version=&raquo;4.19.5&#8243; _module_preset=&raquo;default&raquo; header_font=&raquo;|800|||||||&raquo; header_text_color=&raquo;#FFFFFF&raquo; body_font=&raquo;|300|||||||&raquo; body_text_color=&raquo;#FFFFFF&raquo; body_font_size=&raquo;17px&raquo; image_icon_custom_margin=&raquo;|30px|||false|false&raquo; image_icon_custom_padding=&raquo;|0px|||false|false&raquo; animation=&raquo;off&raquo; custom_css_blurb_image=&raquo;vertical-align: middle;||&raquo; custom_css_blurb_title=&raquo;padding-bottom: 1px&raquo; global_colors_info=&raquo;{}&raquo;]<\/p>\n<p>Fra 3 timer til 2 dager<\/p>\n<p>[\/et_pb_blurb][\/et_pb_column][et_pb_column type=&raquo;1_4&#8243; _builder_version=&raquo;4.19.4&#8243; _module_preset=&raquo;default&raquo; global_colors_info=&raquo;{}&raquo;][et_pb_blurb title=&raquo;\u00c5rstid&raquo; image=&raquo;https:\/\/allonboard.no\/wp-content\/uploads\/2023\/01\/Arstid.svg&raquo; icon_placement=&raquo;left&raquo; image_icon_width=&raquo;100%&raquo; _builder_version=&raquo;4.19.5&#8243; _module_preset=&raquo;default&raquo; header_font=&raquo;|800|||||||&raquo; header_text_color=&raquo;#FFFFFF&raquo; body_font=&raquo;|300|||||||&raquo; body_text_color=&raquo;#FFFFFF&raquo; body_font_size=&raquo;17px&raquo; image_icon_custom_margin=&raquo;|30px|||false|false&raquo; image_icon_custom_padding=&raquo;|0px|||false|false&raquo; animation=&raquo;off&raquo; custom_css_blurb_image=&raquo;vertical-align: middle;||&raquo; custom_css_blurb_title=&raquo;padding-bottom: 1px&raquo; global_colors_info=&raquo;{}&raquo;]<\/p>\n<p>April &#8211; oktober<\/p>\n<p>[\/et_pb_blurb][\/et_pb_column][et_pb_column type=&raquo;1_4&#8243; _builder_version=&raquo;4.19.4&#8243; _module_preset=&raquo;default&raquo; global_colors_info=&raquo;{}&raquo;][\/et_pb_column][\/et_pb_row][\/et_pb_section][et_pb_section fb_built=&raquo;1&#8243; custom_padding_last_edited=&raquo;on|phone&raquo; _builder_version=&raquo;4.19.4&#8243; _module_preset=&raquo;default&raquo; custom_padding=&raquo;70px||70px||true|&raquo; custom_padding_tablet=&raquo;70px||70px||true|&raquo; custom_padding_phone=&raquo;30px||30px||true|false&raquo; global_colors_info=&raquo;{}&raquo; button_one_url=&raquo;https:\/\/allonboard.no\/aktiviteter\/#book&raquo;][et_pb_row column_structure=&raquo;3_5,2_5&#8243; module_class=&raquo;pa-inline-buttons&raquo; _builder_version=&raquo;4.19.4&#8243; _module_preset=&raquo;default&raquo; custom_margin=&raquo;|auto|30px|auto||&raquo; custom_padding=&raquo;||0px|||&raquo; global_colors_info=&raquo;{}&raquo;][et_pb_column type=&raquo;3_5&#8243; _builder_version=&raquo;4.19.4&#8243; _module_preset=&raquo;default&raquo; global_colors_info=&raquo;{}&raquo;][et_pb_text _builder_version=&raquo;4.19.5&#8243; _module_preset=&raquo;default&raquo; text_font=&raquo;|800|||||||&raquo; text_text_color=&raquo;#011420&#8243; text_font_size=&raquo;26px&raquo; text_line_height=&raquo;1.2em&raquo; text_font_size_tablet=&raquo;26px&raquo; text_font_size_phone=&raquo;21px&raquo; text_font_size_last_edited=&raquo;on|phone&raquo; global_colors_info=&raquo;{}&raquo;]<\/p>\n<p>Seiling er ypperlig egnet for teambuilding. Vi disponerer en fl\u00e5te med raske og morsomme havseilere p\u00e5 40-50 fot, som egner seg for 8 &#8211; 10 personer i hver b\u00e5t. V\u00e5re erfarne skippere tar deltagerne med inn i seilingens verden, hvor taktikk, strategi, seiltrim og effektivt teamarbeid testes og l\u00e6res.<\/p>\n<p>[\/et_pb_text][et_pb_text _builder_version=&raquo;4.20.4&#8243; _module_preset=&raquo;default&raquo; text_font=&raquo;|300|||||||&raquo; text_text_color=&raquo;#011420&#8243; text_font_size=&raquo;23px&raquo; text_line_height=&raquo;1.2em&raquo; custom_margin=&raquo;||19px|||&raquo; text_font_size_tablet=&raquo;23px&raquo; text_font_size_phone=&raquo;19px&raquo; text_font_size_last_edited=&raquo;on|phone&raquo; global_colors_info=&raquo;{}&raquo;]<\/p>\n<p>Etter en rask sikkerhetsgjennomgang, introduksjon av b\u00e5tene og p\u00e5kledning av sikkerhetsutstyr, setter vi seil og konkurrerer mot hverandre. Vi ser an vind og tilpasser intensiteten og antall regattaer etter gjestenes \u00f8nsker.<\/p>\n<p>Seilopplevelsen kan gjerne avsluttes med en god lunsj eller middag p\u00e5 hotellet, og selvf\u00f8lgelig en h\u00f8ytidelig premieutdeling.<\/p>\n<p>Vi stiller med flytedresser og redningsutstyr som passer godt utenp\u00e5 vanlige fritidskl\u00e6r. Vi ordner ogs\u00e5 servering av mat og drikke ombord, f\u00f8lgeb\u00e5t ved st\u00f8rre arrangement og premiering etter n\u00e6rmere avtale.<\/p>\n<p>\u00c5 f\u00e5 b\u00e5ten til \u00e5 seile fort og raskt, har mange synergier direkte over til \u00abbusinessverden\u00bb. Kommunikasjon, oppgavefordeling, og samarbeid er essensen i begge deler.<\/p>\n<p>[\/et_pb_text][dsm_button button_one_text=&raquo;Kontakt oss&raquo; button_one_url=&raquo;@ET-DC@eyJkeW5hbWljIjp0cnVlLCJjb250ZW50IjoicG9zdF9saW5rX3VybF9wYWdlIiwic2V0dGluZ3MiOnsicG9zdF9pZCI6IjY1MSJ9fQ==@&raquo; button_two_text=&raquo;Last ned PDF&raquo; button_two_url=&raquo;https:\/\/allonboard.no\/wp-content\/uploads\/2025\/11\/Seiling.pdf&raquo; button_two_url_new_window=&raquo;on&raquo; button_one_icon_hover_animation=&raquo;dsm-icon-forward&raquo; button_two_icon_hover_animation=&raquo;dsm-icon-forward&raquo; _builder_version=&raquo;4.27.4&#8243; _dynamic_attributes=&raquo;button_one_url&raquo; _module_preset=&raquo;default&raquo; custom_button_one=&raquo;on&raquo; button_one_text_size=&raquo;16px&raquo; button_one_text_color=&raquo;#000000&#8243; button_one_bg_color=&raquo;#ffd362&#8243; button_one_border_width=&raquo;2px&raquo; button_one_border_color=&raquo;#ffd362&#8243; button_one_border_radius=&raquo;20px&raquo; button_one_letter_spacing=&raquo;0px&raquo; button_one_font=&raquo;Work Sans|500|||||||&raquo; button_one_icon=&raquo;&#x35;||divi||400&#8243; button_one_on_hover=&raquo;off&raquo; button_one_custom_padding=&raquo;|50px||40px|false|false&raquo; button_one_custom_padding_tablet=&raquo;&raquo; button_one_custom_padding_phone=&raquo;|60px||40px|false|false&raquo; button_one_custom_padding_last_edited=&raquo;on|phone&raquo; custom_button_two=&raquo;on&raquo; button_two_text_size=&raquo;16px&raquo; button_two_text_color=&raquo;#000000&#8243; button_two_border_width=&raquo;2px&raquo; button_two_border_color=&raquo;#000000&#8243; button_two_border_radius=&raquo;20px&raquo; button_two_letter_spacing=&raquo;0px&raquo; button_two_font=&raquo;Work Sans|500|||||||&raquo; button_two_icon=&raquo;&#x35;||divi||400&#8243; button_two_on_hover=&raquo;off&raquo; button_two_custom_margin=&raquo;||||false|false&raquo; button_two_custom_margin_tablet=&raquo;&raquo; button_two_custom_margin_phone=&raquo;|||0px|false|false&raquo; button_two_custom_margin_last_edited=&raquo;on|phone&raquo; button_two_custom_padding=&raquo;|50px||40px|false|false&raquo; custom_margin=&raquo;35px||35px|||&raquo; global_colors_info=&raquo;{}&raquo; button_two_bg_color__hover_enabled=&raquo;on|hover&raquo; button_two_bg_color__hover=&raquo;#091B26&#8243; button_two_bg_enable_color__hover=&raquo;on&raquo; button_one_bg_color__hover=&raquo;#ffd362&#8243; button_one_bg_color__hover_enabled=&raquo;on|hover&raquo; button_two_text_color__hover_enabled=&raquo;on|hover&raquo; button_two_text_color__hover=&raquo;#FFFFFF&raquo;][\/dsm_button][\/et_pb_column][et_pb_column type=&raquo;2_5&#8243; _builder_version=&raquo;4.19.4&#8243; _module_preset=&raquo;default&raquo; global_colors_info=&raquo;{}&raquo;][dsm_faq dsm_accordion_gap=&raquo;16px&raquo; dsm_open_faq_item=&raquo;on&raquo; dsm_open_toggle_margin=&raquo;||||false|false&raquo; dsm_close_bg_color=&raquo;#ffffff&raquo; dsm_open_font_icon=&raquo;&#xf106;||fa||900&#8243; dsm_close_font_icon=&raquo;&#xf107;||fa||900&#8243; dsm_close_icon_margin=&raquo;||||false|false&raquo; dsm_animate_icon=&raquo;on&raquo; dsm_icon_placement=&raquo;right&raquo; dsm_content_margin=&raquo;20px||||false|false&raquo; _builder_version=&raquo;4.23.1&#8243; _module_preset=&raquo;default&raquo; header_font=&raquo;|800|||||||&raquo; header_font_size=&raquo;25px&raquo; content_font=&raquo;|300|||||||&raquo; content_text_color=&raquo;#011420&#8243; content_font_size=&raquo;17px&raquo; header_font_size_tablet=&raquo;25px&raquo; header_font_size_phone=&raquo;21px&raquo; header_font_size_last_edited=&raquo;on|phone&raquo; closed_header_font_size_tablet=&raquo;&raquo; closed_header_font_size_phone=&raquo;21px&raquo; closed_header_font_size_last_edited=&raquo;on|phone&raquo; border_width_all_dsm_toggle_open_border=&raquo;1px&raquo; border_color_all_dsm_toggle_open_border=&raquo;#e8e8e8&#8243; border_width_all_dsm_toggle_closed_border=&raquo;1px&raquo; border_color_all_dsm_toggle_closed_border=&raquo;#e8e8e8&#8243; global_colors_info=&raquo;{}&raquo;][dsm_faq_child dsm_title=&raquo;Praktisk&raquo; dsm_content=&raquo;<\/p>\n<p><strong>Antall deltagere:<\/strong> 10 identiske b\u00e5ter<\/p>\n<p><strong>Antall per b\u00e5t:<\/strong> 5-8 pers ideelt, maks 10.<\/p>\n<p><strong>\u00c5rstid:<\/strong> Fra april til oktober<\/p>\n<p><strong>Varighet:<\/strong> Fra 3 timer til 2 dager, ogs\u00e5 nattseilas om \u00f8nskelig.<\/p>\n<p><strong>Annet:<\/strong> Seile tur eller regatta.<\/p>\n<p>Kan arrangeres p\u00e5 norsk og engelsk.<\/p>\n<p>&raquo; dsm_child_use_image=&raquo;on&raquo; dsm_open_child_image=&raquo;https:\/\/allonboard.no\/wp-content\/uploads\/2023\/01\/Informasjon.svg&raquo; dsm_open_image_width=&raquo;25px&raquo; dsm_open_image_margin=&raquo;|10px|||false|false&raquo; dsm_close_child_image=&raquo;https:\/\/allonboard.no\/wp-content\/uploads\/2023\/01\/Informasjon.svg&raquo; dsm_close_image_width=&raquo;25px&raquo; dsm_close_image_margin=&raquo;|10px|||false|false&raquo; dsm_open_icon_color=&raquo;#011420&#8243; _builder_version=&raquo;4.20.2&#8243; _module_preset=&raquo;default&raquo; header_item_font=&raquo;||||||||&raquo; header_item_text_color=&raquo;#011420&#8243; content_text_color=&raquo;#011420&#8243; content_line_height=&raquo;1.3em&raquo; custom_margin=&raquo;||||false|false&raquo; border_radii=&raquo;on|10px|10px|10px|10px&raquo; border_color_all=&raquo;#011420&#8243; global_colors_info=&raquo;{}&raquo; parentOrderClass=&raquo;dsm_faq_0&#8243;][\/dsm_faq_child][dsm_faq_child dsm_title=&raquo;Utstyr og sikkerhet&raquo; dsm_content=&raquo;<\/p>\n<p>Seildresser og vester til alle<\/p>\n<p>Vi har n\u00f8dvendig navigasjonsutstyr, VHF osv. ombord<\/p>\n<p>F\u00f8r avreise g\u00e5r vi gjennom sikkerhetsbrief og fordeler de ulike oppgavene ombord<\/p>\n<p>Vi har utarbeidet en egen HMS, som ogs\u00e5 er godkjent av Sj\u00f8fartsdirektoratet.<\/p>\n<p>F\u00f8lgeb\u00e5t anbefales n\u00e5r vi er flere enn 3 seilb\u00e5ter.<\/p>\n<p>&raquo; dsm_child_use_image=&raquo;on&raquo; dsm_open_child_image=&raquo;https:\/\/allonboard.no\/wp-content\/uploads\/2023\/01\/Sikkerhet.svg&raquo; dsm_open_image_width=&raquo;25px&raquo; dsm_open_image_margin=&raquo;|10px|||false|false&raquo; dsm_close_child_image=&raquo;https:\/\/allonboard.no\/wp-content\/uploads\/2023\/01\/Sikkerhet.svg&raquo; dsm_close_image_width=&raquo;25px&raquo; dsm_close_image_margin=&raquo;|10px|||false|false&raquo; dsm_open_icon_color=&raquo;#011420&#8243; _builder_version=&raquo;4.23.1&#8243; _module_preset=&raquo;default&raquo; header_item_font=&raquo;||||||||&raquo; header_item_text_color=&raquo;#011420&#8243; content_text_color=&raquo;#011420&#8243; content_line_height=&raquo;1.3em&raquo; custom_margin=&raquo;||||false|false&raquo; border_radii=&raquo;on|10px|10px|10px|10px&raquo; border_color_all=&raquo;#011420&#8243; global_colors_info=&raquo;{}&raquo; parentOrderClass=&raquo;dsm_faq_0&#8243;][\/dsm_faq_child][dsm_faq_child dsm_title=&raquo;Suksesskriterier&raquo; dsm_content=&raquo;<\/p>\n<p>Gode og engasjerte skippere<\/p>\n<p>Innbyr til full deltakelse, ogs\u00e5 for helt uerfarne gjester<\/p>\n<p>Like b\u00e5ter, like seil, ulikt mannskap og samarbeid<\/p>\n<p>Engasjerende og kanskje den aller beste arena for skikkelig teambuilding<\/p>\n<p>Mange synergier som kan trekkes direkte over i en jobbsammenheng<\/p>\n<p>&raquo; dsm_child_use_image=&raquo;on&raquo; dsm_open_child_image=&raquo;https:\/\/allonboard.no\/wp-content\/uploads\/2023\/01\/Suksess.svg&raquo; dsm_open_image_width=&raquo;25px&raquo; dsm_open_image_margin=&raquo;|10px|||false|false&raquo; dsm_close_child_image=&raquo;https:\/\/allonboard.no\/wp-content\/uploads\/2023\/01\/Suksess.svg&raquo; dsm_close_image_width=&raquo;25px&raquo; dsm_close_image_margin=&raquo;|10px|||false|false&raquo; dsm_open_icon_color=&raquo;#011420&#8243; _builder_version=&raquo;4.19.5&#8243; _module_preset=&raquo;default&raquo; header_item_font=&raquo;||||||||&raquo; header_item_text_color=&raquo;#011420&#8243; content_text_color=&raquo;#011420&#8243; content_line_height=&raquo;1.3em&raquo; custom_margin=&raquo;||||false|false&raquo; border_radii=&raquo;on|10px|10px|10px|10px&raquo; border_color_all=&raquo;#011420&#8243; global_colors_info=&raquo;{}&raquo; parentOrderClass=&raquo;dsm_faq_0&#8243;][\/dsm_faq_child][\/dsm_faq][et_pb_text _builder_version=&raquo;4.27.4&#8243; _module_preset=&raquo;default&raquo; text_font=&raquo;|300|||||||&raquo; text_text_color=&raquo;#000000&#8243; text_font_size=&raquo;20px&raquo; text_line_height=&raquo;1.2em&raquo; background_color=&raquo;#EDF4F6&#8243; custom_padding=&raquo;25px|25px|25px|25px|true|true&raquo; border_radii=&raquo;on|20px|20px|20px|20px&raquo; locked=&raquo;off&raquo; global_colors_info=&raquo;{}&raquo;]<\/p>\n<p><span><em><strong>\u00d8nsker du en komplett opplevelse? <\/strong><\/em>V\u00e5re erfarne planleggere tar h\u00e5nd om alt fra transport til overnatting og mat.<\/span><\/p>\n<p>[\/et_pb_text][\/et_pb_column][\/et_pb_row][et_pb_row _builder_version=&raquo;4.19.5&#8243; _module_preset=&raquo;default&raquo; custom_padding=&raquo;1px|||||&raquo; global_colors_info=&raquo;{}&raquo;][et_pb_column type=&raquo;4_4&#8243; _builder_version=&raquo;4.19.5&#8243; _module_preset=&raquo;default&raquo; global_colors_info=&raquo;{}&raquo;][dsm_masonry_gallery gallery_ids=&raquo;1767,1768,1769,1765,1766,1772,2848,2847,2845,2846,2843,2844,1764,2842,1773,2841,2840&#8243; columns=&raquo;4&#8243; gutter=&raquo;10&#8243; use_lightbox=&raquo;on&raquo; lightbox_title=&raquo;off&raquo; lightbox_caption=&raquo;off&raquo; use_zoom_on_hover=&raquo;on&raquo; columns_tablet=&raquo;4&#8243; columns_phone=&raquo;2&#8243; columns_last_edited=&raquo;on|phone&raquo; gutter_tablet=&raquo;10&#8243; gutter_phone=&raquo;5&#8243; gutter_last_edited=&raquo;on|desktop&raquo; _builder_version=&raquo;4.27.4&#8243; _module_preset=&raquo;default&raquo; border_radii_grid=&raquo;on|3px|3px|3px|3px&raquo; global_colors_info=&raquo;{}&raquo;][\/dsm_masonry_gallery][\/et_pb_column][\/et_pb_row][et_pb_row _builder_version=&raquo;4.20.4&#8243; _module_preset=&raquo;default&raquo; custom_margin=&raquo;0px||0px||true|false&raquo; custom_padding=&raquo;0px||0px||true|false&raquo; global_colors_info=&raquo;{}&raquo;][et_pb_column type=&raquo;4_4&#8243; _builder_version=&raquo;4.20.4&#8243; _module_preset=&raquo;default&raquo; global_colors_info=&raquo;{}&raquo;][et_pb_text _builder_version=&raquo;4.20.4&#8243; _module_preset=&raquo;default&raquo; text_text_color=&raquo;#FFFFFF&raquo; text_font_size=&raquo;1px&raquo; link_text_color=&raquo;#FFFFFF&raquo; global_colors_info=&raquo;{}&raquo;]<\/p>\n<p>F\u00f8lg oss p\u00e5 <a href=\"https:\/\/www.facebook.com\/allonboard\/\" target=\"_blank\" rel=\"noopener\">Facebook<\/a><\/p>\n<p>[\/et_pb_text][\/et_pb_column][\/et_pb_row][\/et_pb_section]<\/p>\n","protected":false},"excerpt":{"rendered":"<p>SeilingSeiling, regatta eller en rolig tur p\u00e5 sj\u00f8en.10 b\u00e5ter, maks 10 perFra 3 timer til 2 dagerApril &#8211; oktoberSeiling er ypperlig egnet for teambuilding. Vi disponerer en fl\u00e5te med raske og morsomme havseilere p\u00e5 40-50 fot, som egner seg for 8 &#8211; 10 personer i hver b\u00e5t. V\u00e5re erfarne skippere tar deltagerne med inn i seilingens verden, hvor taktikk, strategi, seiltrim og effektivt teamarbeid testes og l\u00e6res.Etter en rask sikkerhetsgjennomgang, introduksjon av b\u00e5tene og p\u00e5kledning av sikkerhetsutstyr, setter vi seil og konkurrerer mot hverandre. Vi ser an vind og tilpasser intensiteten og antall regattaer etter gjestenes \u00f8nsker. Seilopplevelsen kan gjerne avsluttes med en god lunsj eller middag p\u00e5 hotellet, og selvf\u00f8lgelig en h\u00f8ytidelig premieutdeling. Vi stiller med flytedresser og redningsutstyr som passer godt utenp\u00e5 vanlige fritidskl\u00e6r. Vi ordner ogs\u00e5 servering av mat og drikke ombord, f\u00f8lgeb\u00e5t ved st\u00f8rre arrangement og premiering etter n\u00e6rmere avtale. \u00c5 f\u00e5 b\u00e5ten til \u00e5 seile fort og raskt, har mange synergier direkte over til \u00abbusinessverden\u00bb. Kommunikasjon, oppgavefordeling, og samarbeid er essensen i begge deler.<div class=\"et_pb_module dsm_button dsm_button_0 et_pb_bg_layout_light\">\n\t\t\t\t\n\t\t\t\t\n\t\t\t\t\n\t\t\t\t\n\t\t\t\t\n\t\t\t\t\n\t\t\t\t<div class=\"et_pb_module_inner\">\n\t\t\t\t\t<div class=\"et_pb_button_module_wrappers dsm_button_0_wrapper  et_pb_module\">\n\t\t\t\t<a class=\"et_pb_button et_pb_button_one et_pb_bg_layout_light dsm-none\"  href=\"http:\/\/&raquo;&raquo;\" data-dsm-lightbox-id=\"dsm_button_one_lightbox dsm_button_0\"><span>&raquo;Kontakt<\/span><\/a><a class=\"et_pb_button et_pb_button_two et_pb_bg_layout_light dsm-none\"  data-dsm-lightbox-id=\"dsm_button_two_lightbox dsm_button_0\"><span>&raquo;Last<\/span><\/a>\n\t\t\t<\/div>\n\t\t\t\t<\/div>\n\t\t\t<\/div><\/p>","protected":false},"author":1,"featured_media":0,"parent":21,"menu_order":0,"comment_status":"closed","ping_status":"closed","template":"","meta":{"_et_pb_use_builder":"on","_et_pb_old_content":"","_et_gb_content_width":"","footnotes":""},"class_list":["post-668","page","type-page","status-publish","hentry"],"_links":{"self":[{"href":"https:\/\/allonboard.no\/en\/wp-json\/wp\/v2\/pages\/668","targetHints":{"allow":["GET"]}}],"collection":[{"href":"https:\/\/allonboard.no\/en\/wp-json\/wp\/v2\/pages"}],"about":[{"href":"https:\/\/allonboard.no\/en\/wp-json\/wp\/v2\/types\/page"}],"author":[{"embeddable":true,"href":"https:\/\/allonboard.no\/en\/wp-json\/wp\/v2\/users\/1"}],"replies":[{"embeddable":true,"href":"https:\/\/allonboard.no\/en\/wp-json\/wp\/v2\/comments?post=668"}],"version-history":[{"count":19,"href":"https:\/\/allonboard.no\/en\/wp-json\/wp\/v2\/pages\/668\/revisions"}],"predecessor-version":[{"id":3190,"href":"https:\/\/allonboard.no\/en\/wp-json\/wp\/v2\/pages\/668\/revisions\/3190"}],"up":[{"embeddable":true,"href":"https:\/\/allonboard.no\/en\/wp-json\/wp\/v2\/pages\/21"}],"wp:attachment":[{"href":"https:\/\/allonboard.no\/en\/wp-json\/wp\/v2\/media?parent=668"}],"curies":[{"name":"wp","href":"https:\/\/api.w.org\/{rel}","templated":true}]}}