{"id":662,"date":"2023-02-15T11:48:17","date_gmt":"2023-02-15T10:48:17","guid":{"rendered":"http:\/\/allonboard.no\/?page_id=662"},"modified":"2026-03-31T16:14:19","modified_gmt":"2026-03-31T14:14:19","slug":"film-award","status":"publish","type":"page","link":"https:\/\/allonboard.no\/en\/aktiviteter\/film-award\/","title":{"rendered":"Film Award"},"content":{"rendered":"<p>[et_pb_section fb_built=&raquo;1&#8243; _builder_version=&raquo;4.19.5&#8243; _module_preset=&raquo;default&raquo; use_background_color_gradient=&raquo;on&raquo; background_color_gradient_stops=&raquo;rgba(1,20,32,0) 0%|rgba(1,20,32,0) 5%|#011420 100%&raquo; background_color_gradient_overlays_image=&raquo;on&raquo; background_image=&raquo;https:\/\/allonboard.no\/wp-content\/uploads\/2023\/02\/Filmcrew-scaled.jpeg&raquo; custom_padding=&raquo;170px||29px||false|&raquo; global_colors_info=&raquo;{}&raquo;][et_pb_row _builder_version=&raquo;4.19.4&#8243; _module_preset=&raquo;default&raquo; custom_margin=&raquo;|auto|60px|auto||&raquo; global_colors_info=&raquo;{}&raquo;][et_pb_column type=&raquo;4_4&#8243; _builder_version=&raquo;4.19.4&#8243; _module_preset=&raquo;default&raquo; global_colors_info=&raquo;{}&raquo;][et_pb_text _builder_version=&raquo;4.20.0&#8243; _module_preset=&raquo;default&raquo; text_font=&raquo;|300|||||||&raquo; text_text_color=&raquo;#FFFFFF&raquo; text_font_size=&raquo;23px&raquo; text_line_height=&raquo;1.1em&raquo; header_font=&raquo;|800|||||||&raquo; header_text_color=&raquo;#FFFFFF&raquo; header_font_size=&raquo;61px&raquo; custom_margin=&raquo;||11px|||&raquo; header_font_size_tablet=&raquo;61px&raquo; header_font_size_phone=&raquo;45px&raquo; header_font_size_last_edited=&raquo;on|phone&raquo; global_colors_info=&raquo;{}&raquo;]<\/p>\n<h1>Film award<\/h1>\n<p>[\/et_pb_text][et_pb_text _builder_version=&raquo;4.23.1&#8243; _module_preset=&raquo;default&raquo; text_font=&raquo;|300|||||||&raquo; text_text_color=&raquo;#FFFFFF&raquo; text_font_size=&raquo;23px&raquo; text_line_height=&raquo;1.1em&raquo; header_2_font=&raquo;|300|||||||&raquo; header_2_text_color=&raquo;#FFFFFF&raquo; header_2_font_size=&raquo;23px&raquo; header_2_line_height=&raquo;1.1em&raquo; text_font_size_tablet=&raquo;23px&raquo; text_font_size_phone=&raquo;22px&raquo; text_font_size_last_edited=&raquo;on|desktop&raquo; header_2_font_size_tablet=&raquo;23px&raquo; header_2_font_size_phone=&raquo;22px&raquo; header_2_font_size_last_edited=&raquo;on|phone&raquo; global_colors_info=&raquo;{}&raquo;]<\/p>\n<h2>Her kan alle realisere barndomsdr\u00f8mmen, \u00e5 v\u00e6re skuespiller for en dag.<\/h2>\n<p>[\/et_pb_text][\/et_pb_column][\/et_pb_row][et_pb_row column_structure=&raquo;1_4,1_4,1_4,1_4&#8243; use_custom_gutter=&raquo;on&raquo; gutter_width=&raquo;2&#8243; _builder_version=&raquo;4.19.4&#8243; _module_preset=&raquo;default&raquo; global_colors_info=&raquo;{}&raquo;][et_pb_column type=&raquo;1_4&#8243; _builder_version=&raquo;4.19.4&#8243; _module_preset=&raquo;default&raquo; global_colors_info=&raquo;{}&raquo;][et_pb_blurb title=&raquo;Antall deltagere&raquo; image=&raquo;https:\/\/allonboard.no\/wp-content\/uploads\/2023\/01\/Antall.svg&raquo; icon_placement=&raquo;left&raquo; image_icon_width=&raquo;100%&raquo; _builder_version=&raquo;4.19.5&#8243; _module_preset=&raquo;default&raquo; header_font=&raquo;|800|||||||&raquo; header_text_color=&raquo;#FFFFFF&raquo; body_font=&raquo;|300|||||||&raquo; body_text_color=&raquo;#FFFFFF&raquo; body_font_size=&raquo;17px&raquo; image_icon_custom_margin=&raquo;|30px|||false|false&raquo; image_icon_custom_padding=&raquo;|0px|||false|false&raquo; animation=&raquo;off&raquo; custom_css_blurb_image=&raquo;vertical-align: middle;||&raquo; custom_css_blurb_title=&raquo;padding-bottom: 1px&raquo; global_colors_info=&raquo;{}&raquo;]<\/p>\n<p>10 &#8211; 40 pers<\/p>\n<p>[\/et_pb_blurb][\/et_pb_column][et_pb_column type=&raquo;1_4&#8243; _builder_version=&raquo;4.19.4&#8243; _module_preset=&raquo;default&raquo; global_colors_info=&raquo;{}&raquo;][et_pb_blurb title=&raquo;Tidsbruk&raquo; image=&raquo;https:\/\/allonboard.no\/wp-content\/uploads\/2023\/01\/Tidsbruk.svg&raquo; icon_placement=&raquo;left&raquo; image_icon_width=&raquo;100%&raquo; _builder_version=&raquo;4.19.5&#8243; _module_preset=&raquo;default&raquo; header_font=&raquo;|800|||||||&raquo; header_text_color=&raquo;#FFFFFF&raquo; body_font=&raquo;|300|||||||&raquo; body_text_color=&raquo;#FFFFFF&raquo; body_font_size=&raquo;17px&raquo; image_icon_custom_margin=&raquo;|30px|||false|false&raquo; image_icon_custom_padding=&raquo;|0px|||false|false&raquo; animation=&raquo;off&raquo; custom_css_blurb_image=&raquo;vertical-align: middle;||&raquo; custom_css_blurb_title=&raquo;padding-bottom: 1px&raquo; global_colors_info=&raquo;{}&raquo;]<\/p>\n<p>3 &#8211; 4 timer<\/p>\n<p>[\/et_pb_blurb][\/et_pb_column][et_pb_column type=&raquo;1_4&#8243; _builder_version=&raquo;4.19.4&#8243; _module_preset=&raquo;default&raquo; global_colors_info=&raquo;{}&raquo;][et_pb_blurb title=&raquo;\u00c5rstid&raquo; image=&raquo;https:\/\/allonboard.no\/wp-content\/uploads\/2023\/01\/Arstid.svg&raquo; icon_placement=&raquo;left&raquo; image_icon_width=&raquo;100%&raquo; _builder_version=&raquo;4.19.4&#8243; _module_preset=&raquo;default&raquo; header_font=&raquo;|800|||||||&raquo; header_text_color=&raquo;#FFFFFF&raquo; body_font=&raquo;|300|||||||&raquo; body_text_color=&raquo;#FFFFFF&raquo; body_font_size=&raquo;17px&raquo; image_icon_custom_margin=&raquo;|30px|||false|false&raquo; image_icon_custom_padding=&raquo;|0px|||false|false&raquo; animation=&raquo;off&raquo; custom_css_blurb_image=&raquo;vertical-align: middle;||&raquo; custom_css_blurb_title=&raquo;padding-bottom: 1px&raquo; global_colors_info=&raquo;{}&raquo;]<\/p>\n<p>Hel\u00e5rs<\/p>\n<p>[\/et_pb_blurb][\/et_pb_column][et_pb_column type=&raquo;1_4&#8243; _builder_version=&raquo;4.19.4&#8243; _module_preset=&raquo;default&raquo; global_colors_info=&raquo;{}&raquo;][\/et_pb_column][\/et_pb_row][\/et_pb_section][et_pb_section fb_built=&raquo;1&#8243; custom_padding_last_edited=&raquo;on|phone&raquo; _builder_version=&raquo;4.19.4&#8243; _module_preset=&raquo;default&raquo; custom_padding=&raquo;70px||70px||true|&raquo; custom_padding_tablet=&raquo;70px||70px||true|&raquo; custom_padding_phone=&raquo;30px||30px||true|false&raquo; global_colors_info=&raquo;{}&raquo;][et_pb_row column_structure=&raquo;3_5,2_5&#8243; module_class=&raquo;pa-inline-buttons&raquo; _builder_version=&raquo;4.19.4&#8243; _module_preset=&raquo;default&raquo; custom_margin=&raquo;|auto|40px|auto||&raquo; global_colors_info=&raquo;{}&raquo;][et_pb_column type=&raquo;3_5&#8243; _builder_version=&raquo;4.19.4&#8243; _module_preset=&raquo;default&raquo; global_colors_info=&raquo;{}&raquo;][et_pb_text _builder_version=&raquo;4.19.5&#8243; _module_preset=&raquo;default&raquo; text_font=&raquo;|800|||||||&raquo; text_text_color=&raquo;#011420&#8243; text_font_size=&raquo;26px&raquo; text_line_height=&raquo;1.2em&raquo; text_font_size_tablet=&raquo;26px&raquo; text_font_size_phone=&raquo;21px&raquo; text_font_size_last_edited=&raquo;on|phone&raquo; global_colors_info=&raquo;{}&raquo;]<\/p>\n<p>28. Desember 1895 ble verdens den f\u00f8rste offentlige filmvisningen gjennomf\u00f8rt i Paris. Deretter har film og skuespill utviklet seg til \u00e5 bli det vi ser p\u00e5 TV i dag.\u00a0<\/p>\n<p>[\/et_pb_text][et_pb_text _builder_version=&raquo;4.19.5&#8243; _module_preset=&raquo;default&raquo; text_font=&raquo;|300|||||||&raquo; text_text_color=&raquo;#011420&#8243; text_font_size=&raquo;23px&raquo; text_line_height=&raquo;1.2em&raquo; custom_margin=&raquo;||19px|||&raquo; text_font_size_tablet=&raquo;23px&raquo; text_font_size_phone=&raquo;19px&raquo; text_font_size_last_edited=&raquo;on|phone&raquo; global_colors_info=&raquo;{}&raquo;]<\/p>\n<p>De fleste av oss satt foran tven i oppveksten og tenkte at vi en vakker dag selv skulle havne p\u00e5 skjermen, og n\u00e5 skal vi gi dere muligheten til \u00e5 realisere denne dr\u00f8mmen.<\/p>\n<p>Her kan alle realisere barndomsdr\u00f8mmen, \u00e5 v\u00e6re skuespiller for en dag. I grupper p\u00e5 6-8 personer skal dere planlegge, regissere og filme deres egne kortfilm. Hvem blir kameramann, hvem er kostymeansvarlig og hvem skal fylle de ulike rollene i filmen? Vi stiller med kamera, rekvisitter og alt n\u00f8dvendig utstyr. Alt dere trenger er kreativiteten og det gode hum\u00f8ret.<\/p>\n<p>Reklamefilm, komedie, action? Dere er med p\u00e5 \u00e5 bestemme tema p\u00e5 forh\u00e5nd. Mens dere g\u00e5r til middag redigerer vi filmene etter deres \u00f8nske. Etter desserten er det filmvisning og premieutdeling. Kveldsunderholdningen er med andre ord sikret.<\/p>\n<p><strong>\u00d8nsker dere den siste prikken over i-en?<\/strong><br \/>\u00d8nsker dere \u00e5 skape deres egne Oscar-utdeling stiller vi med n\u00f8dvendig utstyr.\u00a0 Beste mannlige\/kvinnelige skuespiller, beste actionscene, beste manus, eller deres egne \u00f8nsker om k\u00e5ringer. Vi stiller med Oscar-statuetter, konfetti og prisutdelerne stiller selvf\u00f8lgelig i smoking.<\/p>\n<p>[\/et_pb_text][dsm_button button_one_text=&raquo;Kontakt oss&raquo; button_one_url=&raquo;https:\/\/allonboard.no\/aktiviteter\/#book&raquo; button_two_text=&raquo;Last ned PDF&raquo; button_two_url=&raquo;https:\/\/allonboard.no\/wp-content\/uploads\/2025\/11\/Filmaward.pdf&raquo; button_two_url_new_window=&raquo;on&raquo; button_one_icon_hover_animation=&raquo;dsm-icon-forward&raquo; button_two_icon_hover_animation=&raquo;dsm-icon-forward&raquo; _builder_version=&raquo;4.27.4&#8243; _module_preset=&raquo;default&raquo; custom_button_one=&raquo;on&raquo; button_one_text_size=&raquo;16px&raquo; button_one_text_color=&raquo;#000000&#8243; button_one_bg_color=&raquo;#ffd362&#8243; button_one_border_width=&raquo;2px&raquo; button_one_border_color=&raquo;#ffd362&#8243; button_one_border_radius=&raquo;20px&raquo; button_one_letter_spacing=&raquo;0px&raquo; button_one_font=&raquo;Work Sans|500|||||||&raquo; button_one_icon=&raquo;&#x35;||divi||400&#8243; button_one_on_hover=&raquo;off&raquo; button_one_custom_padding=&raquo;|50px||40px|false|false&raquo; button_one_custom_padding_tablet=&raquo;&raquo; button_one_custom_padding_phone=&raquo;|60px||40px|false|false&raquo; button_one_custom_padding_last_edited=&raquo;on|phone&raquo; custom_button_two=&raquo;on&raquo; button_two_text_size=&raquo;16px&raquo; button_two_text_color=&raquo;#000000&#8243; button_two_border_width=&raquo;2px&raquo; button_two_border_color=&raquo;#000000&#8243; button_two_border_radius=&raquo;20px&raquo; button_two_letter_spacing=&raquo;0px&raquo; button_two_font=&raquo;Work Sans|500|||||||&raquo; button_two_icon=&raquo;&#x35;||divi||400&#8243; button_two_on_hover=&raquo;off&raquo; button_two_custom_margin=&raquo;||||false|false&raquo; button_two_custom_margin_tablet=&raquo;&raquo; button_two_custom_margin_phone=&raquo;|||0px|false|false&raquo; button_two_custom_margin_last_edited=&raquo;on|phone&raquo; button_two_custom_padding=&raquo;|50px||40px|false|false&raquo; custom_margin=&raquo;35px||35px|||&raquo; hover_enabled=&raquo;0&#8243; global_colors_info=&raquo;{}&raquo; button_two_bg_color__hover_enabled=&raquo;on|hover&raquo; button_two_bg_color__hover=&raquo;#091B26&#8243; button_two_bg_enable_color__hover=&raquo;on&raquo; button_one_bg_color__hover=&raquo;#ffd362&#8243; button_one_bg_color__hover_enabled=&raquo;on|hover&raquo; button_two_text_color__hover_enabled=&raquo;on|hover&raquo; button_two_text_color__hover=&raquo;#FFFFFF&raquo; sticky_enabled=&raquo;0&#8243;][\/dsm_button][\/et_pb_column][et_pb_column type=&raquo;2_5&#8243; _builder_version=&raquo;4.19.4&#8243; _module_preset=&raquo;default&raquo; global_colors_info=&raquo;{}&raquo;][dsm_faq dsm_accordion_gap=&raquo;16px&raquo; dsm_open_faq_item=&raquo;on&raquo; dsm_open_toggle_margin=&raquo;||||false|false&raquo; dsm_close_bg_color=&raquo;#ffffff&raquo; dsm_open_font_icon=&raquo;&#xf106;||fa||900&#8243; dsm_close_font_icon=&raquo;&#xf107;||fa||900&#8243; dsm_close_icon_margin=&raquo;||||false|false&raquo; dsm_animate_icon=&raquo;on&raquo; dsm_icon_placement=&raquo;right&raquo; dsm_content_margin=&raquo;20px||||false|false&raquo; _builder_version=&raquo;4.20.2&#8243; _module_preset=&raquo;default&raquo; header_font=&raquo;|800|||||||&raquo; header_font_size=&raquo;25px&raquo; content_font=&raquo;|300|||||||&raquo; content_text_color=&raquo;#011420&#8243; content_font_size=&raquo;17px&raquo; header_font_size_tablet=&raquo;25px&raquo; header_font_size_phone=&raquo;21px&raquo; header_font_size_last_edited=&raquo;on|phone&raquo; closed_header_font_size_tablet=&raquo;&raquo; closed_header_font_size_phone=&raquo;21px&raquo; closed_header_font_size_last_edited=&raquo;on|phone&raquo; border_width_all_dsm_toggle_open_border=&raquo;1px&raquo; border_color_all_dsm_toggle_open_border=&raquo;#e8e8e8&#8243; border_width_all_dsm_toggle_closed_border=&raquo;1px&raquo; border_color_all_dsm_toggle_closed_border=&raquo;#e8e8e8&#8243; global_colors_info=&raquo;{}&raquo;][dsm_faq_child dsm_title=&raquo;Praktisk&raquo; dsm_content=&raquo;<\/p>\n<p><strong>Antall deltagere:<\/strong> 10-40 pers<\/p>\n<p><strong>Antall per gruppe:<\/strong> 5-10 pers<\/p>\n<p><strong>\u00c5rstid:<\/strong> Hel\u00e5rs<\/p>\n<p><strong>Varighet:<\/strong> 3-4 timer<\/p>\n<p><strong>Annet:<\/strong> Vi st\u00e5r for redigering og effekter, og hjelp til hvordan filmen kan bygges opp.<\/p>\n<p>Kan arrangeres p\u00e5 norsk og engelsk.<\/p>\n<p>&raquo; dsm_child_use_image=&raquo;on&raquo; dsm_open_child_image=&raquo;https:\/\/allonboard.no\/wp-content\/uploads\/2023\/01\/Informasjon.svg&raquo; dsm_open_image_width=&raquo;25px&raquo; dsm_open_image_margin=&raquo;|10px|||false|false&raquo; dsm_close_child_image=&raquo;https:\/\/allonboard.no\/wp-content\/uploads\/2023\/01\/Informasjon.svg&raquo; dsm_close_image_width=&raquo;25px&raquo; dsm_close_image_margin=&raquo;|10px|||false|false&raquo; dsm_open_icon_color=&raquo;#011420&#8243; _builder_version=&raquo;4.20.2&#8243; _module_preset=&raquo;default&raquo; header_item_font=&raquo;||||||||&raquo; header_item_text_color=&raquo;#011420&#8243; content_text_color=&raquo;#011420&#8243; content_line_height=&raquo;1.3em&raquo; custom_margin=&raquo;||||false|false&raquo; border_radii=&raquo;on|10px|10px|10px|10px&raquo; border_color_all=&raquo;#011420&#8243; global_colors_info=&raquo;{}&raquo; parentOrderClass=&raquo;dsm_faq_0&#8243;][\/dsm_faq_child][dsm_faq_child dsm_title=&raquo;Utstyr og sikkerhet&raquo; dsm_content=&raquo;<\/p>\n<p>Digitale videokamera<\/p>\n<p>Rekvisitter av ulike slag<\/p>\n<p>&raquo; dsm_child_use_image=&raquo;on&raquo; dsm_open_child_image=&raquo;https:\/\/allonboard.no\/wp-content\/uploads\/2023\/01\/Sikkerhet.svg&raquo; dsm_open_image_width=&raquo;25px&raquo; dsm_open_image_margin=&raquo;|10px|||false|false&raquo; dsm_close_child_image=&raquo;https:\/\/allonboard.no\/wp-content\/uploads\/2023\/01\/Sikkerhet.svg&raquo; dsm_close_image_width=&raquo;25px&raquo; dsm_close_image_margin=&raquo;|10px|||false|false&raquo; dsm_open_icon_color=&raquo;#011420&#8243; _builder_version=&raquo;4.19.5&#8243; _module_preset=&raquo;default&raquo; header_item_font=&raquo;||||||||&raquo; header_item_text_color=&raquo;#011420&#8243; content_text_color=&raquo;#011420&#8243; content_line_height=&raquo;1.3em&raquo; custom_margin=&raquo;||||false|false&raquo; border_radii=&raquo;on|10px|10px|10px|10px&raquo; border_color_all=&raquo;#011420&#8243; global_colors_info=&raquo;{}&raquo; parentOrderClass=&raquo;dsm_faq_0&#8243;][\/dsm_faq_child][dsm_faq_child dsm_title=&raquo;Suksesskriterier&raquo; dsm_content=&raquo;<\/p>\n<p>V\u00e5r suksesskriterier ligger i \u00e5 engasjere deltakerne p\u00e5 forskjellige m\u00e5ter, hvor samarbeid, kreativitet og utfoldelse er viktige.<\/p>\n<p>Denne oppgaven krever at b\u00e5de \u201dtenkerne og doerne\u201d samarbeider godt.<\/p>\n<p>&raquo; dsm_child_use_image=&raquo;on&raquo; dsm_open_child_image=&raquo;https:\/\/allonboard.no\/wp-content\/uploads\/2023\/01\/Suksess.svg&raquo; dsm_open_image_width=&raquo;25px&raquo; dsm_open_image_margin=&raquo;|10px|||false|false&raquo; dsm_close_child_image=&raquo;https:\/\/allonboard.no\/wp-content\/uploads\/2023\/01\/Suksess.svg&raquo; dsm_close_image_width=&raquo;25px&raquo; dsm_close_image_margin=&raquo;|10px|||false|false&raquo; dsm_open_icon_color=&raquo;#011420&#8243; _builder_version=&raquo;4.20.0&#8243; _module_preset=&raquo;default&raquo; header_item_font=&raquo;||||||||&raquo; header_item_text_color=&raquo;#011420&#8243; content_text_color=&raquo;#011420&#8243; content_line_height=&raquo;1.3em&raquo; custom_margin=&raquo;||||false|false&raquo; border_radii=&raquo;on|10px|10px|10px|10px&raquo; border_color_all=&raquo;#011420&#8243; global_colors_info=&raquo;{}&raquo; parentOrderClass=&raquo;dsm_faq_0&#8243;][\/dsm_faq_child][\/dsm_faq][et_pb_text _builder_version=&raquo;4.27.4&#8243; _module_preset=&raquo;default&raquo; text_font=&raquo;|300|||||||&raquo; text_text_color=&raquo;#000000&#8243; text_font_size=&raquo;20px&raquo; text_line_height=&raquo;1.2em&raquo; background_color=&raquo;#EDF4F6&#8243; custom_padding=&raquo;25px|25px|25px|25px|true|true&raquo; border_radii=&raquo;on|20px|20px|20px|20px&raquo; locked=&raquo;off&raquo; global_colors_info=&raquo;{}&raquo;]<\/p>\n<p><span><em><strong>\u00d8nsker du en komplett opplevelse? <\/strong><\/em>V\u00e5re erfarne planleggere tar h\u00e5nd om alt fra transport til overnatting og mat.<\/span><\/p>\n<p>[\/et_pb_text][\/et_pb_column][\/et_pb_row][et_pb_row _builder_version=&raquo;4.20.4&#8243; _module_preset=&raquo;default&raquo; custom_margin=&raquo;0px||0px||true|false&raquo; custom_padding=&raquo;0px||0px||true|false&raquo; global_colors_info=&raquo;{}&raquo;][et_pb_column type=&raquo;4_4&#8243; _builder_version=&raquo;4.20.4&#8243; _module_preset=&raquo;default&raquo; global_colors_info=&raquo;{}&raquo;][et_pb_text _builder_version=&raquo;4.20.4&#8243; _module_preset=&raquo;default&raquo; text_text_color=&raquo;#FFFFFF&raquo; text_font_size=&raquo;1px&raquo; link_text_color=&raquo;#FFFFFF&raquo; global_colors_info=&raquo;{}&raquo;]<\/p>\n<p>F\u00f8lg oss p\u00e5 <a href=\"https:\/\/www.facebook.com\/allonboard\/\" target=\"_blank\" rel=\"noopener\">Facebook<\/a><\/p>\n<p>[\/et_pb_text][\/et_pb_column][\/et_pb_row][\/et_pb_section]<\/p>\n","protected":false},"excerpt":{"rendered":"<p>Film awardHer kan alle realisere barndomsdr\u00f8mmen, \u00e5 v\u00e6re skuespiller for en dag.10 &#8211; 40 pers3 &#8211; 4 timerHel\u00e5rs28. Desember 1895 ble verdens den f\u00f8rste offentlige filmvisningen gjennomf\u00f8rt i Paris. Deretter har film og skuespill utviklet seg til \u00e5 bli det vi ser p\u00e5 TV i dag.\u00a0De fleste av oss satt foran tven i oppveksten og tenkte at vi en vakker dag selv skulle havne p\u00e5 skjermen, og n\u00e5 skal vi gi dere muligheten til \u00e5 realisere denne dr\u00f8mmen. Her kan alle realisere barndomsdr\u00f8mmen, \u00e5 v\u00e6re skuespiller for en dag. I grupper p\u00e5 6-8 personer skal dere planlegge, regissere og filme deres egne kortfilm. Hvem blir kameramann, hvem er kostymeansvarlig og hvem skal fylle de ulike rollene i filmen? Vi stiller med kamera, rekvisitter og alt n\u00f8dvendig utstyr. Alt dere trenger er kreativiteten og det gode hum\u00f8ret. Reklamefilm, komedie, action? Dere er med p\u00e5 \u00e5 bestemme tema p\u00e5 forh\u00e5nd. Mens dere g\u00e5r til middag redigerer vi filmene etter deres \u00f8nske. Etter desserten er det filmvisning og premieutdeling. Kveldsunderholdningen er med andre ord sikret. \u00d8nsker dere den siste prikken over i-en?\u00d8nsker dere \u00e5 skape deres egne Oscar-utdeling stiller vi med n\u00f8dvendig utstyr.\u00a0 Beste mannlige\/kvinnelige skuespiller, beste actionscene, beste manus, eller deres egne [&hellip;]<\/p>\n","protected":false},"author":1,"featured_media":0,"parent":21,"menu_order":0,"comment_status":"closed","ping_status":"closed","template":"","meta":{"_et_pb_use_builder":"on","_et_pb_old_content":"","_et_gb_content_width":"","footnotes":""},"class_list":["post-662","page","type-page","status-publish","hentry"],"_links":{"self":[{"href":"https:\/\/allonboard.no\/en\/wp-json\/wp\/v2\/pages\/662","targetHints":{"allow":["GET"]}}],"collection":[{"href":"https:\/\/allonboard.no\/en\/wp-json\/wp\/v2\/pages"}],"about":[{"href":"https:\/\/allonboard.no\/en\/wp-json\/wp\/v2\/types\/page"}],"author":[{"embeddable":true,"href":"https:\/\/allonboard.no\/en\/wp-json\/wp\/v2\/users\/1"}],"replies":[{"embeddable":true,"href":"https:\/\/allonboard.no\/en\/wp-json\/wp\/v2\/comments?post=662"}],"version-history":[{"count":18,"href":"https:\/\/allonboard.no\/en\/wp-json\/wp\/v2\/pages\/662\/revisions"}],"predecessor-version":[{"id":3201,"href":"https:\/\/allonboard.no\/en\/wp-json\/wp\/v2\/pages\/662\/revisions\/3201"}],"up":[{"embeddable":true,"href":"https:\/\/allonboard.no\/en\/wp-json\/wp\/v2\/pages\/21"}],"wp:attachment":[{"href":"https:\/\/allonboard.no\/en\/wp-json\/wp\/v2\/media?parent=662"}],"curies":[{"name":"wp","href":"https:\/\/api.w.org\/{rel}","templated":true}]}}