{"id":651,"date":"2023-02-15T10:31:28","date_gmt":"2023-02-15T09:31:28","guid":{"rendered":"http:\/\/allonboard.no\/?page_id=651"},"modified":"2026-03-31T15:39:35","modified_gmt":"2026-03-31T13:39:35","slug":"kontakt","status":"publish","type":"page","link":"https:\/\/allonboard.no\/en\/kontakt\/","title":{"rendered":"Kontakt"},"content":{"rendered":"<p>[et_pb_section fb_built=&raquo;1&#8243; custom_padding_last_edited=&raquo;on|phone&raquo; admin_label=&raquo;section&raquo; _builder_version=&raquo;4.27.4&#8243; background_color=&raquo;#091B26&#8243; use_background_color_gradient=&raquo;on&raquo; background_color_gradient_stops=&raquo;#091b26 60%|#ffffff 60%&raquo; custom_padding=&raquo;150px||39px||false|false&raquo; custom_padding_tablet=&raquo;150px||200px||false|false&raquo; custom_padding_phone=&raquo;100px||20px||false|false&raquo; hover_enabled=&raquo;0&#8243; background_last_edited=&raquo;on|phone&raquo; use_background_color_gradient_phone=&raquo;on&raquo; background_color_gradient_stops_phone=&raquo;#091b26 45%|#ffffff 45%&raquo; global_colors_info=&raquo;{}&raquo; sticky_enabled=&raquo;0&#8243;][et_pb_row column_structure=&raquo;1_2,1_2&#8243; _builder_version=&raquo;4.20.2&#8243; _module_preset=&raquo;default&raquo; global_colors_info=&raquo;{}&raquo;][et_pb_column type=&raquo;1_2&#8243; _builder_version=&raquo;4.20.2&#8243; _module_preset=&raquo;default&raquo; global_colors_info=&raquo;{}&raquo;][et_pb_text _builder_version=&raquo;4.20.2&#8243; _module_preset=&raquo;default&raquo; header_2_font=&raquo;Lato|300|||||||&raquo; header_2_text_color=&raquo;#FFFFFF&raquo; header_2_font_size=&raquo;20px&raquo; custom_margin=&raquo;||19px|||&raquo; header_2_font_size_tablet=&raquo;45px&raquo; header_2_font_size_phone=&raquo;15px&raquo; header_2_font_size_last_edited=&raquo;on|phone&raquo; global_colors_info=&raquo;{}&raquo;]<\/p>\n<h2>Kontakt oss<\/h2>\n<p>[\/et_pb_text][et_pb_text _builder_version=&raquo;4.21.0&#8243; _module_preset=&raquo;default&raquo; header_font=&raquo;Lato|300|||||||&raquo; header_text_color=&raquo;#FFFFFF&raquo; header_font_size=&raquo;53px&raquo; custom_margin=&raquo;||20px||false|false&raquo; animation_direction=&raquo;bottom&raquo; header_font_size_tablet=&raquo;59px&raquo; header_font_size_phone=&raquo;34px&raquo; header_font_size_last_edited=&raquo;on|phone&raquo; global_colors_info=&raquo;{}&raquo;]<\/p>\n<h1>Vi har v\u00e6rt leverand\u00f8r av gode opplevelser og minner <strong><em>siden 1999.<\/em><\/strong><\/h1>\n<p>[\/et_pb_text][et_pb_text _builder_version=&raquo;4.20.2&#8243; _module_preset=&raquo;default&raquo; text_font=&raquo;|300|||||||&raquo; text_text_color=&raquo;#FFFFFF&raquo; text_font_size=&raquo;19px&raquo; text_line_height=&raquo;1.4em&raquo; custom_margin=&raquo;||19px|||&raquo; text_font_size_tablet=&raquo;23px&raquo; text_font_size_phone=&raquo;14px&raquo; text_font_size_last_edited=&raquo;on|phone&raquo; global_colors_info=&raquo;{}&raquo;]<\/p>\n<p>Book din \u00f8nsket aktivitet eller send oss en e-post om du har sp\u00f8rsm\u00e5l, s\u00e5 skal vi s\u00f8rge for at dere f\u00e5r en opplevelse dere sent vil glemme.<\/p>\n<p>[\/et_pb_text][dsm_button button_one_text=&raquo;Send oss en e-post&raquo; button_one_url=&raquo;mailto:post@allonboard.no&raquo; button_two_text=&raquo;Ring oss&raquo; button_two_url=&raquo;tel: +4740106045&#8243; button_one_icon_hover_animation=&raquo;dsm-icon-forward&raquo; button_two_icon_hover_animation=&raquo;dsm-icon-forward&raquo; _builder_version=&raquo;4.27.4&#8243; _module_preset=&raquo;default&raquo; custom_button_one=&raquo;on&raquo; button_one_text_size=&raquo;15px&raquo; button_one_text_color=&raquo;#000000&#8243; button_one_bg_color=&raquo;#ffd362&#8243; button_one_border_width=&raquo;2px&raquo; button_one_border_color=&raquo;#ffd362&#8243; button_one_border_radius=&raquo;20px&raquo; button_one_letter_spacing=&raquo;0px&raquo; button_one_font=&raquo;Work Sans|500|||||||&raquo; button_one_icon=&raquo;&#x35;||divi||400&#8243; button_one_on_hover=&raquo;off&raquo; button_one_custom_margin=&raquo;|10px|||false|false&raquo; button_one_custom_padding=&raquo;|50px||40px|false|false&raquo; custom_button_two=&raquo;on&raquo; button_two_text_size=&raquo;15px&raquo; button_two_text_color=&raquo;#EDF4F6&#8243; button_two_border_width=&raquo;2px&raquo; button_two_border_color=&raquo;#EDF4F6&#8243; button_two_border_radius=&raquo;20px&raquo; button_two_letter_spacing=&raquo;0px&raquo; button_two_font=&raquo;Work Sans|500|||||||&raquo; button_two_icon=&raquo;&#x35;||divi||400&#8243; button_two_on_hover=&raquo;off&raquo; button_two_custom_margin_tablet=&raquo;&raquo; button_two_custom_margin_phone=&raquo;|||0px|false|false&raquo; button_two_custom_margin_last_edited=&raquo;on|phone&raquo; button_two_custom_padding=&raquo;|50px||40px|false|false&raquo; custom_margin=&raquo;35px||70px|||&raquo; custom_margin_tablet=&raquo;35px||145px|||&raquo; custom_margin_phone=&raquo;35px||40px||false|false&raquo; custom_margin_last_edited=&raquo;on|phone&raquo; global_colors_info=&raquo;{}&raquo; button_two_bg_color__hover_enabled=&raquo;on|hover&raquo; button_two_bg_color__hover=&raquo;#EDF4F6&#8243; button_two_bg_enable_color__hover=&raquo;on&raquo; button_one_bg_color__hover=&raquo;#ffd362&#8243; button_one_bg_color__hover_enabled=&raquo;on|hover&raquo; button_two_text_color__hover_enabled=&raquo;on|hover&raquo; button_two_text_color__hover=&raquo;#091B26&#8243;][\/dsm_button][et_pb_text disabled_on=&raquo;on|on|off&raquo; _builder_version=&raquo;4.20.2&#8243; _module_preset=&raquo;default&raquo; text_font=&raquo;|300|||||||&raquo; text_text_color=&raquo;#091B26&#8243; text_font_size=&raquo;19px&raquo; text_line_height=&raquo;1.4em&raquo; link_text_color=&raquo;#091B26&#8243; custom_margin=&raquo;||25px||false|false&raquo; text_font_size_tablet=&raquo;23px&raquo; text_font_size_phone=&raquo;14px&raquo; text_font_size_last_edited=&raquo;on|phone&raquo; global_colors_info=&raquo;{}&raquo;]<\/p>\n<p><strong>Du finner oss her:<\/strong><br \/><a href=\"https:\/\/goo.gl\/maps\/gJ6Sko5drGBAdjT5A\" target=\"_blank\" rel=\"noopener\"><span>Carl 15. gate 19, <\/span><span><\/span><span>3150 Tolvsr\u00f8d<\/span><\/a><\/p>\n<p>[\/et_pb_text][et_pb_text disabled_on=&raquo;on|on|off&raquo; _builder_version=&raquo;4.20.2&#8243; _module_preset=&raquo;default&raquo; text_font=&raquo;|300|||||||&raquo; text_text_color=&raquo;#091B26&#8243; text_font_size=&raquo;19px&raquo; text_line_height=&raquo;1.4em&raquo; link_text_color=&raquo;#091B26&#8243; custom_margin=&raquo;||25px||false|false&raquo; text_font_size_tablet=&raquo;23px&raquo; text_font_size_phone=&raquo;14px&raquo; text_font_size_last_edited=&raquo;on|phone&raquo; global_colors_info=&raquo;{}&raquo;]<\/p>\n<p><strong>V\u00e5r e-post:<\/strong><br \/><a href=\"mailto:post@allonboard.no\"><span>post@allonboard.no<\/span><\/a><\/p>\n<p>[\/et_pb_text][et_pb_text disabled_on=&raquo;on|on|off&raquo; _builder_version=&raquo;4.20.2&#8243; _module_preset=&raquo;default&raquo; text_font=&raquo;|300|||||||&raquo; text_text_color=&raquo;#091B26&#8243; text_font_size=&raquo;19px&raquo; text_line_height=&raquo;1.4em&raquo; link_text_color=&raquo;#091B26&#8243; custom_margin=&raquo;||25px||false|false&raquo; text_font_size_tablet=&raquo;23px&raquo; text_font_size_phone=&raquo;14px&raquo; text_font_size_last_edited=&raquo;on|phone&raquo; global_colors_info=&raquo;{}&raquo;]<\/p>\n<p><strong>Ring oss:<\/strong><br \/><a href=\"Tel:+4740106045\">+47 40 10 60 45<\/a><\/p>\n<p>[\/et_pb_text][et_pb_text disabled_on=&raquo;on|on|off&raquo; _builder_version=&raquo;4.20.2&#8243; _module_preset=&raquo;default&raquo; text_font=&raquo;|300|||||||&raquo; text_text_color=&raquo;#091B26&#8243; text_font_size=&raquo;19px&raquo; text_line_height=&raquo;1.4em&raquo; custom_margin=&raquo;||9px||false|false&raquo; text_font_size_tablet=&raquo;23px&raquo; text_font_size_phone=&raquo;14px&raquo; text_font_size_last_edited=&raquo;on|phone&raquo; global_colors_info=&raquo;{}&raquo;]<\/p>\n<p><strong>F\u00f8lg oss:<\/strong><\/p>\n<p>[\/et_pb_text][et_pb_social_media_follow disabled_on=&raquo;on|on|off&raquo; _builder_version=&raquo;4.20.2&#8243; _module_preset=&raquo;default&raquo; global_colors_info=&raquo;{}&raquo;][et_pb_social_media_follow_network social_network=&raquo;facebook&raquo; url=&raquo;https:\/\/www.facebook.com\/allonboard\/&raquo; _builder_version=&raquo;4.20.2&#8243; _module_preset=&raquo;default&raquo; background_color=&raquo;#3b5998&#8243; global_colors_info=&raquo;{}&raquo; follow_button=&raquo;off&raquo; url_new_window=&raquo;on&raquo;]facebook[\/et_pb_social_media_follow_network][\/et_pb_social_media_follow][\/et_pb_column][et_pb_column type=&raquo;1_2&#8243; _builder_version=&raquo;4.20.2&#8243; _module_preset=&raquo;default&raquo; background_color=&raquo;#FFFFFF&raquo; custom_padding=&raquo;50px|50px|50px|50px|true|true&raquo; custom_padding_tablet=&raquo;50px|50px|50px|50px|true|true&raquo; custom_padding_phone=&raquo;30px|30px|30px|30px|true|true&raquo; custom_padding_last_edited=&raquo;on|phone&raquo; border_radii=&raquo;on|20px|20px|20px|20px&raquo; border_width_all=&raquo;1px&raquo; border_color_all=&raquo;#091B26&#8243; global_colors_info=&raquo;{}&raquo;][et_pb_text admin_label=&raquo;Tekst&raquo; _builder_version=&raquo;4.27.4&#8243; _module_preset=&raquo;default&raquo; header_font=&raquo;|800|||||||&raquo; header_text_color=&raquo;#012C3D&raquo; header_font_size=&raquo;36px&raquo; header_line_height=&raquo;1.1em&raquo; custom_margin=&raquo;||20px||false|false&raquo; animation_direction=&raquo;bottom&raquo; header_font_size_tablet=&raquo;36px&raquo; header_font_size_phone=&raquo;29px&raquo; header_font_size_last_edited=&raquo;on|phone&raquo; border_width_bottom=&raquo;2px&raquo; border_color_bottom=&raquo;#EDF4F6&#8243; global_colors_info=&raquo;{}&raquo;]<\/p>\n<h1>Send oss en foresp\u00f8rsel<\/h1>\n<p>[\/et_pb_text][et_pb_code _builder_version=&raquo;4.27.4&#8243; _module_preset=&raquo;default&raquo; global_colors_info=&raquo;{}&raquo;]<!-- Elfsight Contact Form | All onboard | Generell kontakt --><!-- [et_pb_line_break_holder] --><script src=\"https:\/\/elfsightcdn.com\/platform.js\" async><\/script><!-- [et_pb_line_break_holder] --><\/p>\n<div class=\"elfsight-app-80db4a8b-624d-4e67-9809-3a30d475e6b2\" data-elfsight-app-lazy><\/div>\n<p>[\/et_pb_code][\/et_pb_column][\/et_pb_row][\/et_pb_section][et_pb_section fb_built=&raquo;1&#8243; custom_padding_last_edited=&raquo;on|phone&raquo; disabled_on=&raquo;off|off|on&raquo; admin_label=&raquo;section&raquo; _builder_version=&raquo;4.27.4&#8243; background_color=&raquo;#FFFFFF&raquo; custom_padding=&raquo;150px||39px||false|false&raquo; custom_padding_tablet=&raquo;150px||200px||false|false&raquo; custom_padding_phone=&raquo;0px||0px||false|false&raquo; hover_enabled=&raquo;0&#8243; background_last_edited=&raquo;off|phone&raquo; use_background_color_gradient_phone=&raquo;on&raquo; background_color_gradient_stops_phone=&raquo;#091b26 45%|#ffffff 45%&raquo; global_colors_info=&raquo;{}&raquo; sticky_enabled=&raquo;0&#8243;][et_pb_row _builder_version=&raquo;4.20.2&#8243; _module_preset=&raquo;default&raquo; global_colors_info=&raquo;{}&raquo;][et_pb_column type=&raquo;4_4&#8243; _builder_version=&raquo;4.20.2&#8243; _module_preset=&raquo;default&raquo; global_colors_info=&raquo;{}&raquo;][et_pb_text disabled_on=&raquo;off|off|on&raquo; _builder_version=&raquo;4.20.2&#8243; _module_preset=&raquo;default&raquo; text_font=&raquo;|300|||||||&raquo; text_text_color=&raquo;#091B26&#8243; text_font_size=&raquo;19px&raquo; text_line_height=&raquo;1.4em&raquo; link_text_color=&raquo;#091B26&#8243; custom_margin=&raquo;||25px||false|false&raquo; text_font_size_tablet=&raquo;23px&raquo; text_font_size_phone=&raquo;16px&raquo; text_font_size_last_edited=&raquo;on|phone&raquo; global_colors_info=&raquo;{}&raquo;]<\/p>\n<p><strong>Du finner oss her:<\/strong><br \/><a href=\"https:\/\/goo.gl\/maps\/gJ6Sko5drGBAdjT5A\" target=\"_blank\" rel=\"noopener\"><span>Carl 15. gate 23, <\/span><span><\/span><span>3150 Tolvsr\u00f8d<\/span><\/a><\/p>\n<p>[\/et_pb_text][et_pb_text disabled_on=&raquo;off|off|on&raquo; _builder_version=&raquo;4.20.2&#8243; _module_preset=&raquo;default&raquo; text_font=&raquo;|300|||||||&raquo; text_text_color=&raquo;#091B26&#8243; text_font_size=&raquo;19px&raquo; text_line_height=&raquo;1.4em&raquo; link_text_color=&raquo;#091B26&#8243; custom_margin=&raquo;||25px||false|false&raquo; text_font_size_tablet=&raquo;23px&raquo; text_font_size_phone=&raquo;16px&raquo; text_font_size_last_edited=&raquo;on|phone&raquo; global_colors_info=&raquo;{}&raquo;]<\/p>\n<p><strong>V\u00e5r e-post:<\/strong><br \/><a href=\"mailto:post@allonboard.no\"><span>post@allonboard.no<\/span><\/a><\/p>\n<p>[\/et_pb_text][et_pb_text disabled_on=&raquo;off|off|on&raquo; _builder_version=&raquo;4.20.2&#8243; _module_preset=&raquo;default&raquo; text_font=&raquo;|300|||||||&raquo; text_text_color=&raquo;#091B26&#8243; text_font_size=&raquo;19px&raquo; text_line_height=&raquo;1.4em&raquo; link_text_color=&raquo;#091B26&#8243; custom_margin=&raquo;||25px||false|false&raquo; text_font_size_tablet=&raquo;23px&raquo; text_font_size_phone=&raquo;16px&raquo; text_font_size_last_edited=&raquo;on|phone&raquo; global_colors_info=&raquo;{}&raquo;]<\/p>\n<p><strong>Ring oss:<\/strong><br \/><a href=\"tel:+47%2033 35 32 50\"><span>Kontor: +47 33 35 32 50<\/span><\/a><br \/><a href=\"Tel:+47%20948 58 026\"><span>Mobil: +47 948 58 026<\/span><\/a><\/p>\n<p>[\/et_pb_text][et_pb_text disabled_on=&raquo;off|off|on&raquo; _builder_version=&raquo;4.20.2&#8243; _module_preset=&raquo;default&raquo; text_font=&raquo;|300|||||||&raquo; text_text_color=&raquo;#091B26&#8243; text_font_size=&raquo;19px&raquo; text_line_height=&raquo;1.4em&raquo; custom_margin=&raquo;||9px||false|false&raquo; text_font_size_tablet=&raquo;23px&raquo; text_font_size_phone=&raquo;16px&raquo; text_font_size_last_edited=&raquo;on|phone&raquo; global_colors_info=&raquo;{}&raquo;]<\/p>\n<p><strong>F\u00f8lg oss:<\/strong><\/p>\n<p>[\/et_pb_text][et_pb_social_media_follow disabled_on=&raquo;off|off|on&raquo; _builder_version=&raquo;4.20.2&#8243; _module_preset=&raquo;default&raquo; global_colors_info=&raquo;{}&raquo;][et_pb_social_media_follow_network social_network=&raquo;facebook&raquo; url=&raquo;https:\/\/www.facebook.com\/allonboard\/&raquo; _builder_version=&raquo;4.20.2&#8243; _module_preset=&raquo;default&raquo; background_color=&raquo;#3b5998&#8243; global_colors_info=&raquo;{}&raquo; follow_button=&raquo;off&raquo; url_new_window=&raquo;on&raquo;]facebook[\/et_pb_social_media_follow_network][\/et_pb_social_media_follow][\/et_pb_column][\/et_pb_row][\/et_pb_section]<\/p>\n","protected":false},"excerpt":{"rendered":"<p>Kontakt ossVi har v\u00e6rt leverand\u00f8r av gode opplevelser og minner siden 1999.Book din \u00f8nsket aktivitet eller send oss en e-post om du har sp\u00f8rsm\u00e5l, s\u00e5 skal vi s\u00f8rge for at dere f\u00e5r en opplevelse dere sent vil glemme.<div class=\"et_pb_module dsm_button dsm_button_0 et_pb_bg_layout_light\">\n\t\t\t\t\n\t\t\t\t\n\t\t\t\t\n\t\t\t\t\n\t\t\t\t\n\t\t\t\t\n\t\t\t\t<div class=\"et_pb_module_inner\">\n\t\t\t\t\t<div class=\"et_pb_button_module_wrappers dsm_button_0_wrapper  et_pb_module\">\n\t\t\t\t<a class=\"et_pb_button et_pb_button_one et_pb_custom_button_icon dsm-icon-forward et_pb_bg_layout_light dsm-none\"  href=\"mailto:post@allonboard.no\" data-icon=\"&#x35;\" data-dsm-lightbox-id=\"dsm_button_one_lightbox dsm_button_0\"><span>Send us an email<\/span><\/a><a class=\"et_pb_button et_pb_button_two et_pb_custom_button_icon dsm-icon-forward et_pb_bg_layout_light dsm-none\"  href=\"tel:%20+4740106045\" data-icon=\"&#x35;\" data-dsm-lightbox-id=\"dsm_button_two_lightbox dsm_button_0\"><span>Call us<\/span><\/a>\n\t\t\t<\/div>\n\t\t\t\t<\/div>\n\t\t\t<\/div>Du finner oss her:Carl 15. gate 19, 3150 Tolvsr\u00f8dV\u00e5r e-post:post@allonboard.noRing oss:+47 40 10 60 45F\u00f8lg oss:Send oss en foresp\u00f8rselDu finner oss her:Carl 15. gate 23, 3150 Tolvsr\u00f8dV\u00e5r e-post:post@allonboard.noRing oss:Kontor: +47 33 35 32 50Mobil: +47 948 58 026F\u00f8lg oss:<\/p>","protected":false},"author":1,"featured_media":0,"parent":0,"menu_order":0,"comment_status":"closed","ping_status":"closed","template":"","meta":{"_et_pb_use_builder":"on","_et_pb_old_content":"<!-- wp:divi\/placeholder \/-->","_et_gb_content_width":"","footnotes":""},"class_list":["post-651","page","type-page","status-publish","hentry"],"_links":{"self":[{"href":"https:\/\/allonboard.no\/en\/wp-json\/wp\/v2\/pages\/651","targetHints":{"allow":["GET"]}}],"collection":[{"href":"https:\/\/allonboard.no\/en\/wp-json\/wp\/v2\/pages"}],"about":[{"href":"https:\/\/allonboard.no\/en\/wp-json\/wp\/v2\/types\/page"}],"author":[{"embeddable":true,"href":"https:\/\/allonboard.no\/en\/wp-json\/wp\/v2\/users\/1"}],"replies":[{"embeddable":true,"href":"https:\/\/allonboard.no\/en\/wp-json\/wp\/v2\/comments?post=651"}],"version-history":[{"count":89,"href":"https:\/\/allonboard.no\/en\/wp-json\/wp\/v2\/pages\/651\/revisions"}],"predecessor-version":[{"id":3175,"href":"https:\/\/allonboard.no\/en\/wp-json\/wp\/v2\/pages\/651\/revisions\/3175"}],"wp:attachment":[{"href":"https:\/\/allonboard.no\/en\/wp-json\/wp\/v2\/media?parent=651"}],"curies":[{"name":"wp","href":"https:\/\/api.w.org\/{rel}","templated":true}]}}