{"id":644,"date":"2023-02-15T10:16:35","date_gmt":"2023-02-15T09:16:35","guid":{"rendered":"http:\/\/allonboard.no\/?page_id=644"},"modified":"2026-03-31T16:13:42","modified_gmt":"2026-03-31T14:13:42","slug":"amazing-race","status":"publish","type":"page","link":"https:\/\/allonboard.no\/en\/aktiviteter\/amazing-race\/","title":{"rendered":"Amazing Race"},"content":{"rendered":"<p>[et_pb_section fb_built=&raquo;1&#8243; _builder_version=&raquo;4.27.4&#8243; _module_preset=&raquo;default&raquo; use_background_color_gradient=&raquo;on&raquo; background_color_gradient_stops=&raquo;rgba(1,20,32,0) 0%|rgba(1,20,32,0) 0%|rgba(1, 20, 32, 0.62) 100%|#011420 100%&raquo; background_color_gradient_overlays_image=&raquo;on&raquo; background_image=&raquo;https:\/\/allonboard.no\/wp-content\/uploads\/2025\/09\/Klar-ferdig-ga-image006.jpg&raquo; custom_padding=&raquo;170px||29px||false|&raquo; global_colors_info=&raquo;{}&raquo;][et_pb_row _builder_version=&raquo;4.19.4&#8243; _module_preset=&raquo;default&raquo; custom_margin=&raquo;|auto|60px|auto||&raquo; global_colors_info=&raquo;{}&raquo;][et_pb_column type=&raquo;4_4&#8243; _builder_version=&raquo;4.19.4&#8243; _module_preset=&raquo;default&raquo; global_colors_info=&raquo;{}&raquo;][et_pb_text _builder_version=&raquo;4.19.5&#8243; _module_preset=&raquo;default&raquo; text_font=&raquo;|300|||||||&raquo; text_text_color=&raquo;#FFFFFF&raquo; text_font_size=&raquo;23px&raquo; text_line_height=&raquo;1.1em&raquo; header_font=&raquo;|800|||||||&raquo; header_text_color=&raquo;#FFFFFF&raquo; header_font_size=&raquo;61px&raquo; custom_margin=&raquo;||11px|||&raquo; header_font_size_tablet=&raquo;61px&raquo; header_font_size_phone=&raquo;45px&raquo; header_font_size_last_edited=&raquo;on|phone&raquo; global_colors_info=&raquo;{}&raquo;]<\/p>\n<h1>Amazing Race<\/h1>\n<p>[\/et_pb_text][et_pb_text _builder_version=&raquo;4.19.5&#8243; _module_preset=&raquo;default&raquo; text_font=&raquo;|300|||||||&raquo; text_text_color=&raquo;#FFFFFF&raquo; text_font_size=&raquo;23px&raquo; text_line_height=&raquo;1.1em&raquo; text_font_size_tablet=&raquo;23px&raquo; text_font_size_phone=&raquo;22px&raquo; text_font_size_last_edited=&raquo;on|phone&raquo; global_colors_info=&raquo;{}&raquo;]<\/p>\n<p>Det er klart for konferanse, og destinasjonen er noen timer unna. Hvorfor gj\u00f8re transportetappen tr\u00f8tt og kjedelig?<\/p>\n<p>[\/et_pb_text][\/et_pb_column][\/et_pb_row][et_pb_row column_structure=&raquo;1_4,1_4,1_4,1_4&#8243; use_custom_gutter=&raquo;on&raquo; gutter_width=&raquo;2&#8243; _builder_version=&raquo;4.19.4&#8243; _module_preset=&raquo;default&raquo; global_colors_info=&raquo;{}&raquo;][et_pb_column type=&raquo;1_4&#8243; _builder_version=&raquo;4.19.4&#8243; _module_preset=&raquo;default&raquo; global_colors_info=&raquo;{}&raquo;][et_pb_blurb title=&raquo;Antall deltagere&raquo; image=&raquo;https:\/\/allonboard.no\/wp-content\/uploads\/2023\/01\/Antall.svg&raquo; icon_placement=&raquo;left&raquo; image_icon_width=&raquo;100%&raquo; _builder_version=&raquo;4.19.5&#8243; _module_preset=&raquo;default&raquo; header_font=&raquo;|800|||||||&raquo; header_text_color=&raquo;#FFFFFF&raquo; body_font=&raquo;|300|||||||&raquo; body_text_color=&raquo;#FFFFFF&raquo; body_font_size=&raquo;17px&raquo; image_icon_custom_margin=&raquo;|30px|||false|false&raquo; image_icon_custom_padding=&raquo;|0px|||false|false&raquo; animation=&raquo;off&raquo; custom_css_blurb_image=&raquo;vertical-align: middle;||&raquo; custom_css_blurb_title=&raquo;padding-bottom: 1px&raquo; global_colors_info=&raquo;{}&raquo;]<\/p>\n<p>20 &#8211; 600<\/p>\n<p>[\/et_pb_blurb][\/et_pb_column][et_pb_column type=&raquo;1_4&#8243; _builder_version=&raquo;4.19.4&#8243; _module_preset=&raquo;default&raquo; global_colors_info=&raquo;{}&raquo;][et_pb_blurb title=&raquo;Tidsbruk&raquo; image=&raquo;https:\/\/allonboard.no\/wp-content\/uploads\/2023\/01\/Tidsbruk.svg&raquo; icon_placement=&raquo;left&raquo; image_icon_width=&raquo;100%&raquo; _builder_version=&raquo;4.19.5&#8243; _module_preset=&raquo;default&raquo; header_font=&raquo;|800|||||||&raquo; header_text_color=&raquo;#FFFFFF&raquo; body_font=&raquo;|300|||||||&raquo; body_text_color=&raquo;#FFFFFF&raquo; body_font_size=&raquo;17px&raquo; image_icon_custom_margin=&raquo;|30px|||false|false&raquo; image_icon_custom_padding=&raquo;|0px|||false|false&raquo; animation=&raquo;off&raquo; custom_css_blurb_image=&raquo;vertical-align: middle;||&raquo; custom_css_blurb_title=&raquo;padding-bottom: 1px&raquo; global_colors_info=&raquo;{}&raquo;]<\/p>\n<p>4 &#8211; 10 timer<\/p>\n<p>[\/et_pb_blurb][\/et_pb_column][et_pb_column type=&raquo;1_4&#8243; _builder_version=&raquo;4.19.4&#8243; _module_preset=&raquo;default&raquo; global_colors_info=&raquo;{}&raquo;][et_pb_blurb title=&raquo;\u00c5rstid&raquo; image=&raquo;https:\/\/allonboard.no\/wp-content\/uploads\/2023\/01\/Arstid.svg&raquo; icon_placement=&raquo;left&raquo; image_icon_width=&raquo;100%&raquo; _builder_version=&raquo;4.19.4&#8243; _module_preset=&raquo;default&raquo; header_font=&raquo;|800|||||||&raquo; header_text_color=&raquo;#FFFFFF&raquo; body_font=&raquo;|300|||||||&raquo; body_text_color=&raquo;#FFFFFF&raquo; body_font_size=&raquo;17px&raquo; image_icon_custom_margin=&raquo;|30px|||false|false&raquo; image_icon_custom_padding=&raquo;|0px|||false|false&raquo; animation=&raquo;off&raquo; custom_css_blurb_image=&raquo;vertical-align: middle;||&raquo; custom_css_blurb_title=&raquo;padding-bottom: 1px&raquo; global_colors_info=&raquo;{}&raquo;]<\/p>\n<p>Hel\u00e5rs<\/p>\n<p>[\/et_pb_blurb][\/et_pb_column][et_pb_column type=&raquo;1_4&#8243; _builder_version=&raquo;4.19.4&#8243; _module_preset=&raquo;default&raquo; global_colors_info=&raquo;{}&raquo;][\/et_pb_column][\/et_pb_row][\/et_pb_section][et_pb_section fb_built=&raquo;1&#8243; custom_padding_last_edited=&raquo;on|phone&raquo; _builder_version=&raquo;4.19.4&#8243; _module_preset=&raquo;default&raquo; custom_padding=&raquo;70px||70px||true|&raquo; custom_padding_tablet=&raquo;70px||70px||true|&raquo; custom_padding_phone=&raquo;30px||30px||true|false&raquo; global_colors_info=&raquo;{}&raquo;][et_pb_row column_structure=&raquo;3_5,2_5&#8243; module_class=&raquo;pa-inline-buttons&raquo; _builder_version=&raquo;4.19.4&#8243; _module_preset=&raquo;default&raquo; custom_margin=&raquo;|auto|0px|auto||&raquo; global_colors_info=&raquo;{}&raquo;][et_pb_column type=&raquo;3_5&#8243; _builder_version=&raquo;4.19.4&#8243; _module_preset=&raquo;default&raquo; global_colors_info=&raquo;{}&raquo;][et_pb_text _builder_version=&raquo;4.19.5&#8243; _module_preset=&raquo;default&raquo; text_font=&raquo;|800|||||||&raquo; text_text_color=&raquo;#011420&#8243; text_font_size=&raquo;26px&raquo; text_line_height=&raquo;1.2em&raquo; text_font_size_tablet=&raquo;26px&raquo; text_font_size_phone=&raquo;21px&raquo; text_font_size_last_edited=&raquo;on|phone&raquo; global_colors_info=&raquo;{}&raquo;]<\/p>\n<p>Med Amazing Race blir selve transportetappen en lek, hvor alle ankommer destinasjonen fulle av energi og med et smil om munnen.\u00a0\u00a0<\/p>\n<p>[\/et_pb_text][et_pb_text _builder_version=&raquo;4.19.5&#8243; _module_preset=&raquo;default&raquo; text_font=&raquo;|300|||||||&raquo; text_text_color=&raquo;#011420&#8243; text_font_size=&raquo;23px&raquo; text_line_height=&raquo;1.2em&raquo; custom_margin=&raquo;||19px|||&raquo; text_font_size_tablet=&raquo;23px&raquo; text_font_size_phone=&raquo;19px&raquo; text_font_size_last_edited=&raquo;on|phone&raquo; global_colors_info=&raquo;{}&raquo;]<\/p>\n<p>Amazing race starter der dere er. Ved hjelp av en iPad m\u00e5 hver gruppe finne frem til f\u00f8rste oppgaven, mens vi tar h\u00e5nd om bagasjen. Bil, kollektivt, sykkel eller beina, alle fremkomstmidler er mulig. Appen p\u00e5 iPaden vil dele ut koder og ledetr\u00e5der underveis som dere m\u00e5 l\u00f8se for \u00e5 finne veien. Logiske, praktiske og teoretiske oppgaver gj\u00f8r at det er kreativitet, fantasi og samarbeid som kreves hos gruppene for \u00e5 l\u00f8se dem best mulig.\u00a0\u00a0<\/p>\n<p>Dere vil i tillegg bli utfordret p\u00e5 sang og dans underveis, og dette setter vi sammen til en kul film som vises under kveldens premieshow.\u00a0\u00a0<\/p>\n<p>En perfekt start p\u00e5 oppholdet!\u00a0<\/p>\n<p>[\/et_pb_text][dsm_button button_one_text=&raquo;Kontakt oss&raquo; button_one_url=&raquo;https:\/\/allonboard.no\/aktiviteter\/#book&raquo; button_two_text=&raquo;Last ned PDF&raquo; button_two_url=&raquo;https:\/\/allonboard.no\/wp-content\/uploads\/2025\/11\/Amazing-Race.pdf&raquo; button_two_url_new_window=&raquo;on&raquo; button_one_icon_hover_animation=&raquo;dsm-icon-forward&raquo; button_two_icon_hover_animation=&raquo;dsm-icon-forward&raquo; _builder_version=&raquo;4.27.4&#8243; _module_preset=&raquo;default&raquo; custom_button_one=&raquo;on&raquo; button_one_text_size=&raquo;16px&raquo; button_one_text_color=&raquo;#000000&#8243; button_one_bg_color=&raquo;#ffd362&#8243; button_one_border_width=&raquo;2px&raquo; button_one_border_color=&raquo;#ffd362&#8243; button_one_border_radius=&raquo;20px&raquo; button_one_letter_spacing=&raquo;0px&raquo; button_one_font=&raquo;Work Sans|500|||||||&raquo; button_one_icon=&raquo;&#x35;||divi||400&#8243; button_one_on_hover=&raquo;off&raquo; button_one_custom_padding=&raquo;|50px||40px|false|false&raquo; button_one_custom_padding_tablet=&raquo;&raquo; button_one_custom_padding_phone=&raquo;|60px||40px|false|false&raquo; button_one_custom_padding_last_edited=&raquo;on|phone&raquo; custom_button_two=&raquo;on&raquo; button_two_text_size=&raquo;16px&raquo; button_two_text_color=&raquo;#000000&#8243; button_two_border_width=&raquo;2px&raquo; button_two_border_color=&raquo;#000000&#8243; button_two_border_radius=&raquo;20px&raquo; button_two_letter_spacing=&raquo;0px&raquo; button_two_font=&raquo;Work Sans|500|||||||&raquo; button_two_icon=&raquo;&#x35;||divi||400&#8243; button_two_on_hover=&raquo;off&raquo; button_two_custom_margin=&raquo;||||false|false&raquo; button_two_custom_margin_tablet=&raquo;&raquo; button_two_custom_margin_phone=&raquo;|||0px|false|false&raquo; button_two_custom_margin_last_edited=&raquo;on|phone&raquo; button_two_custom_padding=&raquo;|50px||40px|false|false&raquo; custom_margin=&raquo;35px||35px|||&raquo; hover_enabled=&raquo;0&#8243; global_colors_info=&raquo;{}&raquo; button_two_bg_color__hover_enabled=&raquo;on|hover&raquo; button_two_bg_color__hover=&raquo;#091B26&#8243; button_two_bg_enable_color__hover=&raquo;on&raquo; button_one_bg_color__hover=&raquo;#ffd362&#8243; button_one_bg_color__hover_enabled=&raquo;on|hover&raquo; button_two_text_color__hover_enabled=&raquo;on|hover&raquo; button_two_text_color__hover=&raquo;#FFFFFF&raquo; sticky_enabled=&raquo;0&#8243;][\/dsm_button][\/et_pb_column][et_pb_column type=&raquo;2_5&#8243; _builder_version=&raquo;4.19.4&#8243; _module_preset=&raquo;default&raquo; global_colors_info=&raquo;{}&raquo;][dsm_faq dsm_accordion_gap=&raquo;16px&raquo; dsm_open_faq_item=&raquo;on&raquo; dsm_open_toggle_margin=&raquo;||||false|false&raquo; dsm_close_bg_color=&raquo;#ffffff&raquo; dsm_open_font_icon=&raquo;&#xf106;||fa||900&#8243; dsm_close_font_icon=&raquo;&#xf107;||fa||900&#8243; dsm_close_icon_margin=&raquo;||||false|false&raquo; dsm_animate_icon=&raquo;on&raquo; dsm_icon_placement=&raquo;right&raquo; dsm_content_margin=&raquo;20px||||false|false&raquo; _builder_version=&raquo;4.20.2&#8243; _module_preset=&raquo;default&raquo; header_font=&raquo;|800|||||||&raquo; header_font_size=&raquo;25px&raquo; content_font=&raquo;|300|||||||&raquo; content_text_color=&raquo;#011420&#8243; content_font_size=&raquo;17px&raquo; header_font_size_tablet=&raquo;25px&raquo; header_font_size_phone=&raquo;21px&raquo; header_font_size_last_edited=&raquo;on|phone&raquo; closed_header_font_size_tablet=&raquo;&raquo; closed_header_font_size_phone=&raquo;21px&raquo; closed_header_font_size_last_edited=&raquo;on|phone&raquo; border_width_all_dsm_toggle_open_border=&raquo;1px&raquo; border_color_all_dsm_toggle_open_border=&raquo;#e8e8e8&#8243; border_width_all_dsm_toggle_closed_border=&raquo;1px&raquo; border_color_all_dsm_toggle_closed_border=&raquo;#e8e8e8&#8243; global_colors_info=&raquo;{}&raquo;][dsm_faq_child dsm_title=&raquo;Praktisk&raquo; dsm_content=&raquo;<\/p>\n<p><strong>Antall deltakere:<\/strong> 20-600<\/p>\n<p><strong>Antall per gruppe:<\/strong> 6-10 pers<\/p>\n<p><strong>\u00c5rstid<\/strong>: Hel\u00e5rs<\/p>\n<p><strong>Tidsbruk:<\/strong> 4 &#8211; 10 timer.<\/p>\n<p><strong>Annet: <\/strong>Som transportmiddel kan man bruke privatbiler, leiebiler, offentlig transport, b\u00e5t eller helikopter.<\/p>\n<p>Kan arrangeres p\u00e5 norsk og engelsk.<\/p>\n<p>&raquo; dsm_child_use_image=&raquo;on&raquo; dsm_open_child_image=&raquo;https:\/\/allonboard.no\/wp-content\/uploads\/2023\/01\/Informasjon.svg&raquo; dsm_open_image_width=&raquo;25px&raquo; dsm_open_image_margin=&raquo;|10px|||false|false&raquo; dsm_close_child_image=&raquo;https:\/\/allonboard.no\/wp-content\/uploads\/2023\/01\/Informasjon.svg&raquo; dsm_close_image_width=&raquo;25px&raquo; dsm_close_image_margin=&raquo;|10px|||false|false&raquo; dsm_open_icon_color=&raquo;#011420&#8243; _builder_version=&raquo;4.20.2&#8243; _module_preset=&raquo;default&raquo; header_item_font=&raquo;||||||||&raquo; header_item_text_color=&raquo;#011420&#8243; content_text_color=&raquo;#011420&#8243; content_line_height=&raquo;1.3em&raquo; custom_margin=&raquo;||||false|false&raquo; border_radii=&raquo;on|10px|10px|10px|10px&raquo; border_color_all=&raquo;#011420&#8243; global_colors_info=&raquo;{}&raquo; parentOrderClass=&raquo;dsm_faq_0&#8243;][\/dsm_faq_child][dsm_faq_child dsm_title=&raquo;Utstyr og sikkerhet&raquo; dsm_content=&raquo;<\/p>\n<p>Vi har alltid sikkerhet i fokus, dette kan gj\u00f8res \u201duten noen form for risiko\u201d<\/p>\n<p>F\u00f8rstehjelpsutstyr har vi med p\u00e5 alle arrangement<\/p>\n<p>&raquo; dsm_child_use_image=&raquo;on&raquo; dsm_open_child_image=&raquo;https:\/\/allonboard.no\/wp-content\/uploads\/2023\/01\/Sikkerhet.svg&raquo; dsm_open_image_width=&raquo;25px&raquo; dsm_open_image_margin=&raquo;|10px|||false|false&raquo; dsm_close_child_image=&raquo;https:\/\/allonboard.no\/wp-content\/uploads\/2023\/01\/Sikkerhet.svg&raquo; dsm_close_image_width=&raquo;25px&raquo; dsm_close_image_margin=&raquo;|10px|||false|false&raquo; dsm_open_icon_color=&raquo;#011420&#8243; _builder_version=&raquo;4.19.5&#8243; _module_preset=&raquo;default&raquo; header_item_font=&raquo;||||||||&raquo; header_item_text_color=&raquo;#011420&#8243; content_text_color=&raquo;#011420&#8243; content_line_height=&raquo;1.3em&raquo; custom_margin=&raquo;||||false|false&raquo; border_radii=&raquo;on|10px|10px|10px|10px&raquo; border_color_all=&raquo;#011420&#8243; global_colors_info=&raquo;{}&raquo; parentOrderClass=&raquo;dsm_faq_0&#8243;][\/dsm_faq_child][dsm_faq_child dsm_title=&raquo;Suksesskriterier&raquo; dsm_content=&raquo;<\/p>\n<p>Engasjerende, innovativt, motiverende og konkurransepreget<\/p>\n<p>Passer for alle, b\u00e5de teoretikere og praktikere<\/p>\n<p>Ulike l\u00f8yper, slik at man ikke kan f\u00f8lge etter hverandre<\/p>\n<p>Film og foto underveis gir garantert trening av lattermusklene<\/p>\n<p>&raquo; dsm_child_use_image=&raquo;on&raquo; dsm_open_child_image=&raquo;https:\/\/allonboard.no\/wp-content\/uploads\/2023\/01\/Suksess.svg&raquo; dsm_open_image_width=&raquo;25px&raquo; dsm_open_image_margin=&raquo;|10px|||false|false&raquo; dsm_close_child_image=&raquo;https:\/\/allonboard.no\/wp-content\/uploads\/2023\/01\/Suksess.svg&raquo; dsm_close_image_width=&raquo;25px&raquo; dsm_close_image_margin=&raquo;|10px|||false|false&raquo; dsm_open_icon_color=&raquo;#011420&#8243; _builder_version=&raquo;4.19.5&#8243; _module_preset=&raquo;default&raquo; header_item_font=&raquo;||||||||&raquo; header_item_text_color=&raquo;#011420&#8243; content_text_color=&raquo;#011420&#8243; content_line_height=&raquo;1.3em&raquo; custom_margin=&raquo;||||false|false&raquo; border_radii=&raquo;on|10px|10px|10px|10px&raquo; border_color_all=&raquo;#011420&#8243; global_colors_info=&raquo;{}&raquo; parentOrderClass=&raquo;dsm_faq_0&#8243;][\/dsm_faq_child][\/dsm_faq][et_pb_text _builder_version=&raquo;4.27.4&#8243; _module_preset=&raquo;default&raquo; text_font=&raquo;|300|||||||&raquo; text_text_color=&raquo;#000000&#8243; text_font_size=&raquo;20px&raquo; text_line_height=&raquo;1.2em&raquo; background_color=&raquo;#EDF4F6&#8243; custom_padding=&raquo;25px|25px|25px|25px|true|true&raquo; border_radii=&raquo;on|20px|20px|20px|20px&raquo; locked=&raquo;off&raquo; global_colors_info=&raquo;{}&raquo;]<\/p>\n<p><span><em><strong>\u00d8nsker du en komplett opplevelse? <\/strong><\/em>V\u00e5re erfarne planleggere tar h\u00e5nd om alt fra transport til overnatting og mat.<\/span><\/p>\n<p>[\/et_pb_text][\/et_pb_column][\/et_pb_row][et_pb_row _builder_version=&raquo;4.19.5&#8243; _module_preset=&raquo;default&raquo; custom_padding=&raquo;1px|||||&raquo; locked=&raquo;off&raquo; global_colors_info=&raquo;{}&raquo;][et_pb_column type=&raquo;4_4&#8243; _builder_version=&raquo;4.19.5&#8243; _module_preset=&raquo;default&raquo; global_colors_info=&raquo;{}&raquo;][dsm_masonry_gallery gallery_ids=&raquo;2498,2496,2495,2494,2426,2427,2428,2424,2423,2425&#8243; dsm_sort_images=&raquo;off&raquo; columns=&raquo;4&#8243; gutter=&raquo;10&#8243; use_lightbox=&raquo;on&raquo; lightbox_title=&raquo;off&raquo; lightbox_caption=&raquo;off&raquo; use_horizontal_order=&raquo;off&raquo; use_zoom_on_hover=&raquo;on&raquo; columns_tablet=&raquo;4&#8243; columns_phone=&raquo;2&#8243; columns_last_edited=&raquo;on|phone&raquo; gutter_tablet=&raquo;10&#8243; gutter_phone=&raquo;5&#8243; gutter_last_edited=&raquo;on|desktop&raquo; _builder_version=&raquo;4.27.4&#8243; _module_preset=&raquo;default&raquo; border_radii_grid=&raquo;on|3px|3px|3px|3px&raquo; global_colors_info=&raquo;{}&raquo;][\/dsm_masonry_gallery][\/et_pb_column][\/et_pb_row][\/et_pb_section]<\/p>\n","protected":false},"excerpt":{"rendered":"<p>Amazing RaceDet er klart for konferanse, og destinasjonen er noen timer unna. Hvorfor gj\u00f8re transportetappen tr\u00f8tt og kjedelig?20 &#8211; 6004 &#8211; 10 timerHel\u00e5rsMed Amazing Race blir selve transportetappen en lek, hvor alle ankommer destinasjonen fulle av energi og med et smil om munnen.\u00a0\u00a0Amazing race starter der dere er. Ved hjelp av en iPad m\u00e5 hver gruppe finne frem til f\u00f8rste oppgaven, mens vi tar h\u00e5nd om bagasjen. Bil, kollektivt, sykkel eller beina, alle fremkomstmidler er mulig. Appen p\u00e5 iPaden vil dele ut koder og ledetr\u00e5der underveis som dere m\u00e5 l\u00f8se for \u00e5 finne veien. Logiske, praktiske og teoretiske oppgaver gj\u00f8r at det er kreativitet, fantasi og samarbeid som kreves hos gruppene for \u00e5 l\u00f8se dem best mulig.\u00a0\u00a0 Dere vil i tillegg bli utfordret p\u00e5 sang og dans underveis, og dette setter vi sammen til en kul film som vises under kveldens premieshow.\u00a0\u00a0 En perfekt start p\u00e5 oppholdet!\u00a0<div class=\"et_pb_module dsm_button dsm_button_0 et_pb_bg_layout_light\">\n\t\t\t\t\n\t\t\t\t\n\t\t\t\t\n\t\t\t\t\n\t\t\t\t\n\t\t\t\t\n\t\t\t\t<div class=\"et_pb_module_inner\">\n\t\t\t\t\t<div class=\"et_pb_button_module_wrappers dsm_button_0_wrapper  et_pb_module\">\n\t\t\t\t<a class=\"et_pb_button et_pb_button_one et_pb_bg_layout_light dsm-none\"  data-dsm-lightbox-id=\"dsm_button_one_lightbox dsm_button_0\"><span>&raquo;Kontakt<\/span><\/a><a class=\"et_pb_button et_pb_button_two et_pb_bg_layout_light dsm-none\"  data-dsm-lightbox-id=\"dsm_button_two_lightbox dsm_button_0\"><span>&raquo;Last<\/span><\/a>\n\t\t\t<\/div>\n\t\t\t\t<\/div>\n\t\t\t<\/div><\/p>","protected":false},"author":1,"featured_media":0,"parent":21,"menu_order":0,"comment_status":"closed","ping_status":"closed","template":"","meta":{"_et_pb_use_builder":"on","_et_pb_old_content":"","_et_gb_content_width":"","footnotes":""},"class_list":["post-644","page","type-page","status-publish","hentry"],"_links":{"self":[{"href":"https:\/\/allonboard.no\/en\/wp-json\/wp\/v2\/pages\/644","targetHints":{"allow":["GET"]}}],"collection":[{"href":"https:\/\/allonboard.no\/en\/wp-json\/wp\/v2\/pages"}],"about":[{"href":"https:\/\/allonboard.no\/en\/wp-json\/wp\/v2\/types\/page"}],"author":[{"embeddable":true,"href":"https:\/\/allonboard.no\/en\/wp-json\/wp\/v2\/users\/1"}],"replies":[{"embeddable":true,"href":"https:\/\/allonboard.no\/en\/wp-json\/wp\/v2\/comments?post=644"}],"version-history":[{"count":19,"href":"https:\/\/allonboard.no\/en\/wp-json\/wp\/v2\/pages\/644\/revisions"}],"predecessor-version":[{"id":3197,"href":"https:\/\/allonboard.no\/en\/wp-json\/wp\/v2\/pages\/644\/revisions\/3197"}],"up":[{"embeddable":true,"href":"https:\/\/allonboard.no\/en\/wp-json\/wp\/v2\/pages\/21"}],"wp:attachment":[{"href":"https:\/\/allonboard.no\/en\/wp-json\/wp\/v2\/media?parent=644"}],"curies":[{"name":"wp","href":"https:\/\/api.w.org\/{rel}","templated":true}]}}