{"id":1285,"date":"2023-03-14T15:55:06","date_gmt":"2023-03-14T14:55:06","guid":{"rendered":"http:\/\/allonboard.no\/?page_id=1285"},"modified":"2024-01-17T14:34:26","modified_gmt":"2024-01-17T13:34:26","slug":"stromstad","status":"publish","type":"page","link":"https:\/\/allonboard.no\/en\/destinasjoner\/stromstad\/","title":{"rendered":"Str\u00f8mstad"},"content":{"rendered":"<p>[et_pb_section fb_built=&raquo;1&#8243; custom_padding_last_edited=&raquo;on|phone&raquo; _builder_version=&raquo;4.20.4&#8243; _module_preset=&raquo;default&raquo; use_background_color_gradient=&raquo;on&raquo; background_color_gradient_stops=&raquo;rgba(1,20,32,0) 0%|rgba(1,20,32,0) 5%|#011420 100%&raquo; background_color_gradient_overlays_image=&raquo;on&raquo; background_image=&raquo;https:\/\/allonboard.no\/wp-content\/uploads\/2023\/05\/Stromstad_destinasjon.jpg&raquo; custom_padding=&raquo;200px||90px||false|false&raquo; custom_padding_tablet=&raquo;200px||200px||true|false&raquo; custom_padding_phone=&raquo;100px||40px||false|false&raquo; global_colors_info=&raquo;{}&raquo;][et_pb_row _builder_version=&raquo;4.19.4&#8243; _module_preset=&raquo;default&raquo; global_colors_info=&raquo;{}&raquo;][et_pb_column type=&raquo;4_4&#8243; _builder_version=&raquo;4.19.4&#8243; _module_preset=&raquo;default&raquo; global_colors_info=&raquo;{}&raquo;][et_pb_text _builder_version=&raquo;4.20.2&#8243; _module_preset=&raquo;default&raquo; header_font=&raquo;Lato|900|||||||&raquo; header_text_color=&raquo;#FFFFFF&raquo; header_font_size=&raquo;61px&raquo; custom_margin=&raquo;||8px|||&raquo; animation_direction=&raquo;bottom&raquo; header_font_size_tablet=&raquo;59px&raquo; header_font_size_phone=&raquo;45px&raquo; header_font_size_last_edited=&raquo;on|phone&raquo; global_colors_info=&raquo;{}&raquo;]<\/p>\n<h1>Str\u00f8mstad<\/h1>\n<p>[\/et_pb_text][et_pb_text _builder_version=&raquo;4.20.2&#8243; _module_preset=&raquo;default&raquo; header_2_font=&raquo;Lato|300|||||||&raquo; header_2_text_color=&raquo;#FFFFFF&raquo; header_2_font_size=&raquo;31px&raquo; custom_margin=&raquo;||19px|||&raquo; header_2_font_size_tablet=&raquo;45px&raquo; header_2_font_size_phone=&raquo;27px&raquo; header_2_font_size_last_edited=&raquo;on|phone&raquo; global_colors_info=&raquo;{}&raquo;]<\/p>\n<h2>Byen ligger ved inngangen til Sverige fra Norge og er et popul\u00e6rt reisem\u00e5l for nordmenn som \u00f8nsker \u00e5 nyte sol, sj\u00f8 og sand<\/h2>\n<p>[\/et_pb_text][\/et_pb_column][\/et_pb_row][\/et_pb_section][et_pb_section fb_built=&raquo;1&#8243; custom_padding_last_edited=&raquo;on|phone&raquo; _builder_version=&raquo;4.20.2&#8243; _module_preset=&raquo;default&raquo; custom_padding_tablet=&raquo;&raquo; custom_padding_phone=&raquo;10px||||false|false&raquo; global_colors_info=&raquo;{}&raquo;][et_pb_row column_structure=&raquo;1_2,1_2&#8243; use_custom_gutter=&raquo;on&raquo; gutter_width=&raquo;2&#8243; make_equal=&raquo;on&raquo; _builder_version=&raquo;4.20.2&#8243; _module_preset=&raquo;default&raquo; custom_margin=&raquo;|auto|37px|auto||&raquo; global_colors_info=&raquo;{}&raquo;][et_pb_column type=&raquo;1_2&#8243; _builder_version=&raquo;4.20.2&#8243; _module_preset=&raquo;default&raquo; global_colors_info=&raquo;{}&raquo;][et_pb_text _builder_version=&raquo;4.20.2&#8243; _module_preset=&raquo;default&raquo; header_font=&raquo;|800|||||||&raquo; header_text_color=&raquo;#012C3D&raquo; header_font_size=&raquo;31px&raquo; header_line_height=&raquo;1.1em&raquo; custom_margin=&raquo;||10px||false|false&raquo; animation_direction=&raquo;bottom&raquo; header_font_size_tablet=&raquo;36px&raquo; header_font_size_phone=&raquo;22px&raquo; header_font_size_last_edited=&raquo;on|phone&raquo; global_colors_info=&raquo;{}&raquo;]<\/p>\n<h1>Str\u00f8mstad er en vakker kystby i Sverige, kjent for sin avslappende atmosf\u00e6re og flotte natur.<\/h1>\n<p>[\/et_pb_text][et_pb_text _builder_version=&raquo;4.20.2&#8243; _module_preset=&raquo;default&raquo; text_font=&raquo;|300|||||||&raquo; text_text_color=&raquo;#011420&#8243; text_font_size=&raquo;17px&raquo; text_line_height=&raquo;1.2em&raquo; custom_margin=&raquo;||3px|||&raquo; text_font_size_tablet=&raquo;23px&raquo; text_font_size_phone=&raquo;17px&raquo; text_font_size_last_edited=&raquo;on|phone&raquo; global_colors_info=&raquo;{}&raquo;]<\/p>\n<p>Byen ligger ved inngangen til Sverige fra Norge og er et popul\u00e6rt reisem\u00e5l for nordmenn som \u00f8nsker \u00e5 nyte sol, sj\u00f8 og sand.<\/p>\n<p>En av de st\u00f8rste attraksjonene i Str\u00f8mstad er den pittoreske gamlebyen med brosteinsbelagte gater, fargerike trehus og sm\u00e5 butikker som selger alt fra sj\u00f8mat til suvenirer. Byen er ogs\u00e5 kjent for sin flotte havnepromenade, hvor man kan nyte en kaffe eller et m\u00e5ltid mens man ser p\u00e5 b\u00e5tene som kommer og g\u00e5r.<\/p>\n<p>For de som \u00f8nsker \u00e5 nyte naturen, er byen omgitt av vakre \u00f8yer og skj\u00e6rg\u00e5rd, og tilbyr mange utend\u00f8rsaktiviteter som fiske, seiling og b\u00e5tturer. Kosterhavet National Park, som er en av Sveriges vakreste nasjonalparker, ligger ogs\u00e5 i n\u00e6rheten av Str\u00f8mstad.<\/p>\n<p>Str\u00f8mstad er ogs\u00e5 et popul\u00e6rt sted for shopping, med flere kj\u00f8pesentre og et stort outlet-senter, Nordby Shoppingcenter, like utenfor byen. Med s\u00e5 mye \u00e5 tilby, er det ikke rart at Str\u00f8mstad har blitt et av de mest popul\u00e6re reisem\u00e5lene i Skandinavia.<\/p>\n<p>[\/et_pb_text][\/et_pb_column][et_pb_column type=&raquo;1_2&#8243; _builder_version=&raquo;4.20.2&#8243; _module_preset=&raquo;default&raquo; global_colors_info=&raquo;{}&raquo;][et_pb_image src=&raquo;https:\/\/allonboard.no\/wp-content\/uploads\/2023\/05\/Stromstad_destinasjon.jpg&raquo; alt=&raquo;Str\u00f8mstad&raquo; title_text=&raquo;Stromstad_destinasjon&raquo; module_class=&raquo;pa-full-height-image-column&raquo; _builder_version=&raquo;4.21.0&#8243; _module_preset=&raquo;default&raquo; border_radii=&raquo;on|20px|20px|20px|20px&raquo; global_colors_info=&raquo;{}&raquo;][\/et_pb_image][\/et_pb_column][\/et_pb_row][et_pb_row use_custom_gutter=&raquo;on&raquo; gutter_width=&raquo;2&#8243; make_equal=&raquo;on&raquo; _builder_version=&raquo;4.20.2&#8243; _module_preset=&raquo;default&raquo; custom_padding=&raquo;19px||3px|||&raquo; global_colors_info=&raquo;{}&raquo;][et_pb_column type=&raquo;4_4&#8243; _builder_version=&raquo;4.20.2&#8243; _module_preset=&raquo;default&raquo; global_colors_info=&raquo;{}&raquo;][et_pb_text _builder_version=&raquo;4.20.2&#8243; _module_preset=&raquo;default&raquo; header_font=&raquo;|800|||||||&raquo; header_text_color=&raquo;#012C3D&raquo; header_font_size=&raquo;28px&raquo; header_line_height=&raquo;1.1em&raquo; custom_margin=&raquo;||10px||false|false&raquo; animation_direction=&raquo;bottom&raquo; header_font_size_tablet=&raquo;36px&raquo; header_font_size_phone=&raquo;22px&raquo; header_font_size_last_edited=&raquo;on|phone&raquo; global_colors_info=&raquo;{}&raquo;]<\/p>\n<h1>Overnatting og aktiviteter<\/h1>\n<p>[\/et_pb_text][\/et_pb_column][\/et_pb_row][et_pb_row column_structure=&raquo;1_3,1_3,1_3&#8243; use_custom_gutter=&raquo;on&raquo; gutter_width=&raquo;2&#8243; make_equal=&raquo;on&raquo; _builder_version=&raquo;4.20.2&#8243; _module_preset=&raquo;default&raquo; custom_margin=&raquo;|auto|40px|auto||&raquo; custom_padding=&raquo;0px|||||&raquo; global_colors_info=&raquo;{}&raquo;][et_pb_column type=&raquo;1_3&#8243; _builder_version=&raquo;4.20.2&#8243; _module_preset=&raquo;default&raquo; global_colors_info=&raquo;{}&raquo;][dsm_card title=&raquo;Scandic Laholmen og Str\u00f8mstad Spa&raquo; content_horizontal_alignment=&raquo;flex-start&raquo; content_equal_height=&raquo;on&raquo; image=&raquo;https:\/\/allonboard.no\/wp-content\/uploads\/2023\/03\/Laholm-hotell.jpg&raquo; image_background_height=&raquo;180px&raquo; image_width=&raquo;100%&raquo; button_text=&raquo;Bes\u00f8k de her&raquo; button_url=&raquo;https:\/\/www.scandichotels.no\/hotell\/sverige\/stromstad\/scandic-laholmen&raquo; button_url_new_window=&raquo;1&#8243; _builder_version=&raquo;4.21.0&#8243; _module_preset=&raquo;default&raquo; badge_text_color=&raquo;#091B26&#8243; header_font=&raquo;|700|||||||&raquo; header_text_color=&raquo;#091B26&#8243; header_font_size=&raquo;19px&raquo; body_font=&raquo;|300|||||||&raquo; body_text_color=&raquo;#091B26&#8243; body_font_size=&raquo;12px&raquo; body_line_height=&raquo;1.3em&raquo; subhead_font=&raquo;|300|||||||&raquo; subhead_text_color=&raquo;#091B26&#8243; subhead_font_size=&raquo;12px&raquo; subhead_line_height=&raquo;1.3em&raquo; body_link_text_color=&raquo;#000000&#8243; background_color=&raquo;#EDF4F6&#8243; custom_button=&raquo;on&raquo; button_text_size=&raquo;13px&raquo; button_text_color=&raquo;#EDF4F6&#8243; button_bg_color=&raquo;#FF5F45&#8243; button_border_color=&raquo;#FF5F45&#8243; button_border_radius=&raquo;33px&raquo; button_icon=&raquo;&#x35;||divi||400&#8243; button_custom_padding=&raquo;0px||0px||true|true&raquo; border_radii=&raquo;on|20px|20px|20px|20px&raquo; global_colors_info=&raquo;{}&raquo;]<\/p>\n<p class=\"p1\">Skj\u00e6rg\u00e5rden nord i Bohuslen er fantastisk og med \u00f8ygruppen Koster, med sine 2000 \u00f8yer, rett utenfor er det en popul\u00e6r destinasjon om sommeren.<\/p>\n<p class=\"p1\">Vi er godt kjent i omr\u00e5det og kan ta dere med p\u00e5 en spennende tur i <a href=\"https:\/\/allonboard.no\/aktiviteter\/rib\/\">rib<\/a> eller <a href=\"https:\/\/allonboard.no\/aktiviteter\/seiling\/\">seilb\u00e5t<\/a>, og kanskje er det sel p\u00e5 Drammarna eller i kostersund.<\/p>\n<p class=\"p1\"><a href=\"https:\/\/allonboard.no\/aktiviteter\/ipad-race\/\">Ipadrace<\/a> er ogs\u00e5 en popul\u00e6r aktivitet for \u00e5 bli litt mer kjent i n\u00e6romr\u00e5det ved hotellene. <a href=\"https:\/\/allonboard.no\/aktiviteter\/olabil-race\/\">Olabilrace<\/a>, <a href=\"https:\/\/allonboard.no\/aktiviteter\/film-award\/\">Film awards<\/a> eller kanskje en av v\u00e5re inne-aktiviteter <a href=\"https:\/\/allonboard.no\/aktiviteter\/mord-pa-hotellet\/\">Mord p\u00e5 hotellet<\/a>, mobile escaperoom <a href=\"https:\/\/allonboard.no\/aktiviteter\/deadline\/\">Deadline<\/a> eller dronebygging er mer spennende?<\/p>\n<p>[\/dsm_card][\/et_pb_column][et_pb_column type=&raquo;1_3&#8243; _builder_version=&raquo;4.20.2&#8243; _module_preset=&raquo;default&raquo; global_colors_info=&raquo;{}&raquo;][\/et_pb_column][et_pb_column type=&raquo;1_3&#8243; _builder_version=&raquo;4.20.2&#8243; _module_preset=&raquo;default&raquo; global_colors_info=&raquo;{}&raquo;][\/et_pb_column][\/et_pb_row][\/et_pb_section]<\/p>\n","protected":false},"excerpt":{"rendered":"<p>Str\u00f8mstadByen ligger ved inngangen til Sverige fra Norge og er et popul\u00e6rt reisem\u00e5l for nordmenn som \u00f8nsker \u00e5 nyte sol, sj\u00f8 og sandStr\u00f8mstad er en vakker kystby i Sverige, kjent for sin avslappende atmosf\u00e6re og flotte natur.Byen ligger ved inngangen til Sverige fra Norge og er et popul\u00e6rt reisem\u00e5l for nordmenn som \u00f8nsker \u00e5 nyte sol, sj\u00f8 og sand. En av de st\u00f8rste attraksjonene i Str\u00f8mstad er den pittoreske gamlebyen med brosteinsbelagte gater, fargerike trehus og sm\u00e5 butikker som selger alt fra sj\u00f8mat til suvenirer. Byen er ogs\u00e5 kjent for sin flotte havnepromenade, hvor man kan nyte en kaffe eller et m\u00e5ltid mens man ser p\u00e5 b\u00e5tene som kommer og g\u00e5r. For de som \u00f8nsker \u00e5 nyte naturen, er byen omgitt av vakre \u00f8yer og skj\u00e6rg\u00e5rd, og tilbyr mange utend\u00f8rsaktiviteter som fiske, seiling og b\u00e5tturer. Kosterhavet National Park, som er en av Sveriges vakreste nasjonalparker, ligger ogs\u00e5 i n\u00e6rheten av Str\u00f8mstad. Str\u00f8mstad er ogs\u00e5 et popul\u00e6rt sted for shopping, med flere kj\u00f8pesentre og et stort outlet-senter, Nordby Shoppingcenter, like utenfor byen. Med s\u00e5 mye \u00e5 tilby, er det ikke rart at Str\u00f8mstad har blitt et av de mest popul\u00e6re reisem\u00e5lene i Skandinavia.Overnatting og aktiviteter<div class=\"et_pb_module dsm_card dsm_card_0 et_pb_bg_layout_light  dsm_card_layout_stacked\">\n\t\t\t\t\n\t\t\t\t\n\t\t\t\t\n\t\t\t\t\n\t\t\t\t\n\t\t\t\t\n\t\t\t\t<div class=\"et_pb_module_inner\">\n\t\t\t\t\t\n\t\t\t\n\t\t\t\n\t\t\t<div class=\"et_pb_module dsm_card_wrapper et_pb_text_align_left\">\n\t\t\t\t\t\n\t\t\t\t\t<h4 class=\"dsm_card_title et_pb_module_header\">&raquo;Scandic<\/h4>\n\t\t\t\t\t\n\t\t\t\t\t\n\t\t\t\t\t\n\t\t\t\t<\/div>\n\t\t\t\n\t\t\t\t<\/div>\n\t\t\t<\/div><\/p>","protected":false},"author":1,"featured_media":0,"parent":875,"menu_order":0,"comment_status":"closed","ping_status":"closed","template":"","meta":{"_et_pb_use_builder":"on","_et_pb_old_content":"<!-- wp:divi\/placeholder \/-->","_et_gb_content_width":"","footnotes":""},"class_list":["post-1285","page","type-page","status-publish","hentry"],"_links":{"self":[{"href":"https:\/\/allonboard.no\/en\/wp-json\/wp\/v2\/pages\/1285","targetHints":{"allow":["GET"]}}],"collection":[{"href":"https:\/\/allonboard.no\/en\/wp-json\/wp\/v2\/pages"}],"about":[{"href":"https:\/\/allonboard.no\/en\/wp-json\/wp\/v2\/types\/page"}],"author":[{"embeddable":true,"href":"https:\/\/allonboard.no\/en\/wp-json\/wp\/v2\/users\/1"}],"replies":[{"embeddable":true,"href":"https:\/\/allonboard.no\/en\/wp-json\/wp\/v2\/comments?post=1285"}],"version-history":[{"count":7,"href":"https:\/\/allonboard.no\/en\/wp-json\/wp\/v2\/pages\/1285\/revisions"}],"predecessor-version":[{"id":2126,"href":"https:\/\/allonboard.no\/en\/wp-json\/wp\/v2\/pages\/1285\/revisions\/2126"}],"up":[{"embeddable":true,"href":"https:\/\/allonboard.no\/en\/wp-json\/wp\/v2\/pages\/875"}],"wp:attachment":[{"href":"https:\/\/allonboard.no\/en\/wp-json\/wp\/v2\/media?parent=1285"}],"curies":[{"name":"wp","href":"https:\/\/api.w.org\/{rel}","templated":true}]}}