{"id":1280,"date":"2023-03-14T15:50:14","date_gmt":"2023-03-14T14:50:14","guid":{"rendered":"http:\/\/allonboard.no\/?page_id=1280"},"modified":"2024-01-17T14:32:52","modified_gmt":"2024-01-17T13:32:52","slug":"sarpsborg","status":"publish","type":"page","link":"https:\/\/allonboard.no\/en\/destinasjoner\/sarpsborg\/","title":{"rendered":"Sarpsborg"},"content":{"rendered":"<p>[et_pb_section fb_built=&raquo;1&#8243; custom_padding_last_edited=&raquo;on|phone&raquo; _builder_version=&raquo;4.20.4&#8243; _module_preset=&raquo;default&raquo; use_background_color_gradient=&raquo;on&raquo; background_color_gradient_stops=&raquo;rgba(1,20,32,0) 0%|rgba(1,20,32,0) 5%|#011420 100%&raquo; background_color_gradient_overlays_image=&raquo;on&raquo; background_image=&raquo;https:\/\/allonboard.no\/wp-content\/uploads\/2023\/02\/Seiling5-scaled.jpeg&raquo; custom_padding=&raquo;200px||90px||false|false&raquo; custom_padding_tablet=&raquo;200px||200px||true|false&raquo; custom_padding_phone=&raquo;100px||40px||false|false&raquo; global_colors_info=&raquo;{}&raquo;][et_pb_row _builder_version=&raquo;4.19.4&#8243; _module_preset=&raquo;default&raquo; global_colors_info=&raquo;{}&raquo;][et_pb_column type=&raquo;4_4&#8243; _builder_version=&raquo;4.19.4&#8243; _module_preset=&raquo;default&raquo; global_colors_info=&raquo;{}&raquo;][et_pb_text _builder_version=&raquo;4.20.2&#8243; _module_preset=&raquo;default&raquo; header_font=&raquo;Lato|900|||||||&raquo; header_text_color=&raquo;#FFFFFF&raquo; header_font_size=&raquo;61px&raquo; custom_margin=&raquo;||8px|||&raquo; animation_direction=&raquo;bottom&raquo; header_font_size_tablet=&raquo;59px&raquo; header_font_size_phone=&raquo;45px&raquo; header_font_size_last_edited=&raquo;on|phone&raquo; global_colors_info=&raquo;{}&raquo;]<\/p>\n<h1>Sarpsborg.<\/h1>\n<p>[\/et_pb_text][et_pb_text _builder_version=&raquo;4.20.2&#8243; _module_preset=&raquo;default&raquo; header_2_font=&raquo;Lato|300|||||||&raquo; header_2_text_color=&raquo;#FFFFFF&raquo; header_2_font_size=&raquo;31px&raquo; custom_margin=&raquo;||19px|||&raquo; header_2_font_size_tablet=&raquo;45px&raquo; header_2_font_size_phone=&raquo;27px&raquo; header_2_font_size_last_edited=&raquo;on|phone&raquo; global_colors_info=&raquo;{}&raquo;]<\/p>\n<h2>Byen er hjem til Borregaard, verdens mest avanserte bioraffineri og et av Norges st\u00f8rste industrianlegg, og byr p\u00e5 en rekke kulturelle og historiske severdigheter.<\/h2>\n<p>[\/et_pb_text][\/et_pb_column][\/et_pb_row][\/et_pb_section][et_pb_section fb_built=&raquo;1&#8243; custom_padding_last_edited=&raquo;on|phone&raquo; _builder_version=&raquo;4.20.2&#8243; _module_preset=&raquo;default&raquo; custom_padding_tablet=&raquo;&raquo; custom_padding_phone=&raquo;10px||||false|false&raquo; global_colors_info=&raquo;{}&raquo;][et_pb_row column_structure=&raquo;1_2,1_2&#8243; use_custom_gutter=&raquo;on&raquo; gutter_width=&raquo;2&#8243; make_equal=&raquo;on&raquo; _builder_version=&raquo;4.20.2&#8243; _module_preset=&raquo;default&raquo; custom_margin=&raquo;|auto|37px|auto||&raquo; global_colors_info=&raquo;{}&raquo;][et_pb_column type=&raquo;1_2&#8243; _builder_version=&raquo;4.20.2&#8243; _module_preset=&raquo;default&raquo; global_colors_info=&raquo;{}&raquo;][et_pb_text _builder_version=&raquo;4.20.2&#8243; _module_preset=&raquo;default&raquo; header_font=&raquo;|800|||||||&raquo; header_text_color=&raquo;#012C3D&raquo; header_font_size=&raquo;31px&raquo; header_line_height=&raquo;1.1em&raquo; custom_margin=&raquo;||10px||false|false&raquo; animation_direction=&raquo;bottom&raquo; header_font_size_tablet=&raquo;36px&raquo; header_font_size_phone=&raquo;22px&raquo; header_font_size_last_edited=&raquo;on|phone&raquo; global_colors_info=&raquo;{}&raquo;]<\/p>\n<h1>Sarpsborg er en by i \u00d8stfold, Norge, kjent for sin rike historie og vakre natur.<\/h1>\n<p>[\/et_pb_text][et_pb_text _builder_version=&raquo;4.20.2&#8243; _module_preset=&raquo;default&raquo; text_font=&raquo;|300|||||||&raquo; text_text_color=&raquo;#011420&#8243; text_font_size=&raquo;17px&raquo; text_line_height=&raquo;1.2em&raquo; custom_margin=&raquo;||3px|||&raquo; text_font_size_tablet=&raquo;23px&raquo; text_font_size_phone=&raquo;17px&raquo; text_font_size_last_edited=&raquo;on|phone&raquo; global_colors_info=&raquo;{}&raquo;]<\/p>\n<p>Byen er hjem til Borregaard, verdens mest avanserte bioraffineri og et av Norges st\u00f8rste industrianlegg, og byr p\u00e5 en rekke kulturelle og historiske severdigheter.<\/p>\n<p>En av de mest popul\u00e6re attraksjonene er Borgarsyssel Museum, et friluftsmuseum med over 20 historiske bygninger som tar deg tilbake til middelalderen og frem til 1900-tallet. Byen har ogs\u00e5 en rekke andre historiske steder, som Sarpsborg kirke og Tune skipsverft, som var en av de st\u00f8rste verftene i Norge p\u00e5 1800-tallet.<\/p>\n<p>For de som \u00f8nsker \u00e5 nyte naturen, har byen en rekke flotte turomr\u00e5der, inkludert Sarpsfossen, som er Norges st\u00f8rste foss m\u00e5lt i volum, og Kul\u00e5sparken, en stor park med flotte turstier og et popul\u00e6rt utend\u00f8rsbasseng om sommeren.<\/p>\n<p>Sarpsborg er ogs\u00e5 hjem til en rekke arrangementer og festivaler gjennom \u00e5ret, som Sarpsborg Markedsdager og Kul\u00e5sjazz, som tiltrekker seg bes\u00f8kende fra hele landet. Med s\u00e5 mye \u00e5 se og gj\u00f8re, er Sarpsborg et flott reisem\u00e5l for alle som \u00f8nsker \u00e5 oppleve Norges rike historie og vakre natur.<\/p>\n<p>[\/et_pb_text][\/et_pb_column][et_pb_column type=&raquo;1_2&#8243; _builder_version=&raquo;4.20.2&#8243; _module_preset=&raquo;default&raquo; global_colors_info=&raquo;{}&raquo;][et_pb_image src=&raquo;https:\/\/allonboard.no\/wp-content\/uploads\/2023\/02\/Seiling4-scaled.jpeg&raquo; title_text=&raquo;Seiling4&#8243; module_class=&raquo;pa-full-height-image-column&raquo; _builder_version=&raquo;4.20.4&#8243; _module_preset=&raquo;default&raquo; border_radii=&raquo;on|20px|20px|20px|20px&raquo; global_colors_info=&raquo;{}&raquo;][\/et_pb_image][\/et_pb_column][\/et_pb_row][et_pb_row use_custom_gutter=&raquo;on&raquo; gutter_width=&raquo;2&#8243; make_equal=&raquo;on&raquo; _builder_version=&raquo;4.20.2&#8243; _module_preset=&raquo;default&raquo; custom_padding=&raquo;19px||3px|||&raquo; global_colors_info=&raquo;{}&raquo;][et_pb_column type=&raquo;4_4&#8243; _builder_version=&raquo;4.20.2&#8243; _module_preset=&raquo;default&raquo; global_colors_info=&raquo;{}&raquo;][et_pb_text _builder_version=&raquo;4.20.2&#8243; _module_preset=&raquo;default&raquo; header_font=&raquo;|800|||||||&raquo; header_text_color=&raquo;#012C3D&raquo; header_font_size=&raquo;28px&raquo; header_line_height=&raquo;1.1em&raquo; custom_margin=&raquo;||10px||false|false&raquo; animation_direction=&raquo;bottom&raquo; header_font_size_tablet=&raquo;36px&raquo; header_font_size_phone=&raquo;22px&raquo; header_font_size_last_edited=&raquo;on|phone&raquo; global_colors_info=&raquo;{}&raquo;]<\/p>\n<h1>Overnatting og aktiviteter<\/h1>\n<p>[\/et_pb_text][\/et_pb_column][\/et_pb_row][et_pb_row column_structure=&raquo;1_3,1_3,1_3&#8243; use_custom_gutter=&raquo;on&raquo; gutter_width=&raquo;2&#8243; make_equal=&raquo;on&raquo; _builder_version=&raquo;4.20.2&#8243; _module_preset=&raquo;default&raquo; custom_margin=&raquo;|auto|40px|auto||&raquo; custom_padding=&raquo;0px|||||&raquo; global_colors_info=&raquo;{}&raquo;][et_pb_column type=&raquo;1_3&#8243; _builder_version=&raquo;4.20.2&#8243; _module_preset=&raquo;default&raquo; global_colors_info=&raquo;{}&raquo;][dsm_card title=&raquo;Hafslund hovedg\u00e5rd &raquo; content_horizontal_alignment=&raquo;flex-start&raquo; content_equal_height=&raquo;on&raquo; image=&raquo;https:\/\/allonboard.no\/wp-content\/uploads\/2023\/03\/Hafslund-hovedgard-.jpg&raquo; image_background_height=&raquo;180px&raquo; image_width=&raquo;100%&raquo; button_text=&raquo;Bes\u00f8k de her&raquo; button_url=&raquo;https:\/\/hafslundhovedgaard.no\/&raquo; button_url_new_window=&raquo;1&#8243; _builder_version=&raquo;4.21.0&#8243; _module_preset=&raquo;default&raquo; badge_text_color=&raquo;#091B26&#8243; header_font=&raquo;|700|||||||&raquo; header_text_color=&raquo;#091B26&#8243; header_font_size=&raquo;19px&raquo; body_font=&raquo;|300|||||||&raquo; body_text_color=&raquo;#091B26&#8243; body_font_size=&raquo;12px&raquo; body_line_height=&raquo;1.2em&raquo; subhead_font=&raquo;|300|||||||&raquo; subhead_text_color=&raquo;#091B26&#8243; subhead_font_size=&raquo;12px&raquo; subhead_line_height=&raquo;1.3em&raquo; background_color=&raquo;#EDF4F6&#8243; custom_button=&raquo;on&raquo; button_text_size=&raquo;13px&raquo; button_text_color=&raquo;#EDF4F6&#8243; button_bg_color=&raquo;#FF5F45&#8243; button_border_color=&raquo;#FF5F45&#8243; button_border_radius=&raquo;33px&raquo; button_icon=&raquo;&#x35;||divi||400&#8243; button_custom_padding=&raquo;0px||0px||true|true&raquo; hover_enabled=&raquo;0&#8243; border_radii=&raquo;on|20px|20px|20px|20px&raquo; global_colors_info=&raquo;{}&raquo; sticky_enabled=&raquo;0&#8243; body_link_text_color=&raquo;#000000&#8243; body_link_font=&raquo;||||||||&raquo;]<\/p>\n<p class=\"p1\">Dette er virkelig en skjult perle i Sarpsborg, med bygninger fra barokktiden og moderne m\u00f8teromsfasiliteter. Kanskje en av Norges fineste herreg\u00e5rder? G\u00e5rden har siden 1400-tallet v\u00e6rt et nedslagsfelt for kunst og kultur, og representerer en svunnen tid i norsk historie.<span class=\"Apple-converted-space\">\u00a0<\/span><\/p>\n<p class=\"p1\">Av aktiviteter vi kan ha p\u00e5 Hafslund hovedg\u00e5rd kan vi stille med <a href=\"https:\/\/allonboard.no\/aktiviteter\/mord-pa-hotellet\/\">Mord p\u00e5 hotellet<\/a> eller v\u00e5rt mobile escaperoom <a href=\"https:\/\/allonboard.no\/aktiviteter\/deadline\/\">Deadline<\/a>, <a href=\"https:\/\/allonboard.no\/aktiviteter\/olabil-race\/\">Olabilrace<\/a>, <a href=\"https:\/\/allonboard.no\/aktiviteter\/ipad-race\/\">Ipadrace<\/a>, LOLympiske leker, <a href=\"https:\/\/allonboard.no\/aktiviteter\/film-award\/\">Film awards<\/a>, ute eller inne hele \u00e5ret rundt. <a href=\"https:\/\/allonboard.no\/aktiviteter\/rib\/\">Rib<\/a> eller <a href=\"https:\/\/allonboard.no\/aktiviteter\/seiling\/\">seiling<\/a> anbefales en kort kj\u00f8retur til Skjebergkilen, med kort avstand ut i \u00e5pent farvann.<\/p>\n<p>[\/dsm_card][\/et_pb_column][et_pb_column type=&raquo;1_3&#8243; _builder_version=&raquo;4.20.2&#8243; _module_preset=&raquo;default&raquo; global_colors_info=&raquo;{}&raquo;][\/et_pb_column][et_pb_column type=&raquo;1_3&#8243; _builder_version=&raquo;4.20.2&#8243; _module_preset=&raquo;default&raquo; global_colors_info=&raquo;{}&raquo;][\/et_pb_column][\/et_pb_row][\/et_pb_section]<\/p>\n","protected":false},"excerpt":{"rendered":"<p>Sarpsborg.Byen er hjem til Borregaard, verdens mest avanserte bioraffineri og et av Norges st\u00f8rste industrianlegg, og byr p\u00e5 en rekke kulturelle og historiske severdigheter.Sarpsborg er en by i \u00d8stfold, Norge, kjent for sin rike historie og vakre natur.Byen er hjem til Borregaard, verdens mest avanserte bioraffineri og et av Norges st\u00f8rste industrianlegg, og byr p\u00e5 en rekke kulturelle og historiske severdigheter. En av de mest popul\u00e6re attraksjonene er Borgarsyssel Museum, et friluftsmuseum med over 20 historiske bygninger som tar deg tilbake til middelalderen og frem til 1900-tallet. Byen har ogs\u00e5 en rekke andre historiske steder, som Sarpsborg kirke og Tune skipsverft, som var en av de st\u00f8rste verftene i Norge p\u00e5 1800-tallet. For de som \u00f8nsker \u00e5 nyte naturen, har byen en rekke flotte turomr\u00e5der, inkludert Sarpsfossen, som er Norges st\u00f8rste foss m\u00e5lt i volum, og Kul\u00e5sparken, en stor park med flotte turstier og et popul\u00e6rt utend\u00f8rsbasseng om sommeren. Sarpsborg er ogs\u00e5 hjem til en rekke arrangementer og festivaler gjennom \u00e5ret, som Sarpsborg Markedsdager og Kul\u00e5sjazz, som tiltrekker seg bes\u00f8kende fra hele landet. Med s\u00e5 mye \u00e5 se og gj\u00f8re, er Sarpsborg et flott reisem\u00e5l for alle som \u00f8nsker \u00e5 oppleve Norges rike historie og vakre natur.Overnatting og aktiviteter<div class=\"et_pb_module dsm_card dsm_card_0 et_pb_bg_layout_light  dsm_card_layout_stacked\">\n\t\t\t\t\n\t\t\t\t\n\t\t\t\t\n\t\t\t\t\n\t\t\t\t\n\t\t\t\t\n\t\t\t\t<div class=\"et_pb_module_inner\">\n\t\t\t\t\t\n\t\t\t\n\t\t\t\n\t\t\t<div class=\"et_pb_module dsm_card_wrapper et_pb_text_align_left\">\n\t\t\t\t\t\n\t\t\t\t\t<h4 class=\"dsm_card_title et_pb_module_header\">&raquo;Hafslund<\/h4>\n\t\t\t\t\t\n\t\t\t\t\t\n\t\t\t\t\t\n\t\t\t\t<\/div>\n\t\t\t\n\t\t\t\t<\/div>\n\t\t\t<\/div><\/p>","protected":false},"author":1,"featured_media":0,"parent":875,"menu_order":0,"comment_status":"closed","ping_status":"closed","template":"","meta":{"_et_pb_use_builder":"on","_et_pb_old_content":"<!-- wp:divi\/placeholder \/-->","_et_gb_content_width":"","footnotes":""},"class_list":["post-1280","page","type-page","status-publish","hentry"],"_links":{"self":[{"href":"https:\/\/allonboard.no\/en\/wp-json\/wp\/v2\/pages\/1280","targetHints":{"allow":["GET"]}}],"collection":[{"href":"https:\/\/allonboard.no\/en\/wp-json\/wp\/v2\/pages"}],"about":[{"href":"https:\/\/allonboard.no\/en\/wp-json\/wp\/v2\/types\/page"}],"author":[{"embeddable":true,"href":"https:\/\/allonboard.no\/en\/wp-json\/wp\/v2\/users\/1"}],"replies":[{"embeddable":true,"href":"https:\/\/allonboard.no\/en\/wp-json\/wp\/v2\/comments?post=1280"}],"version-history":[{"count":5,"href":"https:\/\/allonboard.no\/en\/wp-json\/wp\/v2\/pages\/1280\/revisions"}],"predecessor-version":[{"id":1908,"href":"https:\/\/allonboard.no\/en\/wp-json\/wp\/v2\/pages\/1280\/revisions\/1908"}],"up":[{"embeddable":true,"href":"https:\/\/allonboard.no\/en\/wp-json\/wp\/v2\/pages\/875"}],"wp:attachment":[{"href":"https:\/\/allonboard.no\/en\/wp-json\/wp\/v2\/media?parent=1280"}],"curies":[{"name":"wp","href":"https:\/\/api.w.org\/{rel}","templated":true}]}}