{"id":1262,"date":"2023-03-14T15:33:32","date_gmt":"2023-03-14T14:33:32","guid":{"rendered":"http:\/\/allonboard.no\/?page_id=1262"},"modified":"2024-01-17T14:27:35","modified_gmt":"2024-01-17T13:27:35","slug":"stotvig","status":"publish","type":"page","link":"https:\/\/allonboard.no\/en\/destinasjoner\/stotvig\/","title":{"rendered":"St\u00f8tvig"},"content":{"rendered":"<p>[et_pb_section fb_built=&raquo;1&#8243; custom_padding_last_edited=&raquo;on|phone&raquo; _builder_version=&raquo;4.20.2&#8243; _module_preset=&raquo;default&raquo; use_background_color_gradient=&raquo;on&raquo; background_color_gradient_stops=&raquo;rgba(1,20,32,0) 0%|rgba(1,20,32,0) 5%|#011420 100%&raquo; background_color_gradient_overlays_image=&raquo;on&raquo; background_image=&raquo;https:\/\/allonboard.no\/wp-content\/uploads\/2023\/03\/Stotvig.jpg&raquo; custom_padding=&raquo;200px||90px||false|false&raquo; custom_padding_tablet=&raquo;200px||200px||true|false&raquo; custom_padding_phone=&raquo;100px||40px||false|false&raquo; global_colors_info=&raquo;{}&raquo;][et_pb_row _builder_version=&raquo;4.19.4&#8243; _module_preset=&raquo;default&raquo; global_colors_info=&raquo;{}&raquo;][et_pb_column type=&raquo;4_4&#8243; _builder_version=&raquo;4.19.4&#8243; _module_preset=&raquo;default&raquo; global_colors_info=&raquo;{}&raquo;][et_pb_text _builder_version=&raquo;4.20.2&#8243; _module_preset=&raquo;default&raquo; header_font=&raquo;Lato|900|||||||&raquo; header_text_color=&raquo;#FFFFFF&raquo; header_font_size=&raquo;61px&raquo; custom_margin=&raquo;||8px|||&raquo; animation_direction=&raquo;bottom&raquo; header_font_size_tablet=&raquo;59px&raquo; header_font_size_phone=&raquo;45px&raquo; header_font_size_last_edited=&raquo;on|phone&raquo; global_colors_info=&raquo;{}&raquo;]<\/p>\n<h1>St\u00f8tvig<\/h1>\n<p>[\/et_pb_text][et_pb_text _builder_version=&raquo;4.20.2&#8243; _module_preset=&raquo;default&raquo; header_2_font=&raquo;Lato|300|||||||&raquo; header_2_text_color=&raquo;#FFFFFF&raquo; header_2_font_size=&raquo;31px&raquo; custom_margin=&raquo;||19px|||&raquo; header_2_font_size_tablet=&raquo;45px&raquo; header_2_font_size_phone=&raquo;27px&raquo; header_2_font_size_last_edited=&raquo;on|phone&raquo; global_colors_info=&raquo;{}&raquo;]<\/p>\n<h2>Omr\u00e5det er kjent for sin vakre beliggenhet ved sj\u00f8en og flotte friluftsmuligheter<\/h2>\n<p>[\/et_pb_text][\/et_pb_column][\/et_pb_row][\/et_pb_section][et_pb_section fb_built=&raquo;1&#8243; custom_padding_last_edited=&raquo;on|phone&raquo; _builder_version=&raquo;4.20.2&#8243; _module_preset=&raquo;default&raquo; custom_padding_tablet=&raquo;&raquo; custom_padding_phone=&raquo;10px||||false|false&raquo; global_colors_info=&raquo;{}&raquo;][et_pb_row column_structure=&raquo;1_2,1_2&#8243; use_custom_gutter=&raquo;on&raquo; gutter_width=&raquo;2&#8243; make_equal=&raquo;on&raquo; _builder_version=&raquo;4.20.2&#8243; _module_preset=&raquo;default&raquo; custom_margin=&raquo;|auto|37px|auto||&raquo; global_colors_info=&raquo;{}&raquo;][et_pb_column type=&raquo;1_2&#8243; _builder_version=&raquo;4.20.2&#8243; _module_preset=&raquo;default&raquo; global_colors_info=&raquo;{}&raquo;][et_pb_text _builder_version=&raquo;4.20.2&#8243; _module_preset=&raquo;default&raquo; header_font=&raquo;|800|||||||&raquo; header_text_color=&raquo;#012C3D&raquo; header_font_size=&raquo;31px&raquo; header_line_height=&raquo;1.1em&raquo; custom_margin=&raquo;||10px||false|false&raquo; animation_direction=&raquo;bottom&raquo; header_font_size_tablet=&raquo;36px&raquo; header_font_size_phone=&raquo;22px&raquo; header_font_size_last_edited=&raquo;on|phone&raquo; global_colors_info=&raquo;{}&raquo;]<\/p>\n<h1>St\u00f8tvig er et idyllisk tettsted som ligger langs kysten i Moss kommune i \u00d8stfold.<\/h1>\n<p>[\/et_pb_text][et_pb_text _builder_version=&raquo;4.20.2&#8243; _module_preset=&raquo;default&raquo; text_font=&raquo;|300|||||||&raquo; text_text_color=&raquo;#011420&#8243; text_font_size=&raquo;17px&raquo; text_line_height=&raquo;1.2em&raquo; custom_margin=&raquo;||3px|||&raquo; text_font_size_tablet=&raquo;23px&raquo; text_font_size_phone=&raquo;17px&raquo; text_font_size_last_edited=&raquo;on|phone&raquo; global_colors_info=&raquo;{}&raquo;]<\/p>\n<p>Omr\u00e5det er kjent for sin vakre beliggenhet ved sj\u00f8en og flotte friluftsmuligheter.<\/p>\n<p>St\u00f8tvig har flere fine badestrender og et yrende b\u00e5tliv i sommerm\u00e5nedene, og det er mulig \u00e5 leie b\u00e5ter og kajakker for \u00e5 utforske kystlinjen og de n\u00e6rliggende \u00f8yene. Det er ogs\u00e5 flere turstier og sykkelveier som g\u00e5r gjennom omr\u00e5det, og som gir flotte utsikter over havet og landskapet rundt.<\/p>\n<p>For de som er interessert i kultur og historie, har St\u00f8tvig ogs\u00e5 flere spennende steder \u00e5 bes\u00f8ke. Blant annet ligger Moss Havnemuseum i omr\u00e5det, som viser historien til Moss som en viktig havneby. Det finnes ogs\u00e5 flere kunstgallerier og verksteder i omr\u00e5det, som gir muligheter for \u00e5 oppleve lokal kunst og h\u00e5ndverk.<\/p>\n<p>St\u00f8tvig er ogs\u00e5 et popul\u00e6rt sted \u00e5 bes\u00f8ke for \u00e5 nyte god mat og drikke. Det er flere restauranter og kafeer langs kysten som serverer lokal mat og sj\u00f8mat, og det er mulig \u00e5 overnatte p\u00e5 et av de mange hotellene og campingplassene i omr\u00e5det.<\/p>\n<p>Enten du er interessert i friluftsliv, kultur eller mat og drikke, er St\u00f8tvig i Moss kommune et flott sted \u00e5 bes\u00f8ke for \u00e5 oppleve alt det vakre kystomr\u00e5det har \u00e5 tilby.<\/p>\n<p>[\/et_pb_text][\/et_pb_column][et_pb_column type=&raquo;1_2&#8243; _builder_version=&raquo;4.20.2&#8243; _module_preset=&raquo;default&raquo; global_colors_info=&raquo;{}&raquo;][et_pb_image src=&raquo;https:\/\/allonboard.no\/wp-content\/uploads\/2023\/03\/Stotvig.jpg&raquo; alt=&raquo;St\u00f8tvig&raquo; title_text=&raquo;St\u00f8tvig&raquo; module_class=&raquo;pa-full-height-image-column&raquo; _builder_version=&raquo;4.21.0&#8243; _module_preset=&raquo;default&raquo; border_radii=&raquo;on|20px|20px|20px|20px&raquo; global_colors_info=&raquo;{}&raquo;][\/et_pb_image][et_pb_text _builder_version=&raquo;4.20.4&#8243; _module_preset=&raquo;default&raquo; text_font=&raquo;|300|||||||&raquo; text_text_color=&raquo;#091B26&#8243; text_font_size=&raquo;10px&raquo; text_line_height=&raquo;1.2em&raquo; text_orientation=&raquo;right&raquo; custom_margin=&raquo;||3px|||&raquo; text_font_size_tablet=&raquo;23px&raquo; text_font_size_phone=&raquo;17px&raquo; text_font_size_last_edited=&raquo;on|phone&raquo; global_colors_info=&raquo;{}&raquo;]<\/p>\n<p>Foto: Helge H\u00f8if\u00f8dt \/ Wikimedia Commons<\/p>\n<p>[\/et_pb_text][\/et_pb_column][\/et_pb_row][et_pb_row use_custom_gutter=&raquo;on&raquo; gutter_width=&raquo;2&#8243; make_equal=&raquo;on&raquo; _builder_version=&raquo;4.20.2&#8243; _module_preset=&raquo;default&raquo; custom_padding=&raquo;19px||3px|||&raquo; global_colors_info=&raquo;{}&raquo;][et_pb_column type=&raquo;4_4&#8243; _builder_version=&raquo;4.20.2&#8243; _module_preset=&raquo;default&raquo; global_colors_info=&raquo;{}&raquo;][et_pb_text _builder_version=&raquo;4.20.2&#8243; _module_preset=&raquo;default&raquo; header_font=&raquo;|800|||||||&raquo; header_text_color=&raquo;#012C3D&raquo; header_font_size=&raquo;28px&raquo; header_line_height=&raquo;1.1em&raquo; custom_margin=&raquo;||10px||false|false&raquo; animation_direction=&raquo;bottom&raquo; header_font_size_tablet=&raquo;36px&raquo; header_font_size_phone=&raquo;22px&raquo; header_font_size_last_edited=&raquo;on|phone&raquo; global_colors_info=&raquo;{}&raquo;]<\/p>\n<h1>Overnatting og aktiviteter<\/h1>\n<p>[\/et_pb_text][\/et_pb_column][\/et_pb_row][et_pb_row column_structure=&raquo;1_3,1_3,1_3&#8243; use_custom_gutter=&raquo;on&raquo; gutter_width=&raquo;2&#8243; make_equal=&raquo;on&raquo; _builder_version=&raquo;4.20.2&#8243; _module_preset=&raquo;default&raquo; custom_margin=&raquo;|auto|40px|auto||&raquo; custom_padding=&raquo;0px|||||&raquo; global_colors_info=&raquo;{}&raquo;][et_pb_column type=&raquo;1_3&#8243; _builder_version=&raquo;4.20.2&#8243; _module_preset=&raquo;default&raquo; global_colors_info=&raquo;{}&raquo;][dsm_card title=&raquo;St\u00f8tvig Hotell&raquo; content_horizontal_alignment=&raquo;flex-start&raquo; content_equal_height=&raquo;on&raquo; image=&raquo;https:\/\/allonboard.no\/wp-content\/uploads\/2023\/03\/Stotvig-Hotell.jpg&raquo; image_background_height=&raquo;180px&raquo; image_width=&raquo;100%&raquo; button_text=&raquo;Bes\u00f8k de her&raquo; button_url=&raquo;https:\/\/www.stotvighotel.com\/&raquo; button_url_new_window=&raquo;1&#8243; _builder_version=&raquo;4.21.0&#8243; _module_preset=&raquo;default&raquo; badge_text_color=&raquo;#091B26&#8243; header_font=&raquo;|700|||||||&raquo; header_text_color=&raquo;#091B26&#8243; header_font_size=&raquo;19px&raquo; body_font=&raquo;|300|||||||&raquo; body_text_color=&raquo;#091B26&#8243; body_font_size=&raquo;12px&raquo; body_line_height=&raquo;1.3em&raquo; subhead_font=&raquo;|300|||||||&raquo; subhead_text_color=&raquo;#091B26&#8243; subhead_font_size=&raquo;12px&raquo; subhead_line_height=&raquo;1.3em&raquo; body_link_text_color=&raquo;#000000&#8243; background_color=&raquo;#EDF4F6&#8243; custom_button=&raquo;on&raquo; button_text_size=&raquo;13px&raquo; button_text_color=&raquo;#EDF4F6&#8243; button_bg_color=&raquo;#FF5F45&#8243; button_border_color=&raquo;#FF5F45&#8243; button_border_radius=&raquo;33px&raquo; button_icon=&raquo;&#x35;||divi||400&#8243; button_custom_padding=&raquo;0px||0px||true|true&raquo; border_radii=&raquo;on|20px|20px|20px|20px&raquo; global_colors_info=&raquo;{}&raquo;]<\/p>\n<p class=\"p1\">Hotellet bygget opp med tanken \u00abet godt sted \u00e5 komme hjem til\u00bb med inspirasjon fra Hamptons og New Englands -looket. Stedet har et meget fint spa og delikate rom.<\/p>\n<p class=\"p1\">P\u00e5 St\u00f8tvig har vi arrangert ulike aktiviteter siden \u00e5pningen i 2013, og kjenner omr\u00e5det godt.<\/p>\n<p class=\"p1\">Hotellet ligger perfekt til for \u00e5 starte en RIB tur, eller Seiling. Andre utend\u00f8rs aktiviteter vi ofte har p\u00e5 St\u00f8tvig er iPad Race, Mesternes Mester, Kompani Hvermansen og Olabilrace.<\/p>\n<p class=\"p1\">Innend\u00f8rs er hotellet godt egnet for <a href=\"https:\/\/allonboard.no\/aktiviteter\/deadline\/\">Deadline<\/a>, Dronebygging, <a href=\"https:\/\/allonboard.no\/aktiviteter\/film-award\/\">Film award<\/a>, <a href=\"https:\/\/allonboard.no\/aktiviteter\/mord-pa-hotellet\/\">Mord p\u00e5 hotellet<\/a> og <a href=\"https:\/\/allonboard.no\/aktiviteter\/paint-and-sip\/\">Paint and sip<\/a>.<\/p>\n<p>[\/dsm_card][\/et_pb_column][et_pb_column type=&raquo;1_3&#8243; _builder_version=&raquo;4.20.2&#8243; _module_preset=&raquo;default&raquo; global_colors_info=&raquo;{}&raquo;][\/et_pb_column][et_pb_column type=&raquo;1_3&#8243; _builder_version=&raquo;4.20.2&#8243; _module_preset=&raquo;default&raquo; global_colors_info=&raquo;{}&raquo;][\/et_pb_column][\/et_pb_row][\/et_pb_section]<\/p>\n","protected":false},"excerpt":{"rendered":"<p>St\u00f8tvigOmr\u00e5det er kjent for sin vakre beliggenhet ved sj\u00f8en og flotte friluftsmuligheterSt\u00f8tvig er et idyllisk tettsted som ligger langs kysten i Moss kommune i \u00d8stfold.Omr\u00e5det er kjent for sin vakre beliggenhet ved sj\u00f8en og flotte friluftsmuligheter. St\u00f8tvig har flere fine badestrender og et yrende b\u00e5tliv i sommerm\u00e5nedene, og det er mulig \u00e5 leie b\u00e5ter og kajakker for \u00e5 utforske kystlinjen og de n\u00e6rliggende \u00f8yene. Det er ogs\u00e5 flere turstier og sykkelveier som g\u00e5r gjennom omr\u00e5det, og som gir flotte utsikter over havet og landskapet rundt. For de som er interessert i kultur og historie, har St\u00f8tvig ogs\u00e5 flere spennende steder \u00e5 bes\u00f8ke. Blant annet ligger Moss Havnemuseum i omr\u00e5det, som viser historien til Moss som en viktig havneby. Det finnes ogs\u00e5 flere kunstgallerier og verksteder i omr\u00e5det, som gir muligheter for \u00e5 oppleve lokal kunst og h\u00e5ndverk. St\u00f8tvig er ogs\u00e5 et popul\u00e6rt sted \u00e5 bes\u00f8ke for \u00e5 nyte god mat og drikke. Det er flere restauranter og kafeer langs kysten som serverer lokal mat og sj\u00f8mat, og det er mulig \u00e5 overnatte p\u00e5 et av de mange hotellene og campingplassene i omr\u00e5det. Enten du er interessert i friluftsliv, kultur eller mat og drikke, er St\u00f8tvig i Moss kommune et flott [&hellip;]<\/p>\n","protected":false},"author":1,"featured_media":0,"parent":875,"menu_order":0,"comment_status":"closed","ping_status":"closed","template":"","meta":{"_et_pb_use_builder":"on","_et_pb_old_content":"<!-- wp:divi\/placeholder \/-->","_et_gb_content_width":"","footnotes":""},"class_list":["post-1262","page","type-page","status-publish","hentry"],"_links":{"self":[{"href":"https:\/\/allonboard.no\/en\/wp-json\/wp\/v2\/pages\/1262","targetHints":{"allow":["GET"]}}],"collection":[{"href":"https:\/\/allonboard.no\/en\/wp-json\/wp\/v2\/pages"}],"about":[{"href":"https:\/\/allonboard.no\/en\/wp-json\/wp\/v2\/types\/page"}],"author":[{"embeddable":true,"href":"https:\/\/allonboard.no\/en\/wp-json\/wp\/v2\/users\/1"}],"replies":[{"embeddable":true,"href":"https:\/\/allonboard.no\/en\/wp-json\/wp\/v2\/comments?post=1262"}],"version-history":[{"count":6,"href":"https:\/\/allonboard.no\/en\/wp-json\/wp\/v2\/pages\/1262\/revisions"}],"predecessor-version":[{"id":2119,"href":"https:\/\/allonboard.no\/en\/wp-json\/wp\/v2\/pages\/1262\/revisions\/2119"}],"up":[{"embeddable":true,"href":"https:\/\/allonboard.no\/en\/wp-json\/wp\/v2\/pages\/875"}],"wp:attachment":[{"href":"https:\/\/allonboard.no\/en\/wp-json\/wp\/v2\/media?parent=1262"}],"curies":[{"name":"wp","href":"https:\/\/api.w.org\/{rel}","templated":true}]}}