{"id":1257,"date":"2023-03-14T15:27:17","date_gmt":"2023-03-14T14:27:17","guid":{"rendered":"http:\/\/allonboard.no\/?page_id=1257"},"modified":"2024-01-17T14:25:11","modified_gmt":"2024-01-17T13:25:11","slug":"son","status":"publish","type":"page","link":"https:\/\/allonboard.no\/en\/destinasjoner\/son\/","title":{"rendered":"Son"},"content":{"rendered":"<p>[et_pb_section fb_built=&raquo;1&#8243; custom_padding_last_edited=&raquo;on|phone&raquo; _builder_version=&raquo;4.20.4&#8243; _module_preset=&raquo;default&raquo; use_background_color_gradient=&raquo;on&raquo; background_color_gradient_stops=&raquo;rgba(1,20,32,0) 0%|rgba(1,20,32,0) 5%|#011420 100%&raquo; background_color_gradient_overlays_image=&raquo;on&raquo; background_image=&raquo;https:\/\/allonboard.no\/wp-content\/uploads\/2023\/02\/Seiling4-scaled.jpeg&raquo; custom_padding=&raquo;200px||90px||false|false&raquo; custom_padding_tablet=&raquo;200px||200px||true|false&raquo; custom_padding_phone=&raquo;100px||40px||false|false&raquo; global_colors_info=&raquo;{}&raquo;][et_pb_row _builder_version=&raquo;4.19.4&#8243; _module_preset=&raquo;default&raquo; global_colors_info=&raquo;{}&raquo;][et_pb_column type=&raquo;4_4&#8243; _builder_version=&raquo;4.19.4&#8243; _module_preset=&raquo;default&raquo; global_colors_info=&raquo;{}&raquo;][et_pb_text _builder_version=&raquo;4.20.2&#8243; _module_preset=&raquo;default&raquo; header_font=&raquo;Lato|900|||||||&raquo; header_text_color=&raquo;#FFFFFF&raquo; header_font_size=&raquo;61px&raquo; custom_margin=&raquo;||8px|||&raquo; animation_direction=&raquo;bottom&raquo; header_font_size_tablet=&raquo;59px&raquo; header_font_size_phone=&raquo;45px&raquo; header_font_size_last_edited=&raquo;on|phone&raquo; global_colors_info=&raquo;{}&raquo;]<\/p>\n<h1>Son<\/h1>\n<p>[\/et_pb_text][et_pb_text _builder_version=&raquo;4.20.2&#8243; _module_preset=&raquo;default&raquo; header_2_font=&raquo;Lato|300|||||||&raquo; header_2_text_color=&raquo;#FFFFFF&raquo; header_2_font_size=&raquo;31px&raquo; custom_margin=&raquo;||19px|||&raquo; header_2_font_size_tablet=&raquo;45px&raquo; header_2_font_size_phone=&raquo;27px&raquo; header_2_font_size_last_edited=&raquo;on|phone&raquo; global_colors_info=&raquo;{}&raquo;]<\/p>\n<h2>Son omgitt av vakre strender og turstier som kan utforskes til fots eller med sykkel<\/h2>\n<p>[\/et_pb_text][\/et_pb_column][\/et_pb_row][\/et_pb_section][et_pb_section fb_built=&raquo;1&#8243; custom_padding_last_edited=&raquo;on|phone&raquo; _builder_version=&raquo;4.20.2&#8243; _module_preset=&raquo;default&raquo; custom_padding_tablet=&raquo;&raquo; custom_padding_phone=&raquo;10px||||false|false&raquo; global_colors_info=&raquo;{}&raquo;][et_pb_row column_structure=&raquo;1_2,1_2&#8243; use_custom_gutter=&raquo;on&raquo; gutter_width=&raquo;2&#8243; make_equal=&raquo;on&raquo; _builder_version=&raquo;4.20.2&#8243; _module_preset=&raquo;default&raquo; custom_margin=&raquo;|auto|37px|auto||&raquo; global_colors_info=&raquo;{}&raquo;][et_pb_column type=&raquo;1_2&#8243; _builder_version=&raquo;4.20.2&#8243; _module_preset=&raquo;default&raquo; global_colors_info=&raquo;{}&raquo;][et_pb_text _builder_version=&raquo;4.20.2&#8243; _module_preset=&raquo;default&raquo; header_font=&raquo;|800|||||||&raquo; header_text_color=&raquo;#012C3D&raquo; header_font_size=&raquo;31px&raquo; header_line_height=&raquo;1.1em&raquo; custom_margin=&raquo;||10px||false|false&raquo; animation_direction=&raquo;bottom&raquo; header_font_size_tablet=&raquo;36px&raquo; header_font_size_phone=&raquo;22px&raquo; header_font_size_last_edited=&raquo;on|phone&raquo; global_colors_info=&raquo;{}&raquo;]<\/p>\n<h1>Son er en idyllisk liten kystby som ligger i Akershus, omtrent en times kj\u00f8retur fra Oslo.<\/h1>\n<p>[\/et_pb_text][et_pb_text _builder_version=&raquo;4.20.2&#8243; _module_preset=&raquo;default&raquo; text_font=&raquo;|300|||||||&raquo; text_text_color=&raquo;#011420&#8243; text_font_size=&raquo;17px&raquo; text_line_height=&raquo;1.2em&raquo; custom_margin=&raquo;||3px|||&raquo; text_font_size_tablet=&raquo;23px&raquo; text_font_size_phone=&raquo;17px&raquo; text_font_size_last_edited=&raquo;on|phone&raquo; global_colors_info=&raquo;{}&raquo;]<\/p>\n<p>Byen er kjent for sin sjarmerende bebyggelse, koselige kafeer og restauranter, og sin vakre beliggenhet ved Oslofjorden.<\/p>\n<p>Son har mye \u00e5 tilby n\u00e5r det kommer til mat og drikke, med flere prisbel\u00f8nte restauranter og koselige kafeer som serverer alt fra sj\u00f8mat til lokale spesialiteter. Byen har ogs\u00e5 en rekke sm\u00e5 butikker og gallerier som selger h\u00e5ndverk og kunst fra lokale kunstnere.<\/p>\n<p>For de som \u00f8nsker \u00e5 nyte naturen, er Son omgitt av vakre strender og turstier som kan utforskes til fots eller med sykkel. I n\u00e6rheten ligger ogs\u00e5 H\u00f8ysand, en popul\u00e6r strand som er kjent for sitt klare vann og fine sand.<\/p>\n<p>Kystbyen er ogs\u00e5 et flott sted for vannaktiviteter, med muligheter for \u00e5 leie kajakker og b\u00e5ter, og utforske de vakre omr\u00e5dene rundt byen. Byen har ogs\u00e5 flere arrangementer og festivaler i l\u00f8pet av \u00e5ret, som for eksempel Son Jazz Festival og Julemarkedet i Son.<\/p>\n<p>Enten du \u00f8nsker \u00e5 nyte god mat, utforske vakker natur eller delta p\u00e5 lokale arrangementer, er Son et flott sted \u00e5 bes\u00f8ke.<\/p>\n<p>[\/et_pb_text][\/et_pb_column][et_pb_column type=&raquo;1_2&#8243; _builder_version=&raquo;4.20.2&#8243; _module_preset=&raquo;default&raquo; global_colors_info=&raquo;{}&raquo;][et_pb_image src=&raquo;https:\/\/allonboard.no\/wp-content\/uploads\/2023\/02\/Rib13-scaled.jpeg&raquo; title_text=&raquo;Rib13&#8243; module_class=&raquo;pa-full-height-image-column&raquo; _builder_version=&raquo;4.21.0&#8243; _module_preset=&raquo;default&raquo; border_radii=&raquo;on|10px|10px|10px|10px&raquo; global_colors_info=&raquo;{}&raquo;][\/et_pb_image][\/et_pb_column][\/et_pb_row][et_pb_row use_custom_gutter=&raquo;on&raquo; gutter_width=&raquo;2&#8243; make_equal=&raquo;on&raquo; _builder_version=&raquo;4.20.2&#8243; _module_preset=&raquo;default&raquo; custom_padding=&raquo;19px||3px|||&raquo; global_colors_info=&raquo;{}&raquo;][et_pb_column type=&raquo;4_4&#8243; _builder_version=&raquo;4.20.2&#8243; _module_preset=&raquo;default&raquo; global_colors_info=&raquo;{}&raquo;][et_pb_text _builder_version=&raquo;4.20.2&#8243; _module_preset=&raquo;default&raquo; header_font=&raquo;|800|||||||&raquo; header_text_color=&raquo;#012C3D&raquo; header_font_size=&raquo;28px&raquo; header_line_height=&raquo;1.1em&raquo; custom_margin=&raquo;||10px||false|false&raquo; animation_direction=&raquo;bottom&raquo; header_font_size_tablet=&raquo;36px&raquo; header_font_size_phone=&raquo;22px&raquo; header_font_size_last_edited=&raquo;on|phone&raquo; global_colors_info=&raquo;{}&raquo;]<\/p>\n<h1>Overnatting og aktiviteter<\/h1>\n<p>[\/et_pb_text][\/et_pb_column][\/et_pb_row][et_pb_row column_structure=&raquo;2_3,1_3&#8243; use_custom_gutter=&raquo;on&raquo; gutter_width=&raquo;2&#8243; make_equal=&raquo;on&raquo; _builder_version=&raquo;4.20.2&#8243; _module_preset=&raquo;default&raquo; custom_margin=&raquo;|auto|40px|auto||&raquo; custom_padding=&raquo;0px|||||&raquo; global_colors_info=&raquo;{}&raquo;][et_pb_column type=&raquo;2_3&#8243; _builder_version=&raquo;4.20.2&#8243; _module_preset=&raquo;default&raquo; global_colors_info=&raquo;{}&raquo;][dsm_card title=&raquo;Son Spa&raquo; layout=&raquo;inline&raquo; layout_inline_order=&raquo;right&raquo; content_horizontal_alignment=&raquo;flex-start&raquo; image=&raquo;https:\/\/allonboard.no\/wp-content\/uploads\/2023\/03\/Son-Spa.jpg&raquo; image_background_height=&raquo;430px&raquo; image_width=&raquo;100%&raquo; content_padding=&raquo;30px|30px|20px|30px|false|false&raquo; button_text=&raquo;Bes\u00f8k de her&raquo; button_url=&raquo;https:\/\/sonspa.no\/&raquo; button_url_new_window=&raquo;1&#8243; layout_tablet=&raquo;inline&raquo; layout_phone=&raquo;stacked&raquo; layout_last_edited=&raquo;on|phone&raquo; image_background_height_tablet=&raquo;430px&raquo; image_background_height_phone=&raquo;200px&raquo; image_background_height_last_edited=&raquo;on|phone&raquo; _builder_version=&raquo;4.21.0&#8243; _module_preset=&raquo;default&raquo; badge_text_color=&raquo;#091B26&#8243; header_font=&raquo;|700|||||||&raquo; header_text_color=&raquo;#091B26&#8243; header_font_size=&raquo;19px&raquo; body_font=&raquo;|300|||||||&raquo; body_text_color=&raquo;#091B26&#8243; body_font_size=&raquo;12px&raquo; body_line_height=&raquo;1.3em&raquo; subhead_font=&raquo;|300|||||||&raquo; subhead_text_color=&raquo;#091B26&#8243; subhead_font_size=&raquo;12px&raquo; subhead_line_height=&raquo;1.3em&raquo; background_color=&raquo;#EDF4F6&#8243; custom_button=&raquo;on&raquo; button_text_size=&raquo;13px&raquo; button_text_color=&raquo;#EDF4F6&#8243; button_bg_color=&raquo;#FF5F45&#8243; button_border_color=&raquo;#FF5F45&#8243; button_border_radius=&raquo;33px&raquo; button_icon=&raquo;&#x35;||divi||400&#8243; button_custom_padding=&raquo;0px||0px||true|true&raquo; border_radii=&raquo;on|20px|20px|20px|20px&raquo; global_colors_info=&raquo;{}&raquo;]<\/p>\n<p class=\"p1\">Godt skjermet for v\u00e6r og vind fra Oslofjorden trekker hotellet til seg mange gjester som \u00f8nsker \u00e5 benytte seg av det flotte inne- og utend\u00f8rs spaanlegget.<\/p>\n<p class=\"p1\">Hotellet har gjennomg\u00e5ende h\u00f8y standard, helt fra du g\u00e5r inn hovedinngangen til du legger deg i senga p\u00e5 kvelden. Med store og moderne m\u00f8terom har Son Spa lagt til rette for \u00e5 ha masse teambuilding aktiviteter innend\u00f8rs, men ogs\u00e5 i flotte omr\u00e5der ute.<\/p>\n<p class=\"p1\">La et iPadrace ta dere med p\u00e5 en rundtur innom sommerperlen Son sentrum, eller sett dere i en <a href=\"https:\/\/allonboard.no\/aktiviteter\/rib\/\">RIB<\/a> og bli fraktet ut i havgapet. I n\u00e6romr\u00e5det rundt hotellet er det fine omr\u00e5det til \u00e5 ha <a href=\"https:\/\/allonboard.no\/aktiviteter\/mesternes-mester\/\">Mesternes Mester<\/a>, <a href=\"https:\/\/allonboard.no\/aktiviteter\/olabil-race\/\">Olabil<\/a>, <a href=\"https:\/\/allonboard.no\/aktiviteter\/femkamp\/\">5-kamp<\/a> eller <a href=\"https:\/\/allonboard.no\/aktiviteter\/kompani-hvermansen\/\">Kompani Hvermansen.<\/a><\/p>\n<p class=\"p1\">Store og flotte m\u00f8terom inne gj\u00f8r det enkelt \u00e5 ha <a href=\"https:\/\/allonboard.no\/aktiviteter\/deadline\/\">Deadline<\/a>, Dronebygging, Paint and sip, Film award eller Mord p\u00e5 hotellet.<\/p>\n<p>[\/dsm_card][\/et_pb_column][et_pb_column type=&raquo;1_3&#8243; _builder_version=&raquo;4.20.2&#8243; _module_preset=&raquo;default&raquo; global_colors_info=&raquo;{}&raquo;][\/et_pb_column][\/et_pb_row][et_pb_row column_structure=&raquo;1_3,1_3,1_3&#8243; use_custom_gutter=&raquo;on&raquo; gutter_width=&raquo;2&#8243; make_equal=&raquo;on&raquo; disabled_on=&raquo;on|on|on&raquo; _builder_version=&raquo;4.20.2&#8243; _module_preset=&raquo;default&raquo; custom_margin=&raquo;|auto|40px|auto||&raquo; custom_padding=&raquo;0px|||||&raquo; disabled=&raquo;on&raquo; global_colors_info=&raquo;{}&raquo;][et_pb_column type=&raquo;1_3&#8243; _builder_version=&raquo;4.20.2&#8243; _module_preset=&raquo;default&raquo; global_colors_info=&raquo;{}&raquo;][dsm_card title=&raquo;Scandic Havna Hotell&raquo; content_horizontal_alignment=&raquo;flex-start&raquo; content_equal_height=&raquo;on&raquo; image=&raquo;https:\/\/allonboard.no\/wp-content\/uploads\/2023\/03\/Scandic-Havna-Tjome.jpg&raquo; image_background_height=&raquo;180px&raquo; image_width=&raquo;100%&raquo; button_text=&raquo;Bes\u00f8k de her&raquo; button_url=&raquo;https:\/\/www.scandichotels.no\/hotell\/norge\/tjome\/scandic-havna-tjome&raquo; button_url_new_window=&raquo;1&#8243; _builder_version=&raquo;4.20.2&#8243; _module_preset=&raquo;default&raquo; badge_text_color=&raquo;#091B26&#8243; header_font=&raquo;|700|||||||&raquo; header_text_color=&raquo;#091B26&#8243; header_font_size=&raquo;19px&raquo; body_font=&raquo;|300|||||||&raquo; body_text_color=&raquo;#091B26&#8243; body_font_size=&raquo;12px&raquo; body_line_height=&raquo;1.3em&raquo; subhead_font=&raquo;|300|||||||&raquo; subhead_text_color=&raquo;#091B26&#8243; subhead_font_size=&raquo;12px&raquo; subhead_line_height=&raquo;1.3em&raquo; background_color=&raquo;#EDF4F6&#8243; custom_button=&raquo;on&raquo; button_text_size=&raquo;13px&raquo; button_text_color=&raquo;#EDF4F6&#8243; button_bg_color=&raquo;#FF5F45&#8243; button_border_color=&raquo;#FF5F45&#8243; button_border_radius=&raquo;33px&raquo; button_icon=&raquo;&#x35;||divi||400&#8243; button_custom_padding=&raquo;0px||0px||true|true&raquo; border_radii=&raquo;on|20px|20px|20px|20px&raquo; global_colors_info=&raquo;{}&raquo;]<\/p>\n<p class=\"p1\">Hotellet tilbyr b\u00e5de hytter, leiligheter og standard hotellrom, noe som gir muligheten til \u00e5 samles felles i st\u00f8rre boliger.<\/p>\n<p class=\"p1\">Rundt hotellet kryr det av muligheter for aktiviteter, og hotellet har lenge hatt fokus p\u00e5 \u00e5 tilby gode muligheter innenfor teambuilding. De siste \u00e5rene har vi v\u00e6rt fast leverand\u00f8r av aktiviteter p\u00e5 Havna, og vi har f\u00e5tt aktivisere og leke med gjestene b\u00e5de inne og ute.<\/p>\n<p class=\"p1\">Omr\u00e5det er perfekt for et iPad race som kan ta dere p\u00e5 en rundtur via Verdens Ende, eller en RIB tur som f\u00e5r vist dere den fantastiske skj\u00e6rg\u00e5rden. Utover det er det flotte gr\u00f8ntarealer som legger forholdene godt til rette for mesternes mester, 5-kamp, kompani, olabilrace og grilling.<\/p>\n<p class=\"p1\">Store m\u00f8terom innend\u00f8rs gir oss muligheten til \u00e5 gjennomf\u00f8re Deadline, dronebygging, malerevent, film award og mord p\u00e5 hotellet.<span class=\"Apple-converted-space\">\u00a0<\/span><\/p>\n<p>[\/dsm_card][\/et_pb_column][et_pb_column type=&raquo;1_3&#8243; _builder_version=&raquo;4.20.2&#8243; _module_preset=&raquo;default&raquo; global_colors_info=&raquo;{}&raquo;][\/et_pb_column][et_pb_column type=&raquo;1_3&#8243; _builder_version=&raquo;4.20.2&#8243; _module_preset=&raquo;default&raquo; global_colors_info=&raquo;{}&raquo;][\/et_pb_column][\/et_pb_row][\/et_pb_section]<\/p>\n","protected":false},"excerpt":{"rendered":"<p>SonSon omgitt av vakre strender og turstier som kan utforskes til fots eller med sykkelSon er en idyllisk liten kystby som ligger i Akershus, omtrent en times kj\u00f8retur fra Oslo.Byen er kjent for sin sjarmerende bebyggelse, koselige kafeer og restauranter, og sin vakre beliggenhet ved Oslofjorden. Son har mye \u00e5 tilby n\u00e5r det kommer til mat og drikke, med flere prisbel\u00f8nte restauranter og koselige kafeer som serverer alt fra sj\u00f8mat til lokale spesialiteter. Byen har ogs\u00e5 en rekke sm\u00e5 butikker og gallerier som selger h\u00e5ndverk og kunst fra lokale kunstnere. For de som \u00f8nsker \u00e5 nyte naturen, er Son omgitt av vakre strender og turstier som kan utforskes til fots eller med sykkel. I n\u00e6rheten ligger ogs\u00e5 H\u00f8ysand, en popul\u00e6r strand som er kjent for sitt klare vann og fine sand. Kystbyen er ogs\u00e5 et flott sted for vannaktiviteter, med muligheter for \u00e5 leie kajakker og b\u00e5ter, og utforske de vakre omr\u00e5dene rundt byen. Byen har ogs\u00e5 flere arrangementer og festivaler i l\u00f8pet av \u00e5ret, som for eksempel Son Jazz Festival og Julemarkedet i Son. Enten du \u00f8nsker \u00e5 nyte god mat, utforske vakker natur eller delta p\u00e5 lokale arrangementer, er Son et flott sted \u00e5 bes\u00f8ke.Overnatting og aktiviteter<div class=\"et_pb_module dsm_card dsm_card_0 et_pb_bg_layout_light  dsm_card_layout_stacked\">\n\t\t\t\t\n\t\t\t\t\n\t\t\t\t\n\t\t\t\t\n\t\t\t\t\n\t\t\t\t\n\t\t\t\t<div class=\"et_pb_module_inner\">\n\t\t\t\t\t\n\t\t\t\n\t\t\t\n\t\t\t<div class=\"et_pb_module dsm_card_wrapper et_pb_text_align_left\">\n\t\t\t\t\t\n\t\t\t\t\t<h4 class=\"dsm_card_title et_pb_module_header\">&raquo;Son<\/h4>\n\t\t\t\t\t\n\t\t\t\t\t\n\t\t\t\t\t\n\t\t\t\t<\/div>\n\t\t\t\n\t\t\t\t<\/div>\n\t\t\t<\/div><\/p>","protected":false},"author":1,"featured_media":0,"parent":875,"menu_order":0,"comment_status":"closed","ping_status":"closed","template":"","meta":{"_et_pb_use_builder":"on","_et_pb_old_content":"<!-- wp:divi\/placeholder \/-->","_et_gb_content_width":"","footnotes":""},"class_list":["post-1257","page","type-page","status-publish","hentry"],"_links":{"self":[{"href":"https:\/\/allonboard.no\/en\/wp-json\/wp\/v2\/pages\/1257","targetHints":{"allow":["GET"]}}],"collection":[{"href":"https:\/\/allonboard.no\/en\/wp-json\/wp\/v2\/pages"}],"about":[{"href":"https:\/\/allonboard.no\/en\/wp-json\/wp\/v2\/types\/page"}],"author":[{"embeddable":true,"href":"https:\/\/allonboard.no\/en\/wp-json\/wp\/v2\/users\/1"}],"replies":[{"embeddable":true,"href":"https:\/\/allonboard.no\/en\/wp-json\/wp\/v2\/comments?post=1257"}],"version-history":[{"count":7,"href":"https:\/\/allonboard.no\/en\/wp-json\/wp\/v2\/pages\/1257\/revisions"}],"predecessor-version":[{"id":2117,"href":"https:\/\/allonboard.no\/en\/wp-json\/wp\/v2\/pages\/1257\/revisions\/2117"}],"up":[{"embeddable":true,"href":"https:\/\/allonboard.no\/en\/wp-json\/wp\/v2\/pages\/875"}],"wp:attachment":[{"href":"https:\/\/allonboard.no\/en\/wp-json\/wp\/v2\/media?parent=1257"}],"curies":[{"name":"wp","href":"https:\/\/api.w.org\/{rel}","templated":true}]}}