{"id":1244,"date":"2023-03-14T15:16:18","date_gmt":"2023-03-14T14:16:18","guid":{"rendered":"http:\/\/allonboard.no\/?page_id=1244"},"modified":"2024-01-17T14:20:14","modified_gmt":"2024-01-17T13:20:14","slug":"larvik","status":"publish","type":"page","link":"https:\/\/allonboard.no\/en\/destinasjoner\/larvik\/","title":{"rendered":"Larvik"},"content":{"rendered":"<p>[et_pb_section fb_built=&raquo;1&#8243; custom_padding_last_edited=&raquo;on|phone&raquo; _builder_version=&raquo;4.20.4&#8243; _module_preset=&raquo;default&raquo; use_background_color_gradient=&raquo;on&raquo; background_color_gradient_stops=&raquo;rgba(1,20,32,0) 0%|rgba(1,20,32,0) 5%|#011420 100%&raquo; background_color_gradient_overlays_image=&raquo;on&raquo; background_image=&raquo;https:\/\/allonboard.no\/wp-content\/uploads\/2023\/05\/Larvik_destinasjon.jpg&raquo; custom_padding=&raquo;200px||90px||false|false&raquo; custom_padding_tablet=&raquo;200px||200px||true|false&raquo; custom_padding_phone=&raquo;100px||40px||false|false&raquo; global_colors_info=&raquo;{}&raquo;][et_pb_row _builder_version=&raquo;4.19.4&#8243; _module_preset=&raquo;default&raquo; global_colors_info=&raquo;{}&raquo;][et_pb_column type=&raquo;4_4&#8243; _builder_version=&raquo;4.19.4&#8243; _module_preset=&raquo;default&raquo; global_colors_info=&raquo;{}&raquo;][et_pb_text _builder_version=&raquo;4.20.2&#8243; _module_preset=&raquo;default&raquo; header_font=&raquo;Lato|900|||||||&raquo; header_text_color=&raquo;#FFFFFF&raquo; header_font_size=&raquo;61px&raquo; custom_margin=&raquo;||8px|||&raquo; animation_direction=&raquo;bottom&raquo; header_font_size_tablet=&raquo;59px&raquo; header_font_size_phone=&raquo;45px&raquo; header_font_size_last_edited=&raquo;on|phone&raquo; global_colors_info=&raquo;{}&raquo;]<\/p>\n<h1>Larvik<\/h1>\n<p>[\/et_pb_text][et_pb_text _builder_version=&raquo;4.20.2&#8243; _module_preset=&raquo;default&raquo; header_2_font=&raquo;Lato|300|||||||&raquo; header_2_text_color=&raquo;#FFFFFF&raquo; header_2_font_size=&raquo;31px&raquo; custom_margin=&raquo;||19px|||&raquo; header_2_font_size_tablet=&raquo;45px&raquo; header_2_font_size_phone=&raquo;27px&raquo; header_2_font_size_last_edited=&raquo;on|phone&raquo; global_colors_info=&raquo;{}&raquo;]<\/p>\n<h2>Kjent for sin rike historie, flotte natur og sjarmerende bebyggelse<\/h2>\n<p>[\/et_pb_text][\/et_pb_column][\/et_pb_row][\/et_pb_section][et_pb_section fb_built=&raquo;1&#8243; custom_padding_last_edited=&raquo;on|phone&raquo; _builder_version=&raquo;4.20.2&#8243; _module_preset=&raquo;default&raquo; custom_padding_tablet=&raquo;&raquo; custom_padding_phone=&raquo;10px||||false|false&raquo; global_colors_info=&raquo;{}&raquo;][et_pb_row column_structure=&raquo;1_2,1_2&#8243; use_custom_gutter=&raquo;on&raquo; gutter_width=&raquo;2&#8243; make_equal=&raquo;on&raquo; _builder_version=&raquo;4.20.2&#8243; _module_preset=&raquo;default&raquo; custom_margin=&raquo;|auto|37px|auto||&raquo; global_colors_info=&raquo;{}&raquo;][et_pb_column type=&raquo;1_2&#8243; _builder_version=&raquo;4.20.2&#8243; _module_preset=&raquo;default&raquo; global_colors_info=&raquo;{}&raquo;][et_pb_text _builder_version=&raquo;4.20.2&#8243; _module_preset=&raquo;default&raquo; header_font=&raquo;|800|||||||&raquo; header_text_color=&raquo;#012C3D&raquo; header_font_size=&raquo;31px&raquo; header_line_height=&raquo;1.1em&raquo; custom_margin=&raquo;||10px||false|false&raquo; animation_direction=&raquo;bottom&raquo; header_font_size_tablet=&raquo;36px&raquo; header_font_size_phone=&raquo;22px&raquo; header_font_size_last_edited=&raquo;on|phone&raquo; global_colors_info=&raquo;{}&raquo;]<\/p>\n<h1>Larvik er en vakker kystby som ligger i Vestfold, og er kjent for sin rike historie, flotte natur og sjarmerende bebyggelse.<\/h1>\n<p>[\/et_pb_text][et_pb_text _builder_version=&raquo;4.21.0&#8243; _module_preset=&raquo;default&raquo; text_font=&raquo;|300|||||||&raquo; text_text_color=&raquo;#011420&#8243; text_font_size=&raquo;17px&raquo; text_line_height=&raquo;1.2em&raquo; custom_margin=&raquo;||3px|||&raquo; text_font_size_tablet=&raquo;23px&raquo; text_font_size_phone=&raquo;17px&raquo; text_font_size_last_edited=&raquo;on|phone&raquo; global_colors_info=&raquo;{}&raquo;]<\/p>\n<p>Byen har en lang og interessant historie, og det er flere museer og historiske steder som tar deg gjennom byens fortid, som for eksempel Larvik Museum og Herreg\u00e5rden.<\/p>\n<p>Byen er ogs\u00e5 et flott sted for utend\u00f8rsaktiviteter, med flere flotte strender og turstier i n\u00e6rheten. Langs kysten finner du ogs\u00e5 vakre skj\u00e6rg\u00e5rder og sm\u00e5 \u00f8yer som kan utforskes med b\u00e5t. Byen er ogs\u00e5 hjem til flere \u00e5rlige arrangementer og festivaler, som for eksempel Larvik Mikrobryggerifestival og Larvik og Stavern jazzfestival.<\/p>\n<p>De har ogs\u00e5 et stort utvalg av restauranter, kafeer og butikker, og det er alltid noe \u00e5 gj\u00f8re og oppleve i byen. Enten du \u00f8nsker \u00e5 l\u00e6re mer om historie og kultur, nyte vakker natur, eller bare slappe av og nyte livet ved kysten, er Larvik et flott sted \u00e5 bes\u00f8ke.<\/p>\n<p>[\/et_pb_text][\/et_pb_column][et_pb_column type=&raquo;1_2&#8243; _builder_version=&raquo;4.20.2&#8243; _module_preset=&raquo;default&raquo; global_colors_info=&raquo;{}&raquo;][et_pb_image src=&raquo;https:\/\/allonboard.no\/wp-content\/uploads\/2023\/05\/Larvik_destinasjon.jpg&raquo; alt=&raquo;Larvik&raquo; title_text=&raquo;Larvik_destinasjon&raquo; module_class=&raquo;pa-full-height-image-column&raquo; _builder_version=&raquo;4.21.0&#8243; _module_preset=&raquo;default&raquo; border_radii=&raquo;on|20px|20px|20px|20px&raquo; global_colors_info=&raquo;{}&raquo;][\/et_pb_image][\/et_pb_column][\/et_pb_row][et_pb_row use_custom_gutter=&raquo;on&raquo; gutter_width=&raquo;2&#8243; make_equal=&raquo;on&raquo; _builder_version=&raquo;4.20.2&#8243; _module_preset=&raquo;default&raquo; custom_padding=&raquo;19px||3px|||&raquo; global_colors_info=&raquo;{}&raquo;][et_pb_column type=&raquo;4_4&#8243; _builder_version=&raquo;4.20.2&#8243; _module_preset=&raquo;default&raquo; global_colors_info=&raquo;{}&raquo;][et_pb_text _builder_version=&raquo;4.20.2&#8243; _module_preset=&raquo;default&raquo; header_font=&raquo;|800|||||||&raquo; header_text_color=&raquo;#012C3D&raquo; header_font_size=&raquo;28px&raquo; header_line_height=&raquo;1.1em&raquo; custom_margin=&raquo;||10px||false|false&raquo; animation_direction=&raquo;bottom&raquo; header_font_size_tablet=&raquo;36px&raquo; header_font_size_phone=&raquo;22px&raquo; header_font_size_last_edited=&raquo;on|phone&raquo; global_colors_info=&raquo;{}&raquo;]<\/p>\n<h1>Overnatting og aktiviteter<\/h1>\n<p>[\/et_pb_text][\/et_pb_column][\/et_pb_row][et_pb_row column_structure=&raquo;1_3,1_3,1_3&#8243; use_custom_gutter=&raquo;on&raquo; gutter_width=&raquo;2&#8243; make_equal=&raquo;on&raquo; _builder_version=&raquo;4.20.2&#8243; _module_preset=&raquo;default&raquo; custom_margin=&raquo;|auto|40px|auto||&raquo; custom_padding=&raquo;0px|||||&raquo; global_colors_info=&raquo;{}&raquo;][et_pb_column type=&raquo;1_3&#8243; _builder_version=&raquo;4.20.2&#8243; _module_preset=&raquo;default&raquo; global_colors_info=&raquo;{}&raquo;][dsm_card title=&raquo;Farris Bad og Quality Hotel Grand&raquo; content_horizontal_alignment=&raquo;flex-start&raquo; content_equal_height=&raquo;on&raquo; image=&raquo;https:\/\/allonboard.no\/wp-content\/uploads\/2023\/03\/farris_bad.jpg&raquo; image_background_height=&raquo;180px&raquo; image_width=&raquo;100%&raquo; button_text=&raquo;Bes\u00f8k de her&raquo; button_url=&raquo;https:\/\/www.nordicchoicehotels.no\/hotell\/norge\/larvik\/farris-bad\/&raquo; button_url_new_window=&raquo;1&#8243; _builder_version=&raquo;4.21.0&#8243; _module_preset=&raquo;default&raquo; badge_text_color=&raquo;#091B26&#8243; header_font=&raquo;|700|||||||&raquo; header_text_color=&raquo;#091B26&#8243; header_font_size=&raquo;19px&raquo; body_font=&raquo;|300|||||||&raquo; body_text_color=&raquo;#091B26&#8243; body_font_size=&raquo;12px&raquo; body_line_height=&raquo;1.3em&raquo; subhead_font=&raquo;|300|||||||&raquo; subhead_text_color=&raquo;#091B26&#8243; subhead_font_size=&raquo;12px&raquo; subhead_line_height=&raquo;1.3em&raquo; body_link_font=&raquo;||||||||&raquo; body_link_text_color=&raquo;#091B26&#8243; background_color=&raquo;#EDF4F6&#8243; custom_button=&raquo;on&raquo; button_text_size=&raquo;13px&raquo; button_text_color=&raquo;#EDF4F6&#8243; button_bg_color=&raquo;#FF5F45&#8243; button_border_color=&raquo;#FF5F45&#8243; button_border_radius=&raquo;33px&raquo; button_icon=&raquo;&#x35;||divi||400&#8243; button_custom_padding=&raquo;0px||0px||true|true&raquo; border_radii=&raquo;on|20px|20px|20px|20px&raquo; global_colors_info=&raquo;{}&raquo;]<\/p>\n<p class=\"p1\">Kun et steinkast fra hverandre. Hotellene med utsikt rett ut i havgapet, og som virkelig har spesialisert seg p\u00e5 kurs- og konferansegjester fra hele verden. Farris Bad kan i tillegg by p\u00e5 en fantastisk spaavdeling.<\/p>\n<p class=\"p1\">Begge hotellene er flotte utfartssteder for <a href=\"https:\/\/allonboard.no\/aktiviteter\/rib\/\">Rib<\/a> og <a href=\"https:\/\/allonboard.no\/aktiviteter\/seiling\/\">Seiling<\/a>, men og for mange landaktiviteter. <a href=\"https:\/\/allonboard.no\/aktiviteter\/ipad-race\/\">Ipad Race<\/a>, <a href=\"https:\/\/allonboard.no\/aktiviteter\/mesternes-mester\/\">Mesternes Mester<\/a>, <a href=\"https:\/\/allonboard.no\/aktiviteter\/femkamp\/\">5-kamp<\/a>, <a href=\"https:\/\/allonboard.no\/aktiviteter\/kompani-hvermansen\/\">Kompani Hvermansen<\/a>, Grilling, <a href=\"https:\/\/allonboard.no\/aktiviteter\/olabil-race\/\">Olabil<\/a>, <a href=\"https:\/\/allonboard.no\/aktiviteter\/deadline\/\">Deadline<\/a>, <a href=\"https:\/\/allonboard.no\/aktiviteter\/film-award\/\">Film award<\/a>, Paint and sip og Dronebygging for \u00e5 nevne noen.<span class=\"Apple-converted-space\">\u00a0<\/span><\/p>\n<p>[\/dsm_card][\/et_pb_column][et_pb_column type=&raquo;1_3&#8243; _builder_version=&raquo;4.20.2&#8243; _module_preset=&raquo;default&raquo; global_colors_info=&raquo;{}&raquo;][\/et_pb_column][et_pb_column type=&raquo;1_3&#8243; _builder_version=&raquo;4.20.2&#8243; _module_preset=&raquo;default&raquo; global_colors_info=&raquo;{}&raquo;][\/et_pb_column][\/et_pb_row][\/et_pb_section]<\/p>\n","protected":false},"excerpt":{"rendered":"<p>LarvikKjent for sin rike historie, flotte natur og sjarmerende bebyggelseLarvik er en vakker kystby som ligger i Vestfold, og er kjent for sin rike historie, flotte natur og sjarmerende bebyggelse.Byen har en lang og interessant historie, og det er flere museer og historiske steder som tar deg gjennom byens fortid, som for eksempel Larvik Museum og Herreg\u00e5rden. Byen er ogs\u00e5 et flott sted for utend\u00f8rsaktiviteter, med flere flotte strender og turstier i n\u00e6rheten. Langs kysten finner du ogs\u00e5 vakre skj\u00e6rg\u00e5rder og sm\u00e5 \u00f8yer som kan utforskes med b\u00e5t. Byen er ogs\u00e5 hjem til flere \u00e5rlige arrangementer og festivaler, som for eksempel Larvik Mikrobryggerifestival og Larvik og Stavern jazzfestival. De har ogs\u00e5 et stort utvalg av restauranter, kafeer og butikker, og det er alltid noe \u00e5 gj\u00f8re og oppleve i byen. Enten du \u00f8nsker \u00e5 l\u00e6re mer om historie og kultur, nyte vakker natur, eller bare slappe av og nyte livet ved kysten, er Larvik et flott sted \u00e5 bes\u00f8ke.Overnatting og aktiviteter<div class=\"et_pb_module dsm_card dsm_card_0 et_pb_bg_layout_light  dsm_card_layout_stacked\">\n\t\t\t\t\n\t\t\t\t\n\t\t\t\t\n\t\t\t\t\n\t\t\t\t\n\t\t\t\t\n\t\t\t\t<div class=\"et_pb_module_inner\">\n\t\t\t\t\t\n\t\t\t\n\t\t\t<figure class=\"dsm_card_image_wrapper dsm_card_badge_top_right\"><div class=\"dsm_card_image_background dsm_card_img\"><\/div><\/figure>\n\t\t\t<div class=\"et_pb_module dsm_card_wrapper et_pb_text_align_left\">\n\t\t\t\t\t\n\t\t\t\t\t<h4 class=\"dsm_card_title et_pb_module_header\">&raquo;Farris<\/h4>\n\t\t\t\t\t\n\t\t\t\t\t\n\t\t\t\t\t<div class=\"et_pb_button_wrapper\"><a class=\"et_pb_button et_pb_more_button\" href=\"\">&raquo;Bes\u00f8k<\/a><\/div>\n\t\t\t\t<\/div>\n\t\t\t\n\t\t\t\t<\/div>\n\t\t\t<\/div><\/p>","protected":false},"author":1,"featured_media":0,"parent":875,"menu_order":0,"comment_status":"closed","ping_status":"closed","template":"","meta":{"_et_pb_use_builder":"on","_et_pb_old_content":"<!-- wp:divi\/placeholder \/-->","_et_gb_content_width":"","footnotes":""},"class_list":["post-1244","page","type-page","status-publish","hentry"],"_links":{"self":[{"href":"https:\/\/allonboard.no\/en\/wp-json\/wp\/v2\/pages\/1244","targetHints":{"allow":["GET"]}}],"collection":[{"href":"https:\/\/allonboard.no\/en\/wp-json\/wp\/v2\/pages"}],"about":[{"href":"https:\/\/allonboard.no\/en\/wp-json\/wp\/v2\/types\/page"}],"author":[{"embeddable":true,"href":"https:\/\/allonboard.no\/en\/wp-json\/wp\/v2\/users\/1"}],"replies":[{"embeddable":true,"href":"https:\/\/allonboard.no\/en\/wp-json\/wp\/v2\/comments?post=1244"}],"version-history":[{"count":5,"href":"https:\/\/allonboard.no\/en\/wp-json\/wp\/v2\/pages\/1244\/revisions"}],"predecessor-version":[{"id":2113,"href":"https:\/\/allonboard.no\/en\/wp-json\/wp\/v2\/pages\/1244\/revisions\/2113"}],"up":[{"embeddable":true,"href":"https:\/\/allonboard.no\/en\/wp-json\/wp\/v2\/pages\/875"}],"wp:attachment":[{"href":"https:\/\/allonboard.no\/en\/wp-json\/wp\/v2\/media?parent=1244"}],"curies":[{"name":"wp","href":"https:\/\/api.w.org\/{rel}","templated":true}]}}