{"id":1232,"date":"2023-03-14T15:01:30","date_gmt":"2023-03-14T14:01:30","guid":{"rendered":"http:\/\/allonboard.no\/?page_id=1232"},"modified":"2024-01-17T14:15:34","modified_gmt":"2024-01-17T13:15:34","slug":"sandefjord","status":"publish","type":"page","link":"https:\/\/allonboard.no\/en\/destinasjoner\/sandefjord\/","title":{"rendered":"Sandefjord"},"content":{"rendered":"<p>[et_pb_section fb_built=&raquo;1&#8243; custom_padding_last_edited=&raquo;on|phone&raquo; _builder_version=&raquo;4.20.4&#8243; _module_preset=&raquo;default&raquo; use_background_color_gradient=&raquo;on&raquo; background_color_gradient_stops=&raquo;rgba(1,20,32,0) 0%|rgba(1,20,32,0) 5%|#011420 100%&raquo; background_color_gradient_overlays_image=&raquo;on&raquo; background_image=&raquo;https:\/\/allonboard.no\/wp-content\/uploads\/2023\/05\/Sandefjord_destinasjon.jpg&raquo; custom_padding=&raquo;200px||90px||false|false&raquo; custom_padding_tablet=&raquo;200px||200px||true|false&raquo; custom_padding_phone=&raquo;100px||40px||false|false&raquo; global_colors_info=&raquo;{}&raquo;][et_pb_row _builder_version=&raquo;4.19.4&#8243; _module_preset=&raquo;default&raquo; global_colors_info=&raquo;{}&raquo;][et_pb_column type=&raquo;4_4&#8243; _builder_version=&raquo;4.19.4&#8243; _module_preset=&raquo;default&raquo; global_colors_info=&raquo;{}&raquo;][et_pb_text _builder_version=&raquo;4.20.2&#8243; _module_preset=&raquo;default&raquo; header_font=&raquo;Lato|900|||||||&raquo; header_text_color=&raquo;#FFFFFF&raquo; header_font_size=&raquo;61px&raquo; custom_margin=&raquo;||8px|||&raquo; animation_direction=&raquo;bottom&raquo; header_font_size_tablet=&raquo;59px&raquo; header_font_size_phone=&raquo;45px&raquo; header_font_size_last_edited=&raquo;on|phone&raquo; global_colors_info=&raquo;{}&raquo;]<\/p>\n<h1>Sandefjord<\/h1>\n<p>[\/et_pb_text][et_pb_text _builder_version=&raquo;4.20.2&#8243; _module_preset=&raquo;default&raquo; header_2_font=&raquo;Lato|300|||||||&raquo; header_2_text_color=&raquo;#FFFFFF&raquo; header_2_font_size=&raquo;31px&raquo; custom_margin=&raquo;||19px|||&raquo; header_2_font_size_tablet=&raquo;45px&raquo; header_2_font_size_phone=&raquo;27px&raquo; header_2_font_size_last_edited=&raquo;on|phone&raquo; global_colors_info=&raquo;{}&raquo;]<\/p>\n<h2>Byen er et popul\u00e6rt reisem\u00e5l for b\u00e5de norske og internasjonale turister, og har mye \u00e5 tilby for alle som bes\u00f8ker<\/h2>\n<p>[\/et_pb_text][\/et_pb_column][\/et_pb_row][\/et_pb_section][et_pb_section fb_built=&raquo;1&#8243; custom_padding_last_edited=&raquo;on|phone&raquo; _builder_version=&raquo;4.20.2&#8243; _module_preset=&raquo;default&raquo; custom_padding_tablet=&raquo;&raquo; custom_padding_phone=&raquo;10px||||false|false&raquo; global_colors_info=&raquo;{}&raquo;][et_pb_row column_structure=&raquo;1_2,1_2&#8243; use_custom_gutter=&raquo;on&raquo; gutter_width=&raquo;2&#8243; make_equal=&raquo;on&raquo; _builder_version=&raquo;4.20.2&#8243; _module_preset=&raquo;default&raquo; custom_margin=&raquo;|auto|37px|auto||&raquo; global_colors_info=&raquo;{}&raquo;][et_pb_column type=&raquo;1_2&#8243; _builder_version=&raquo;4.20.2&#8243; _module_preset=&raquo;default&raquo; global_colors_info=&raquo;{}&raquo;][et_pb_text _builder_version=&raquo;4.20.2&#8243; _module_preset=&raquo;default&raquo; header_font=&raquo;|800|||||||&raquo; header_text_color=&raquo;#012C3D&raquo; header_font_size=&raquo;31px&raquo; header_line_height=&raquo;1.1em&raquo; custom_margin=&raquo;||10px||false|false&raquo; animation_direction=&raquo;bottom&raquo; header_font_size_tablet=&raquo;36px&raquo; header_font_size_phone=&raquo;22px&raquo; header_font_size_last_edited=&raquo;on|phone&raquo; global_colors_info=&raquo;{}&raquo;]<\/p>\n<h1>Sandefjord er en sjarmerende by som ligger i Vestfold, kjent for sin vakre beliggenhet ved havet og sin rike maritime historie.<\/h1>\n<p>[\/et_pb_text][et_pb_text _builder_version=&raquo;4.20.2&#8243; _module_preset=&raquo;default&raquo; text_font=&raquo;|300|||||||&raquo; text_text_color=&raquo;#011420&#8243; text_font_size=&raquo;17px&raquo; text_line_height=&raquo;1.2em&raquo; custom_margin=&raquo;||3px|||&raquo; text_font_size_tablet=&raquo;23px&raquo; text_font_size_phone=&raquo;17px&raquo; text_font_size_last_edited=&raquo;on|phone&raquo; global_colors_info=&raquo;{}&raquo;]<\/p>\n<p>Byen er et popul\u00e6rt reisem\u00e5l for b\u00e5de norske og internasjonale turister, og har mye \u00e5 tilby for alle som bes\u00f8ker.<\/p>\n<p>En av de st\u00f8rste attraksjonene i Sandefjord er byens flotte strandpromenade, som strekker seg over flere kilometer langs kysten. Her finner du en rekke kafeer, restauranter og butikker, samt flere flotte strender som er perfekte for en dag med sol og bading.<\/p>\n<p>For de som er interessert i historie og kultur, er Sandefjord et spennende sted \u00e5 bes\u00f8ke. Byen har en rik sj\u00f8fartshistorie som g\u00e5r tilbake til 1800-tallet, og det er flere museer og utstillinger som tar deg gjennom byens historie. Blant annet kan du bes\u00f8ke Hvalfangstmuseet, som viser historien om norsk hvalfangst, og Sandefjord Museum, som har utstillinger om byens sj\u00f8fartshistorie.<\/p>\n<p>Byen er ogs\u00e5 et flott utgangspunkt for \u00e5 utforske Vestfold og omr\u00e5det rundt. Byen har flere flotte turstier og sykkelruter, og det er mulig \u00e5 leie kajakk eller b\u00e5t for \u00e5 utforske skj\u00e6rg\u00e5rden. Det er ogs\u00e5 flere spennende attraksjoner i n\u00e6rheten av Sandefjord, som for eksempel Midgard historiske senter, som tar deg med tilbake til vikingtiden.<\/p>\n<p>Dette er en by som har noe \u00e5 tilby for alle, enten du er interessert i historie, kultur, natur eller bare \u00f8nsker \u00e5 nyte livet ved sj\u00f8en. S\u00e5 ta en tur til Sandefjord og opplev alt denne flotte byen har \u00e5 tilby!<\/p>\n<p>[\/et_pb_text][\/et_pb_column][et_pb_column type=&raquo;1_2&#8243; _builder_version=&raquo;4.20.2&#8243; _module_preset=&raquo;default&raquo; global_colors_info=&raquo;{}&raquo;][et_pb_image src=&raquo;https:\/\/allonboard.no\/wp-content\/uploads\/2023\/05\/Sandefjord_destinasjon-1.jpg&raquo; alt=&raquo;Sandefjord aktiviteter&raquo; title_text=&raquo;Sandefjord_destinasjon&raquo; module_class=&raquo;pa-full-height-image-column&raquo; _builder_version=&raquo;4.21.0&#8243; _module_preset=&raquo;default&raquo; border_radii=&raquo;on|20px|20px|20px|20px&raquo; global_colors_info=&raquo;{}&raquo;][\/et_pb_image][\/et_pb_column][\/et_pb_row][et_pb_row use_custom_gutter=&raquo;on&raquo; gutter_width=&raquo;2&#8243; make_equal=&raquo;on&raquo; _builder_version=&raquo;4.20.2&#8243; _module_preset=&raquo;default&raquo; custom_padding=&raquo;19px||3px|||&raquo; global_colors_info=&raquo;{}&raquo;][et_pb_column type=&raquo;4_4&#8243; _builder_version=&raquo;4.20.2&#8243; _module_preset=&raquo;default&raquo; global_colors_info=&raquo;{}&raquo;][et_pb_text _builder_version=&raquo;4.20.2&#8243; _module_preset=&raquo;default&raquo; header_font=&raquo;|800|||||||&raquo; header_text_color=&raquo;#012C3D&raquo; header_font_size=&raquo;28px&raquo; header_line_height=&raquo;1.1em&raquo; custom_margin=&raquo;||10px||false|false&raquo; animation_direction=&raquo;bottom&raquo; header_font_size_tablet=&raquo;36px&raquo; header_font_size_phone=&raquo;22px&raquo; header_font_size_last_edited=&raquo;on|phone&raquo; global_colors_info=&raquo;{}&raquo;]<\/p>\n<h1>Overnatting og aktiviteter<\/h1>\n<p>[\/et_pb_text][\/et_pb_column][\/et_pb_row][et_pb_row column_structure=&raquo;1_3,1_3,1_3&#8243; use_custom_gutter=&raquo;on&raquo; gutter_width=&raquo;2&#8243; make_equal=&raquo;on&raquo; _builder_version=&raquo;4.20.2&#8243; _module_preset=&raquo;default&raquo; custom_margin=&raquo;|auto|40px|auto||&raquo; custom_padding=&raquo;0px|||||&raquo; global_colors_info=&raquo;{}&raquo;][et_pb_column type=&raquo;1_3&#8243; _builder_version=&raquo;4.20.2&#8243; _module_preset=&raquo;default&raquo; global_colors_info=&raquo;{}&raquo;][dsm_card title=&raquo;Park Hotell Sandefjord &raquo; content_horizontal_alignment=&raquo;flex-start&raquo; content_equal_height=&raquo;on&raquo; image=&raquo;https:\/\/allonboard.no\/wp-content\/uploads\/2023\/03\/Scandic_Sandefjord.jpg&raquo; image_background_height=&raquo;180px&raquo; image_width=&raquo;100%&raquo; button_text=&raquo;Bes\u00f8k de her&raquo; button_url=&raquo;https:\/\/www.scandichotels.no\/hotell\/norge\/sandefjord\/scandic-park-sandefjord&raquo; button_url_new_window=&raquo;1&#8243; _builder_version=&raquo;4.21.0&#8243; _module_preset=&raquo;default&raquo; badge_text_color=&raquo;#091B26&#8243; header_font=&raquo;|700|||||||&raquo; header_text_color=&raquo;#091B26&#8243; header_font_size=&raquo;19px&raquo; body_font=&raquo;|300|||||||&raquo; body_text_color=&raquo;#091B26&#8243; body_font_size=&raquo;12px&raquo; body_line_height=&raquo;1.3em&raquo; subhead_font=&raquo;|300|||||||&raquo; subhead_text_color=&raquo;#091B26&#8243; subhead_font_size=&raquo;12px&raquo; subhead_line_height=&raquo;1.3em&raquo; body_link_text_color=&raquo;#000000&#8243; background_color=&raquo;#EDF4F6&#8243; custom_button=&raquo;on&raquo; button_text_size=&raquo;13px&raquo; button_text_color=&raquo;#EDF4F6&#8243; button_bg_color=&raquo;#FF5F45&#8243; button_border_color=&raquo;#FF5F45&#8243; button_border_radius=&raquo;33px&raquo; button_icon=&raquo;&#x35;||divi||400&#8243; button_custom_padding=&raquo;0px||0px||true|true&raquo; border_radii=&raquo;on|20px|20px|20px|20px&raquo; global_colors_info=&raquo;{}&raquo;]<\/p>\n<p class=\"p1\">Hotellet er en flott overnattingsmulighet for bes\u00f8kende som \u00f8nsker \u00e5 utforske byen. Hotellet tilbyr moderne og komfortable rom, samt en rekke fasiliteter som restaurant, bar og m\u00f8te- og konferanserom.<\/p>\n<p class=\"p1\">Byen er et fantastisk utgangspunkt for <a href=\"https:\/\/allonboard.no\/aktiviteter\/rib\/\">rib<\/a> og <a href=\"https:\/\/allonboard.no\/aktiviteter\/seiling\/\">seiling<\/a>. P\u00e5 land vil <a href=\"https:\/\/allonboard.no\/aktiviteter\/femkamp\/\">5-kamp<\/a>, <a href=\"https:\/\/allonboard.no\/aktiviteter\/mesternes-mester\/\">Mesternes Mester<\/a>, Ipadrace og v\u00e5rt mobile escaperom <a href=\"https:\/\/allonboard.no\/aktiviteter\/deadline\/\">Deadline<\/a> v\u00e6re gode aktiviteter.<\/p>\n<p>[\/dsm_card][\/et_pb_column][et_pb_column type=&raquo;1_3&#8243; _builder_version=&raquo;4.20.2&#8243; _module_preset=&raquo;default&raquo; global_colors_info=&raquo;{}&raquo;][\/et_pb_column][et_pb_column type=&raquo;1_3&#8243; _builder_version=&raquo;4.20.2&#8243; _module_preset=&raquo;default&raquo; global_colors_info=&raquo;{}&raquo;][\/et_pb_column][\/et_pb_row][\/et_pb_section]<\/p>\n","protected":false},"excerpt":{"rendered":"<p>SandefjordByen er et popul\u00e6rt reisem\u00e5l for b\u00e5de norske og internasjonale turister, og har mye \u00e5 tilby for alle som bes\u00f8kerSandefjord er en sjarmerende by som ligger i Vestfold, kjent for sin vakre beliggenhet ved havet og sin rike maritime historie.Byen er et popul\u00e6rt reisem\u00e5l for b\u00e5de norske og internasjonale turister, og har mye \u00e5 tilby for alle som bes\u00f8ker. En av de st\u00f8rste attraksjonene i Sandefjord er byens flotte strandpromenade, som strekker seg over flere kilometer langs kysten. Her finner du en rekke kafeer, restauranter og butikker, samt flere flotte strender som er perfekte for en dag med sol og bading. For de som er interessert i historie og kultur, er Sandefjord et spennende sted \u00e5 bes\u00f8ke. Byen har en rik sj\u00f8fartshistorie som g\u00e5r tilbake til 1800-tallet, og det er flere museer og utstillinger som tar deg gjennom byens historie. Blant annet kan du bes\u00f8ke Hvalfangstmuseet, som viser historien om norsk hvalfangst, og Sandefjord Museum, som har utstillinger om byens sj\u00f8fartshistorie. Byen er ogs\u00e5 et flott utgangspunkt for \u00e5 utforske Vestfold og omr\u00e5det rundt. Byen har flere flotte turstier og sykkelruter, og det er mulig \u00e5 leie kajakk eller b\u00e5t for \u00e5 utforske skj\u00e6rg\u00e5rden. Det er ogs\u00e5 flere spennende attraksjoner [&hellip;]<\/p>\n","protected":false},"author":1,"featured_media":0,"parent":875,"menu_order":0,"comment_status":"closed","ping_status":"closed","template":"","meta":{"_et_pb_use_builder":"on","_et_pb_old_content":"<!-- wp:divi\/placeholder \/-->","_et_gb_content_width":"","footnotes":""},"class_list":["post-1232","page","type-page","status-publish","hentry"],"_links":{"self":[{"href":"https:\/\/allonboard.no\/en\/wp-json\/wp\/v2\/pages\/1232","targetHints":{"allow":["GET"]}}],"collection":[{"href":"https:\/\/allonboard.no\/en\/wp-json\/wp\/v2\/pages"}],"about":[{"href":"https:\/\/allonboard.no\/en\/wp-json\/wp\/v2\/types\/page"}],"author":[{"embeddable":true,"href":"https:\/\/allonboard.no\/en\/wp-json\/wp\/v2\/users\/1"}],"replies":[{"embeddable":true,"href":"https:\/\/allonboard.no\/en\/wp-json\/wp\/v2\/comments?post=1232"}],"version-history":[{"count":6,"href":"https:\/\/allonboard.no\/en\/wp-json\/wp\/v2\/pages\/1232\/revisions"}],"predecessor-version":[{"id":2111,"href":"https:\/\/allonboard.no\/en\/wp-json\/wp\/v2\/pages\/1232\/revisions\/2111"}],"up":[{"embeddable":true,"href":"https:\/\/allonboard.no\/en\/wp-json\/wp\/v2\/pages\/875"}],"wp:attachment":[{"href":"https:\/\/allonboard.no\/en\/wp-json\/wp\/v2\/media?parent=1232"}],"curies":[{"name":"wp","href":"https:\/\/api.w.org\/{rel}","templated":true}]}}