{"id":1201,"date":"2023-03-14T14:17:22","date_gmt":"2023-03-14T13:17:22","guid":{"rendered":"http:\/\/allonboard.no\/?page_id=1201"},"modified":"2024-01-17T14:10:36","modified_gmt":"2024-01-17T13:10:36","slug":"horten","status":"publish","type":"page","link":"https:\/\/allonboard.no\/en\/destinasjoner\/horten\/","title":{"rendered":"Horten"},"content":{"rendered":"<p>[et_pb_section fb_built=&raquo;1&#8243; custom_padding_last_edited=&raquo;on|phone&raquo; _builder_version=&raquo;4.20.4&#8243; _module_preset=&raquo;default&raquo; use_background_color_gradient=&raquo;on&raquo; background_color_gradient_stops=&raquo;rgba(1,20,32,0) 0%|rgba(1,20,32,0) 5%|#011420 100%&raquo; background_color_gradient_overlays_image=&raquo;on&raquo; background_image=&raquo;https:\/\/allonboard.no\/wp-content\/uploads\/2023\/05\/Horten_destinasjon.jpg&raquo; custom_padding=&raquo;200px||90px||false|false&raquo; custom_padding_tablet=&raquo;200px||200px||true|false&raquo; custom_padding_phone=&raquo;100px||40px||false|false&raquo; global_colors_info=&raquo;{}&raquo;][et_pb_row _builder_version=&raquo;4.19.4&#8243; _module_preset=&raquo;default&raquo; global_colors_info=&raquo;{}&raquo;][et_pb_column type=&raquo;4_4&#8243; _builder_version=&raquo;4.19.4&#8243; _module_preset=&raquo;default&raquo; global_colors_info=&raquo;{}&raquo;][et_pb_text _builder_version=&raquo;4.23.1&#8243; _module_preset=&raquo;default&raquo; header_font=&raquo;Lato|900|||||||&raquo; header_text_color=&raquo;#FFFFFF&raquo; header_font_size=&raquo;61px&raquo; custom_margin=&raquo;||8px|||&raquo; animation_direction=&raquo;bottom&raquo; hover_enabled=&raquo;0&#8243; header_font_size_tablet=&raquo;59px&raquo; header_font_size_phone=&raquo;45px&raquo; header_font_size_last_edited=&raquo;on|phone&raquo; global_colors_info=&raquo;{}&raquo; sticky_enabled=&raquo;0&#8243;]<\/p>\n<h1>Opplevelser i Horten<\/h1>\n<p>[\/et_pb_text][et_pb_text _builder_version=&raquo;4.21.0&#8243; _module_preset=&raquo;default&raquo; header_2_font=&raquo;Lato|300|||||||&raquo; header_2_text_color=&raquo;#FFFFFF&raquo; header_2_font_size=&raquo;31px&raquo; custom_margin=&raquo;||19px|||&raquo; header_2_font_size_tablet=&raquo;45px&raquo; header_2_font_size_phone=&raquo;27px&raquo; header_2_font_size_last_edited=&raquo;on|phone&raquo; global_colors_info=&raquo;{}&raquo;]<\/p>\n<h2>En perle som er full av historie og skj\u00f8nnhet, og gode opplevelser<\/h2>\n<p>[\/et_pb_text][\/et_pb_column][\/et_pb_row][\/et_pb_section][et_pb_section fb_built=&raquo;1&#8243; custom_padding_last_edited=&raquo;on|phone&raquo; _builder_version=&raquo;4.20.2&#8243; _module_preset=&raquo;default&raquo; custom_padding_tablet=&raquo;&raquo; custom_padding_phone=&raquo;10px||||false|false&raquo; global_colors_info=&raquo;{}&raquo;][et_pb_row column_structure=&raquo;1_2,1_2&#8243; use_custom_gutter=&raquo;on&raquo; gutter_width=&raquo;2&#8243; make_equal=&raquo;on&raquo; _builder_version=&raquo;4.20.2&#8243; _module_preset=&raquo;default&raquo; custom_margin=&raquo;|auto|37px|auto||&raquo; global_colors_info=&raquo;{}&raquo;][et_pb_column type=&raquo;1_2&#8243; _builder_version=&raquo;4.20.2&#8243; _module_preset=&raquo;default&raquo; global_colors_info=&raquo;{}&raquo;][et_pb_text _builder_version=&raquo;4.20.2&#8243; _module_preset=&raquo;default&raquo; header_font=&raquo;|800|||||||&raquo; header_text_color=&raquo;#012C3D&raquo; header_font_size=&raquo;31px&raquo; header_line_height=&raquo;1.1em&raquo; custom_margin=&raquo;||10px||false|false&raquo; animation_direction=&raquo;bottom&raquo; header_font_size_tablet=&raquo;36px&raquo; header_font_size_phone=&raquo;22px&raquo; header_font_size_last_edited=&raquo;on|phone&raquo; global_colors_info=&raquo;{}&raquo;]<\/p>\n<h1>Horten er en liten by i Vestfold, Norge, som ofte blir oversett av turister som reiser langs kysten.<\/h1>\n<p>[\/et_pb_text][et_pb_text _builder_version=&raquo;4.21.0&#8243; _module_preset=&raquo;default&raquo; text_font=&raquo;|300|||||||&raquo; text_text_color=&raquo;#011420&#8243; text_font_size=&raquo;17px&raquo; text_line_height=&raquo;1.4em&raquo; link_font=&raquo;|600|||||||&raquo; link_text_color=&raquo;#091B26&#8243; custom_margin=&raquo;||3px|||&raquo; text_font_size_tablet=&raquo;23px&raquo; text_font_size_phone=&raquo;17px&raquo; text_font_size_last_edited=&raquo;on|phone&raquo; global_colors_info=&raquo;{}&raquo;]<\/p>\n<p>Men for de som tar seg tid til \u00e5 utforske, vil de oppdage en perle som er full av historie og skj\u00f8nnhet. En av de mest bemerkelsesverdige attraksjonene i Horten er Karl Johans Vern, som var hjemmehavn for den norske marinen i nesten 150 \u00e5r, fra 1818 til 1967. Vernets historie er tett knyttet til Norges rolle som sj\u00f8fartsnasjon og har mange spennende historier \u00e5 fortelle. Kanalen i omr\u00e5det er ogs\u00e5 verdt et bes\u00f8k, og gir en fin mulighet til \u00e5 se p\u00e5 b\u00e5tene som seiler inn og ut av havnen.<\/p>\n<p>Men det er ikke bare historie som gj\u00f8r Horten til et bes\u00f8k verdt. Omr\u00e5det har ogs\u00e5 en fantastisk skog, kalt Hortensskogen, som er hjem til mange l\u00f8vtr\u00e6r og flotte stier. Skogen er et perfekt sted for en avslappende spasertur eller sykkeltur. Horten har ogs\u00e5 mange vakre bygninger og arkitektoniske perler som er vel verdt \u00e5 bes\u00f8ke.<\/p>\n<p>Til slutt, for de som elsker \u00e5 oppleve naturen og sj\u00f8livet p\u00e5 n\u00e6rt hold, tilbyr Horten mange muligheter. En av de mest popul\u00e6re <a href=\"https:\/\/allonboard.no\/\">aktivitetene<\/a> er \u00e5 ta en tur med en av de lokale <a href=\"https:\/\/allonboard.no\/aktiviteter\/rib\/\">ribbene<\/a> som tar deg med ut p\u00e5 en spennende tur langs kysten. Uansett hva du velger \u00e5 gj\u00f8re i Horten, vil du bli overrasket over hvor mye denne lille byen har \u00e5 tilby.<\/p>\n<p>[\/et_pb_text][\/et_pb_column][et_pb_column type=&raquo;1_2&#8243; _builder_version=&raquo;4.20.2&#8243; _module_preset=&raquo;default&raquo; global_colors_info=&raquo;{}&raquo;][et_pb_image src=&raquo;https:\/\/allonboard.no\/wp-content\/uploads\/2023\/05\/Horten_destinasjon.jpg&raquo; alt=&raquo;Gode opplevelser i Horten.  Aktiviteter \u00e5 gj\u00f8re i Horten&raquo; title_text=&raquo;Horten_destinasjon&raquo; module_class=&raquo;pa-full-height-image-column&raquo; _builder_version=&raquo;4.21.0&#8243; _module_preset=&raquo;default&raquo; border_radii=&raquo;on|20px|20px|20px|20px&raquo; global_colors_info=&raquo;{}&raquo;][\/et_pb_image][\/et_pb_column][\/et_pb_row][et_pb_row use_custom_gutter=&raquo;on&raquo; gutter_width=&raquo;2&#8243; make_equal=&raquo;on&raquo; _builder_version=&raquo;4.20.2&#8243; _module_preset=&raquo;default&raquo; custom_padding=&raquo;19px||3px|||&raquo; global_colors_info=&raquo;{}&raquo;][et_pb_column type=&raquo;4_4&#8243; _builder_version=&raquo;4.20.2&#8243; _module_preset=&raquo;default&raquo; global_colors_info=&raquo;{}&raquo;][et_pb_text _builder_version=&raquo;4.20.2&#8243; _module_preset=&raquo;default&raquo; header_font=&raquo;|800|||||||&raquo; header_text_color=&raquo;#012C3D&raquo; header_font_size=&raquo;28px&raquo; header_line_height=&raquo;1.1em&raquo; custom_margin=&raquo;||10px||false|false&raquo; animation_direction=&raquo;bottom&raquo; header_font_size_tablet=&raquo;36px&raquo; header_font_size_phone=&raquo;22px&raquo; header_font_size_last_edited=&raquo;on|phone&raquo; global_colors_info=&raquo;{}&raquo;]<\/p>\n<h1>Overnatting og aktiviteter<\/h1>\n<p>[\/et_pb_text][\/et_pb_column][\/et_pb_row][et_pb_row column_structure=&raquo;1_3,1_3,1_3&#8243; use_custom_gutter=&raquo;on&raquo; gutter_width=&raquo;2&#8243; make_equal=&raquo;on&raquo; _builder_version=&raquo;4.20.2&#8243; _module_preset=&raquo;default&raquo; custom_margin=&raquo;|auto|40px|auto||&raquo; custom_padding=&raquo;0px|||||&raquo; global_colors_info=&raquo;{}&raquo;][et_pb_column type=&raquo;1_3&#8243; _builder_version=&raquo;4.20.2&#8243; _module_preset=&raquo;default&raquo; global_colors_info=&raquo;{}&raquo;][dsm_card title=&raquo;Thon Hotel Horten&raquo; subtitle=&raquo;Hotellet ligger rett ved brygga og her kan vi ha aktiviteter som Olabilrace, Ipadrace, LOLympiske leker, Film awards, Mord p\u00e5 hotellet eller v\u00e5rt mobile escaperoom Deadline, ute eller inne hele \u00e5ret rundt.&raquo; content_horizontal_alignment=&raquo;flex-start&raquo; content_equal_height=&raquo;on&raquo; image=&raquo;https:\/\/allonboard.no\/wp-content\/uploads\/2023\/03\/thon-hotel-horten-brygge.jpg&raquo; image_background_height=&raquo;180px&raquo; image_width=&raquo;100%&raquo; button_text=&raquo;Bes\u00f8k de her&raquo; button_url=&raquo;https:\/\/www.thonhotels.no\/hoteller\/norge\/horten\/hotel-horten\/&raquo; button_url_new_window=&raquo;1&#8243; _builder_version=&raquo;4.21.0&#8243; _module_preset=&raquo;default&raquo; badge_text_color=&raquo;#091B26&#8243; header_font=&raquo;|700|||||||&raquo; header_text_color=&raquo;#091B26&#8243; header_font_size=&raquo;19px&raquo; subhead_font=&raquo;|300|||||||&raquo; subhead_text_color=&raquo;#091B26&#8243; subhead_font_size=&raquo;12px&raquo; subhead_line_height=&raquo;1.5em&raquo; background_color=&raquo;#EDF4F6&#8243; custom_button=&raquo;on&raquo; button_text_size=&raquo;13px&raquo; button_text_color=&raquo;#EDF4F6&#8243; button_bg_color=&raquo;#FF5F45&#8243; button_border_color=&raquo;#FF5F45&#8243; button_border_radius=&raquo;33px&raquo; button_icon=&raquo;&#x35;||divi||400&#8243; button_custom_padding=&raquo;0px||0px||true|true&raquo; border_radii=&raquo;on|20px|20px|20px|20px&raquo; global_colors_info=&raquo;{}&raquo;][\/dsm_card][\/et_pb_column][et_pb_column type=&raquo;1_3&#8243; _builder_version=&raquo;4.20.2&#8243; _module_preset=&raquo;default&raquo; global_colors_info=&raquo;{}&raquo;][\/et_pb_column][et_pb_column type=&raquo;1_3&#8243; _builder_version=&raquo;4.20.2&#8243; _module_preset=&raquo;default&raquo; global_colors_info=&raquo;{}&raquo;][\/et_pb_column][\/et_pb_row][\/et_pb_section]<\/p>\n","protected":false},"excerpt":{"rendered":"<p>Opplevelser i HortenEn perle som er full av historie og skj\u00f8nnhet, og gode opplevelserHorten er en liten by i Vestfold, Norge, som ofte blir oversett av turister som reiser langs kysten.Men for de som tar seg tid til \u00e5 utforske, vil de oppdage en perle som er full av historie og skj\u00f8nnhet. En av de mest bemerkelsesverdige attraksjonene i Horten er Karl Johans Vern, som var hjemmehavn for den norske marinen i nesten 150 \u00e5r, fra 1818 til 1967. Vernets historie er tett knyttet til Norges rolle som sj\u00f8fartsnasjon og har mange spennende historier \u00e5 fortelle. Kanalen i omr\u00e5det er ogs\u00e5 verdt et bes\u00f8k, og gir en fin mulighet til \u00e5 se p\u00e5 b\u00e5tene som seiler inn og ut av havnen. Men det er ikke bare historie som gj\u00f8r Horten til et bes\u00f8k verdt. Omr\u00e5det har ogs\u00e5 en fantastisk skog, kalt Hortensskogen, som er hjem til mange l\u00f8vtr\u00e6r og flotte stier. Skogen er et perfekt sted for en avslappende spasertur eller sykkeltur. Horten har ogs\u00e5 mange vakre bygninger og arkitektoniske perler som er vel verdt \u00e5 bes\u00f8ke. Til slutt, for de som elsker \u00e5 oppleve naturen og sj\u00f8livet p\u00e5 n\u00e6rt hold, tilbyr Horten mange muligheter. En av de mest popul\u00e6re [&hellip;]<\/p>\n","protected":false},"author":1,"featured_media":0,"parent":875,"menu_order":0,"comment_status":"closed","ping_status":"closed","template":"","meta":{"_et_pb_use_builder":"on","_et_pb_old_content":"<!-- wp:divi\/placeholder \/-->","_et_gb_content_width":"","footnotes":""},"class_list":["post-1201","page","type-page","status-publish","hentry"],"_links":{"self":[{"href":"https:\/\/allonboard.no\/en\/wp-json\/wp\/v2\/pages\/1201","targetHints":{"allow":["GET"]}}],"collection":[{"href":"https:\/\/allonboard.no\/en\/wp-json\/wp\/v2\/pages"}],"about":[{"href":"https:\/\/allonboard.no\/en\/wp-json\/wp\/v2\/types\/page"}],"author":[{"embeddable":true,"href":"https:\/\/allonboard.no\/en\/wp-json\/wp\/v2\/users\/1"}],"replies":[{"embeddable":true,"href":"https:\/\/allonboard.no\/en\/wp-json\/wp\/v2\/comments?post=1201"}],"version-history":[{"count":11,"href":"https:\/\/allonboard.no\/en\/wp-json\/wp\/v2\/pages\/1201\/revisions"}],"predecessor-version":[{"id":2107,"href":"https:\/\/allonboard.no\/en\/wp-json\/wp\/v2\/pages\/1201\/revisions\/2107"}],"up":[{"embeddable":true,"href":"https:\/\/allonboard.no\/en\/wp-json\/wp\/v2\/pages\/875"}],"wp:attachment":[{"href":"https:\/\/allonboard.no\/en\/wp-json\/wp\/v2\/media?parent=1201"}],"curies":[{"name":"wp","href":"https:\/\/api.w.org\/{rel}","templated":true}]}}