{"id":1166,"date":"2023-03-12T18:53:17","date_gmt":"2023-03-12T17:53:17","guid":{"rendered":"http:\/\/allonboard.no\/?page_id=1166"},"modified":"2026-03-31T14:56:10","modified_gmt":"2026-03-31T12:56:10","slug":"utdrikningslag","status":"publish","type":"page","link":"https:\/\/allonboard.no\/en\/aktiviteter\/utdrikningslag\/","title":{"rendered":"Bachelor\/Bachelorette party"},"content":{"rendered":"<p>[et_pb_section fb_built=&raquo;1&#8243; _builder_version=&raquo;4.20.2&#8243; _module_preset=&raquo;default&raquo; use_background_color_gradient=&raquo;on&raquo; background_color_gradient_stops=&raquo;rgba(1,20,32,0) 0%|rgba(1,20,32,0) 5%|#011420 100%&raquo; background_color_gradient_overlays_image=&raquo;on&raquo; background_image=&raquo;https:\/\/allonboard.no\/wp-content\/uploads\/2023\/03\/Utdrikingslag.jpg&raquo; custom_padding=&raquo;170px||29px||false|&raquo; global_colors_info=&raquo;{}&raquo;][et_pb_row _builder_version=&raquo;4.19.4&#8243; _module_preset=&raquo;default&raquo; custom_margin=&raquo;|auto|60px|auto||&raquo; global_colors_info=&raquo;{}&raquo;][et_pb_column type=&raquo;4_4&#8243; _builder_version=&raquo;4.19.4&#8243; _module_preset=&raquo;default&raquo; global_colors_info=&raquo;{}&raquo;][et_pb_text _builder_version=&raquo;4.20.2&#8243; _module_preset=&raquo;default&raquo; text_font=&raquo;|300|||||||&raquo; text_text_color=&raquo;#FFFFFF&raquo; text_font_size=&raquo;23px&raquo; text_line_height=&raquo;1.1em&raquo; header_font=&raquo;|800|||||||&raquo; header_text_color=&raquo;#FFFFFF&raquo; header_font_size=&raquo;61px&raquo; custom_margin=&raquo;||11px|||&raquo; header_font_size_tablet=&raquo;61px&raquo; header_font_size_phone=&raquo;45px&raquo; header_font_size_last_edited=&raquo;on|phone&raquo; global_colors_info=&raquo;{}&raquo;]<\/p>\n<h1>Utdrikningslag<\/h1>\n<p>[\/et_pb_text][et_pb_text _builder_version=&raquo;4.21.0&#8243; _module_preset=&raquo;default&raquo; text_font=&raquo;|300|||||||&raquo; text_text_color=&raquo;#FFFFFF&raquo; text_font_size=&raquo;23px&raquo; text_line_height=&raquo;1.1em&raquo; header_2_font=&raquo;|300|||||||&raquo; header_2_text_color=&raquo;#FFFFFF&raquo; header_2_font_size=&raquo;23px&raquo; header_2_line_height=&raquo;1.1em&raquo; text_font_size_tablet=&raquo;23px&raquo; text_font_size_phone=&raquo;22px&raquo; text_font_size_last_edited=&raquo;on|phone&raquo; header_2_font_size_tablet=&raquo;23px&raquo; header_2_font_size_phone=&raquo;22px&raquo; header_2_font_size_last_edited=&raquo;on|desktop&raquo; global_colors_info=&raquo;{}&raquo;]<\/p>\n<h2>En forlovers dr\u00f8m. La oss hjelpe til med utdrikningslaget.<\/h2>\n<p>[\/et_pb_text][\/et_pb_column][\/et_pb_row][et_pb_row column_structure=&raquo;1_4,1_4,1_4,1_4&#8243; use_custom_gutter=&raquo;on&raquo; gutter_width=&raquo;2&#8243; _builder_version=&raquo;4.19.4&#8243; _module_preset=&raquo;default&raquo; global_colors_info=&raquo;{}&raquo;][et_pb_column type=&raquo;1_4&#8243; _builder_version=&raquo;4.19.4&#8243; _module_preset=&raquo;default&raquo; global_colors_info=&raquo;{}&raquo;][\/et_pb_column][et_pb_column type=&raquo;1_4&#8243; _builder_version=&raquo;4.19.4&#8243; _module_preset=&raquo;default&raquo; global_colors_info=&raquo;{}&raquo;][\/et_pb_column][et_pb_column type=&raquo;1_4&#8243; _builder_version=&raquo;4.19.4&#8243; _module_preset=&raquo;default&raquo; global_colors_info=&raquo;{}&raquo;][\/et_pb_column][et_pb_column type=&raquo;1_4&#8243; _builder_version=&raquo;4.19.4&#8243; _module_preset=&raquo;default&raquo; global_colors_info=&raquo;{}&raquo;][\/et_pb_column][\/et_pb_row][\/et_pb_section][et_pb_section fb_built=&raquo;1&#8243; custom_padding_last_edited=&raquo;on|phone&raquo; _builder_version=&raquo;4.19.4&#8243; _module_preset=&raquo;default&raquo; custom_padding=&raquo;70px||70px||true|&raquo; custom_padding_tablet=&raquo;70px||70px||true|&raquo; custom_padding_phone=&raquo;30px||30px||true|false&raquo; global_colors_info=&raquo;{}&raquo;][et_pb_row module_class=&raquo;pa-inline-buttons&raquo; _builder_version=&raquo;4.19.4&#8243; _module_preset=&raquo;default&raquo; custom_margin=&raquo;|auto|29px|auto||&raquo; custom_padding=&raquo;||0px|||&raquo; global_colors_info=&raquo;{}&raquo;][et_pb_column type=&raquo;4_4&#8243; _builder_version=&raquo;4.19.4&#8243; _module_preset=&raquo;default&raquo; global_colors_info=&raquo;{}&raquo;][et_pb_text _builder_version=&raquo;4.20.2&#8243; _module_preset=&raquo;default&raquo; text_font=&raquo;|800|||||||&raquo; text_text_color=&raquo;#011420&#8243; text_font_size=&raquo;26px&raquo; text_line_height=&raquo;1.2em&raquo; text_font_size_tablet=&raquo;26px&raquo; text_font_size_phone=&raquo;21px&raquo; text_font_size_last_edited=&raquo;on|phone&raquo; global_colors_info=&raquo;{}&raquo;]<\/p>\n<p>\u00c5 bli spurt om \u00e5 v\u00e6re forlover er en stor \u00e6re, men ogs\u00e5 ofte med en stor forventning om \u00e5 lage en god fest med gjengen.<\/p>\n<p>[\/et_pb_text][et_pb_text _builder_version=&raquo;4.20.2&#8243; _module_preset=&raquo;default&raquo; text_font=&raquo;|300|||||||&raquo; text_text_color=&raquo;#011420&#8243; text_font_size=&raquo;23px&raquo; text_line_height=&raquo;1.2em&raquo; custom_margin=&raquo;||19px|||&raquo; text_font_size_tablet=&raquo;23px&raquo; text_font_size_phone=&raquo;19px&raquo; text_font_size_last_edited=&raquo;on|phone&raquo; global_colors_info=&raquo;{}&raquo;]<\/p>\n<p>\u00c5 f\u00e5 til et vellykket utdrikningslag med mange forskjellige venner og familie som kanskje heller ikke kjenne hverandre, kan bli en stor utfordring.<\/p>\n<p>Aktiviteter l\u00f8ser gjerne opp og er grunnlaget for god stemning og gode minner for livet.<\/p>\n<p>Vi kan tilby morsomme og inkluderende aktiviteter til utdrikningslag, slik som ribtur, olabilrace eller ipadrace. Enten som en egen aktivitet hver for seg eller som en kombinasjon for \u00e5 f\u00e5 mest mulig for pengene.<\/p>\n<p>[\/et_pb_text][dsm_button button_one_text=&raquo;Kontakt oss&raquo; button_one_url=&raquo;@ET-DC@eyJkeW5hbWljIjp0cnVlLCJjb250ZW50IjoicG9zdF9saW5rX3VybF9wYWdlIiwic2V0dGluZ3MiOnsicG9zdF9pZCI6IjY1MSJ9fQ==@&raquo; button_two_url=&raquo;https:\/\/allonboard.no\/wp-content\/uploads\/2023\/05\/RIB.2023pdf.pdf&raquo; button_two_url_new_window=&raquo;on&raquo; button_one_icon_hover_animation=&raquo;dsm-icon-forward&raquo; button_two_icon_hover_animation=&raquo;dsm-icon-forward&raquo; _builder_version=&raquo;4.21.0&#8243; _dynamic_attributes=&raquo;button_one_url&raquo; _module_preset=&raquo;default&raquo; custom_button_one=&raquo;on&raquo; button_one_text_size=&raquo;16px&raquo; button_one_text_color=&raquo;#000000&#8243; button_one_bg_color=&raquo;#ffd362&#8243; button_one_border_width=&raquo;2px&raquo; button_one_border_color=&raquo;#ffd362&#8243; button_one_border_radius=&raquo;20px&raquo; button_one_letter_spacing=&raquo;0px&raquo; button_one_font=&raquo;Work Sans|500|||||||&raquo; button_one_icon=&raquo;&#x35;||divi||400&#8243; button_one_on_hover=&raquo;off&raquo; button_one_custom_padding=&raquo;|50px||40px|false|false&raquo; button_one_custom_padding_tablet=&raquo;&raquo; button_one_custom_padding_phone=&raquo;|60px||40px|false|false&raquo; button_one_custom_padding_last_edited=&raquo;on|phone&raquo; custom_button_two=&raquo;on&raquo; button_two_text_size=&raquo;16px&raquo; button_two_text_color=&raquo;#000000&#8243; button_two_border_width=&raquo;2px&raquo; button_two_border_color=&raquo;#000000&#8243; button_two_border_radius=&raquo;20px&raquo; button_two_letter_spacing=&raquo;0px&raquo; button_two_font=&raquo;Work Sans|500|||||||&raquo; button_two_icon=&raquo;&#x35;||divi||400&#8243; button_two_on_hover=&raquo;off&raquo; button_two_custom_margin=&raquo;||||false|false&raquo; button_two_custom_margin_tablet=&raquo;&raquo; button_two_custom_margin_phone=&raquo;|||0px|false|false&raquo; button_two_custom_margin_last_edited=&raquo;on|phone&raquo; button_two_custom_padding=&raquo;|50px||40px|false|false&raquo; custom_margin=&raquo;35px||35px|||&raquo; global_colors_info=&raquo;{}&raquo; button_two_bg_color__hover_enabled=&raquo;on|hover&raquo; button_two_bg_color__hover=&raquo;#091B26&#8243; button_two_bg_enable_color__hover=&raquo;on&raquo; button_one_bg_color__hover=&raquo;#ffd362&#8243; button_one_bg_color__hover_enabled=&raquo;on|hover&raquo; button_two_text_color__hover_enabled=&raquo;on|hover&raquo; button_two_text_color__hover=&raquo;#FFFFFF&raquo;][\/dsm_button][\/et_pb_column][\/et_pb_row][et_pb_row column_structure=&raquo;2_3,1_3&#8243; _builder_version=&raquo;4.19.5&#8243; _module_preset=&raquo;default&raquo; custom_margin=&raquo;|auto|50px|auto||&raquo; custom_padding=&raquo;1px|||||&raquo; global_colors_info=&raquo;{}&raquo;][et_pb_column type=&raquo;2_3&#8243; _builder_version=&raquo;4.19.5&#8243; _module_preset=&raquo;default&raquo; global_colors_info=&raquo;{}&raquo;][et_pb_text _builder_version=&raquo;4.20.2&#8243; _module_preset=&raquo;default&raquo; text_font=&raquo;|300|||||||&raquo; text_text_color=&raquo;#011420&#8243; text_font_size=&raquo;23px&raquo; text_line_height=&raquo;1.2em&raquo; custom_margin=&raquo;||19px|||&raquo; text_font_size_tablet=&raquo;23px&raquo; text_font_size_phone=&raquo;19px&raquo; text_font_size_last_edited=&raquo;on|phone&raquo; global_colors_info=&raquo;{}&raquo;]<\/p>\n<p><strong>Ribtur, action og historiefortelling i den unike skj\u00e6rg\u00e5rden, sj\u00f8spr\u00f8y eller flatt hav, her kan dere v\u00e6re med p\u00e5 \u00e5 bestemme hvor mye action dere \u00f8nsker.<\/strong><\/p>\n<p>Max 12 stk i hver b\u00e5t (vi har 2 b\u00e5ter) <br \/>Vi har dresser, vester og annet p\u00e5krevd sikkerhetsutstyr ombord<br \/>Pris: 1,5 time kr 15.680 ink mva pr b\u00e5t<br \/>Deretter 3.360 pr 30 min ink mva.<br \/>Dersom dere m\u00f8ter opp p\u00e5 Vall\u00f8 (utenfor T\u00f8nsberg) kan vi ogs\u00e5 kj\u00f8re timestur kr 12.320 ink mva pr b\u00e5t.<\/p>\n<p>[\/et_pb_text][\/et_pb_column][et_pb_column type=&raquo;1_3&#8243; _builder_version=&raquo;4.20.2&#8243; _module_preset=&raquo;default&raquo; global_colors_info=&raquo;{}&raquo;][et_pb_button button_url=&raquo;@ET-DC@eyJkeW5hbWljIjp0cnVlLCJjb250ZW50IjoicG9zdF9saW5rX3VybF9wYWdlIiwic2V0dGluZ3MiOnsicG9zdF9pZCI6IjUwOCJ9fQ==@&raquo; button_text=&raquo;Utforsk&raquo; _builder_version=&raquo;4.20.2&#8243; _dynamic_attributes=&raquo;button_url&raquo; _module_preset=&raquo;28c91010-dbcc-4831-aab6-98a5e3dbbf47&#8243; button_text_color=&raquo;#012C3D&raquo; button_bg_color=&raquo;gcid-77ec331f-6e38-4703-81e5-732034e538f2&#8243; transform_scale=&raquo;70%|70%&raquo; transform_scale_last_edited=&raquo;off|desktop&raquo; transform_translate=&raquo;20%|-30%&raquo; transform_translate_last_edited=&raquo;off|desktop&raquo; transform_translate_linked=&raquo;off&raquo; transform_rotate_last_edited=&raquo;off|desktop&raquo; transform_skew_last_edited=&raquo;off|desktop&raquo; transform_origin_last_edited=&raquo;off|desktop&raquo; transform_styles_last_edited=&raquo;off|desktop&raquo; positioning=&raquo;absolute&raquo; position_origin_a=&raquo;top_right&raquo; z_index=&raquo;309&#8243; custom_padding=&raquo;40px|24px|40px|24px|false|true&raquo; locked=&raquo;off&raquo; global_colors_info=&raquo;{}&raquo; transform_styles__hover_enabled=&raquo;on|hover&raquo; transform_scale__hover_enabled=&raquo;on|hover&raquo; transform_translate__hover_enabled=&raquo;on|desktop&raquo; transform_rotate__hover_enabled=&raquo;on|desktop&raquo; transform_skew__hover_enabled=&raquo;on|desktop&raquo; transform_origin__hover_enabled=&raquo;on|desktop&raquo; transform_scale__hover=&raquo;72%|72%&raquo; button_bg_color__hover=&raquo;#ff5f45&#8243; button_text_color__hover_enabled=&raquo;on|desktop&raquo; button_text_color__hover=&raquo;#FFFFFF&raquo; transform_translate__hover=&raquo;20%|-30%&raquo;][\/et_pb_button][et_pb_image src=&raquo;https:\/\/allonboard.no\/wp-content\/uploads\/2023\/04\/Aktivitet-RibTur.png&raquo; title_text=&raquo;Aktivitet RibTur&raquo; align=&raquo;center&raquo; _builder_version=&raquo;4.21.0&#8243; _module_preset=&raquo;default&raquo; max_width=&raquo;391px&raquo; custom_margin=&raquo;||16px|||&raquo; locked=&raquo;off&raquo; global_colors_info=&raquo;{}&raquo;][\/et_pb_image][et_pb_text module_class=&raquo;aktiviteter-heading&raquo; _builder_version=&raquo;4.19.5&#8243; _module_preset=&raquo;default&raquo; text_font=&raquo;|300|||||||&raquo; text_text_color=&raquo;#012C3D&raquo; text_font_size=&raquo;13px&raquo; header_font=&raquo;|600|||||||&raquo; header_text_color=&raquo;#012c3d&raquo; header_font_size=&raquo;22px&raquo; header_line_height=&raquo;1.1em&raquo; text_orientation=&raquo;center&raquo; custom_margin=&raquo;||23px|||&raquo; animation_direction=&raquo;bottom&raquo; global_colors_info=&raquo;{}&raquo;]<\/p>\n<h1 style=\"text-align: center;\">RIB<\/h1>\n<p><span>Ribtur i skj\u00e6rg\u00e5rden eller Oslofjorden.<\/span><\/p>\n<p>[\/et_pb_text][\/et_pb_column][\/et_pb_row][et_pb_row column_structure=&raquo;2_3,1_3&#8243; _builder_version=&raquo;4.19.5&#8243; _module_preset=&raquo;default&raquo; custom_margin=&raquo;|auto|50px|auto||&raquo; custom_padding=&raquo;1px|||||&raquo; global_colors_info=&raquo;{}&raquo;][et_pb_column type=&raquo;2_3&#8243; _builder_version=&raquo;4.19.5&#8243; _module_preset=&raquo;default&raquo; global_colors_info=&raquo;{}&raquo;][et_pb_text _builder_version=&raquo;4.20.2&#8243; _module_preset=&raquo;default&raquo; text_font=&raquo;|300|||||||&raquo; text_text_color=&raquo;#011420&#8243; text_font_size=&raquo;23px&raquo; text_line_height=&raquo;1.2em&raquo; custom_margin=&raquo;||19px|||&raquo; text_font_size_tablet=&raquo;23px&raquo; text_font_size_phone=&raquo;19px&raquo; text_font_size_last_edited=&raquo;on|phone&raquo; global_colors_info=&raquo;{}&raquo;]<\/p>\n<p><strong>Olabilrace, kombinasjonen av \u00e5 lage noe sammen og s\u00e5 ha et race etterp\u00e5 fungerer veldig bra som en \u00abicebreaker\u00bb.<\/strong><\/p>\n<p>Designe, bygge og race, vi har alt av materialer, verkt\u00f8y og god stemning som gir et godt utgangspunkt til en perfekt dag for bruden\/brudgommen og forlovere.<\/p>\n<p>Minstepris kr 16.000 ink mva, <br \/>Pris pr stk kr 750 om dere er fler enn 20 stk.<\/p>\n<p>[\/et_pb_text][\/et_pb_column][et_pb_column type=&raquo;1_3&#8243; _builder_version=&raquo;4.20.2&#8243; _module_preset=&raquo;default&raquo; global_colors_info=&raquo;{}&raquo;][et_pb_button button_url=&raquo;@ET-DC@eyJkeW5hbWljIjp0cnVlLCJjb250ZW50IjoicG9zdF9saW5rX3VybF9wYWdlIiwic2V0dGluZ3MiOnsicG9zdF9pZCI6IjcxNyJ9fQ==@&raquo; button_text=&raquo;Utforsk&raquo; _builder_version=&raquo;4.20.2&#8243; _dynamic_attributes=&raquo;button_url&raquo; _module_preset=&raquo;28c91010-dbcc-4831-aab6-98a5e3dbbf47&#8243; button_text_color=&raquo;#012C3D&raquo; button_bg_color=&raquo;gcid-77ec331f-6e38-4703-81e5-732034e538f2&#8243; transform_scale=&raquo;70%|70%&raquo; transform_scale_last_edited=&raquo;off|desktop&raquo; transform_translate=&raquo;20%|-30%&raquo; transform_translate_last_edited=&raquo;off|desktop&raquo; transform_translate_linked=&raquo;off&raquo; transform_rotate_last_edited=&raquo;off|desktop&raquo; transform_skew_last_edited=&raquo;off|desktop&raquo; transform_origin_last_edited=&raquo;off|desktop&raquo; transform_styles_last_edited=&raquo;off|desktop&raquo; positioning=&raquo;absolute&raquo; position_origin_a=&raquo;top_right&raquo; z_index=&raquo;1&#8243; custom_padding=&raquo;40px|24px|40px|24px|false|true&raquo; locked=&raquo;off&raquo; global_colors_info=&raquo;{}&raquo; transform_styles__hover_enabled=&raquo;on|hover&raquo; transform_scale__hover_enabled=&raquo;on|hover&raquo; transform_translate__hover_enabled=&raquo;on|desktop&raquo; transform_rotate__hover_enabled=&raquo;on|desktop&raquo; transform_skew__hover_enabled=&raquo;on|desktop&raquo; transform_origin__hover_enabled=&raquo;on|desktop&raquo; transform_scale__hover=&raquo;72%|72%&raquo; button_bg_color__hover=&raquo;#ff5f45&#8243; button_text_color__hover_enabled=&raquo;on|desktop&raquo; button_text_color__hover=&raquo;#FFFFFF&raquo; transform_translate__hover=&raquo;20%|-30%&raquo;][\/et_pb_button][et_pb_image src=&raquo;https:\/\/allonboard.no\/wp-content\/uploads\/2023\/04\/Aktivitet-Olabil.png&raquo; title_text=&raquo;Aktivitet Olabil&raquo; align=&raquo;center&raquo; _builder_version=&raquo;4.21.0&#8243; _module_preset=&raquo;default&raquo; max_width=&raquo;391px&raquo; custom_margin=&raquo;||16px|||&raquo; locked=&raquo;off&raquo; global_colors_info=&raquo;{}&raquo;][\/et_pb_image][et_pb_text module_class=&raquo;aktiviteter-heading&raquo; _builder_version=&raquo;4.20.0&#8243; _module_preset=&raquo;default&raquo; text_font=&raquo;|300|||||||&raquo; text_text_color=&raquo;#012C3D&raquo; text_font_size=&raquo;13px&raquo; header_font=&raquo;|600|||||||&raquo; header_text_color=&raquo;#012c3d&raquo; header_font_size=&raquo;22px&raquo; header_line_height=&raquo;1.1em&raquo; text_orientation=&raquo;center&raquo; custom_margin=&raquo;||23px|||&raquo; animation_direction=&raquo;bottom&raquo; global_colors_info=&raquo;{}&raquo;]<\/p>\n<h1 style=\"text-align: center;\">Olabil<\/h1>\n<p><span>Tilbake til barndommen.<\/span><\/p>\n<p>[\/et_pb_text][\/et_pb_column][\/et_pb_row][et_pb_row column_structure=&raquo;2_3,1_3&#8243; _builder_version=&raquo;4.19.5&#8243; _module_preset=&raquo;default&raquo; custom_padding=&raquo;1px|||||&raquo; global_colors_info=&raquo;{}&raquo;][et_pb_column type=&raquo;2_3&#8243; _builder_version=&raquo;4.19.5&#8243; _module_preset=&raquo;default&raquo; global_colors_info=&raquo;{}&raquo;][et_pb_text _builder_version=&raquo;4.20.2&#8243; _module_preset=&raquo;default&raquo; text_font=&raquo;|300|||||||&raquo; text_text_color=&raquo;#011420&#8243; text_font_size=&raquo;23px&raquo; text_line_height=&raquo;1.2em&raquo; custom_margin=&raquo;||19px|||&raquo; text_font_size_tablet=&raquo;23px&raquo; text_font_size_phone=&raquo;19px&raquo; text_font_size_last_edited=&raquo;on|phone&raquo; global_colors_info=&raquo;{}&raquo;]<\/p>\n<p><strong>Ipadrace er en herlig aktivitet som kan gi det store kicket til et utdrikningslag.<\/strong><\/p>\n<p>Med tilpassede oppgaver, foto og film som lages underveis og gjerne sp\u00f8rsm\u00e5l om brudeparet, gir dette et godt grunnlag for den perfekte dagen. Ruten lager vi sammen og s\u00f8rger for muligheten til \u00e5 bes\u00f8ke viktige steder for hovedpersonen, byen, tidligere bosteder, skole, utesteder eller hva det m\u00e5tte v\u00e6re.<\/p>\n<p>Vi redigerer og lager en morsom film dere kan vise enten p\u00e5 kvelden eller til bryllupet.<br \/>Minstepris er 20.000 ink mva<br \/>Pris pr stk kr 750 om dere er fler enn 20 stk<\/p>\n<p>[\/et_pb_text][\/et_pb_column][et_pb_column type=&raquo;1_3&#8243; _builder_version=&raquo;4.20.2&#8243; _module_preset=&raquo;default&raquo; global_colors_info=&raquo;{}&raquo;][et_pb_button button_url=&raquo;@ET-DC@eyJkeW5hbWljIjp0cnVlLCJjb250ZW50IjoicG9zdF9saW5rX3VybF9wYWdlIiwic2V0dGluZ3MiOnsicG9zdF9pZCI6IjY5MCJ9fQ==@&raquo; button_text=&raquo;Utforsk&raquo; _builder_version=&raquo;4.20.2&#8243; _dynamic_attributes=&raquo;button_url&raquo; _module_preset=&raquo;28c91010-dbcc-4831-aab6-98a5e3dbbf47&#8243; button_text_color=&raquo;#012C3D&raquo; button_bg_color=&raquo;gcid-77ec331f-6e38-4703-81e5-732034e538f2&#8243; transform_scale=&raquo;70%|70%&raquo; transform_scale_last_edited=&raquo;off|desktop&raquo; transform_translate=&raquo;20%|-30%&raquo; transform_translate_last_edited=&raquo;off|desktop&raquo; transform_translate_linked=&raquo;off&raquo; transform_rotate_last_edited=&raquo;off|desktop&raquo; transform_skew_last_edited=&raquo;off|desktop&raquo; transform_origin_last_edited=&raquo;off|desktop&raquo; transform_styles_last_edited=&raquo;off|desktop&raquo; positioning=&raquo;absolute&raquo; position_origin_a=&raquo;top_right&raquo; z_index=&raquo;1&#8243; custom_padding=&raquo;40px|24px|40px|24px|false|true&raquo; locked=&raquo;off&raquo; global_colors_info=&raquo;{}&raquo; transform_styles__hover_enabled=&raquo;on|hover&raquo; transform_scale__hover_enabled=&raquo;on|hover&raquo; transform_translate__hover_enabled=&raquo;on|desktop&raquo; transform_rotate__hover_enabled=&raquo;on|desktop&raquo; transform_skew__hover_enabled=&raquo;on|desktop&raquo; transform_origin__hover_enabled=&raquo;on|desktop&raquo; transform_scale__hover=&raquo;72%|72%&raquo; button_bg_color__hover=&raquo;#ff5f45&#8243; button_text_color__hover_enabled=&raquo;on|desktop&raquo; button_text_color__hover=&raquo;#FFFFFF&raquo; transform_translate__hover=&raquo;20%|-30%&raquo;][\/et_pb_button][et_pb_image src=&raquo;https:\/\/allonboard.no\/wp-content\/uploads\/2023\/04\/Aktivitet-iPad-race.png&raquo; title_text=&raquo;Aktivitet iPad-race&raquo; align=&raquo;center&raquo; _builder_version=&raquo;4.21.0&#8243; _module_preset=&raquo;default&raquo; max_width=&raquo;391px&raquo; custom_margin=&raquo;||16px|||&raquo; locked=&raquo;off&raquo; global_colors_info=&raquo;{}&raquo;][\/et_pb_image][et_pb_text module_class=&raquo;aktiviteter-heading&raquo; _builder_version=&raquo;4.20.2&#8243; _module_preset=&raquo;default&raquo; text_font=&raquo;|300|||||||&raquo; text_text_color=&raquo;#012C3D&raquo; text_font_size=&raquo;13px&raquo; header_font=&raquo;|600|||||||&raquo; header_text_color=&raquo;#012c3d&raquo; header_font_size=&raquo;22px&raquo; header_line_height=&raquo;1.1em&raquo; text_orientation=&raquo;center&raquo; custom_margin=&raquo;||23px|||&raquo; animation_direction=&raquo;bottom&raquo; global_colors_info=&raquo;{}&raquo;]<\/p>\n<h1>iPad race<\/h1>\n<p>Sporlek med iPad.<\/p>\n<p>[\/et_pb_text][\/et_pb_column][\/et_pb_row][et_pb_row _builder_version=&raquo;4.20.4&#8243; _module_preset=&raquo;default&raquo; custom_margin=&raquo;0px||0px||true|false&raquo; custom_padding=&raquo;0px||0px||true|false&raquo; global_colors_info=&raquo;{}&raquo;][et_pb_column type=&raquo;4_4&#8243; _builder_version=&raquo;4.20.4&#8243; _module_preset=&raquo;default&raquo; global_colors_info=&raquo;{}&raquo;][et_pb_text _builder_version=&raquo;4.20.4&#8243; _module_preset=&raquo;default&raquo; text_text_color=&raquo;#FFFFFF&raquo; text_font_size=&raquo;1px&raquo; link_text_color=&raquo;#FFFFFF&raquo; global_colors_info=&raquo;{}&raquo;]<\/p>\n<p>F\u00f8lg oss p\u00e5 <a href=\"https:\/\/www.facebook.com\/allonboard\/\" target=\"_blank\" rel=\"noopener\">Facebook<\/a><\/p>\n<p>[\/et_pb_text][\/et_pb_column][\/et_pb_row][\/et_pb_section]<\/p>\n","protected":false},"excerpt":{"rendered":"<p>UtdrikningslagEn forlovers dr\u00f8m. La oss hjelpe til med utdrikningslaget.\u00c5 bli spurt om \u00e5 v\u00e6re forlover er en stor \u00e6re, men ogs\u00e5 ofte med en stor forventning om \u00e5 lage en god fest med gjengen.\u00c5 f\u00e5 til et vellykket utdrikningslag med mange forskjellige venner og familie som kanskje heller ikke kjenne hverandre, kan bli en stor utfordring. Aktiviteter l\u00f8ser gjerne opp og er grunnlaget for god stemning og gode minner for livet. Vi kan tilby morsomme og inkluderende aktiviteter til utdrikningslag, slik som ribtur, olabilrace eller ipadrace. Enten som en egen aktivitet hver for seg eller som en kombinasjon for \u00e5 f\u00e5 mest mulig for pengene.<div class=\"et_pb_module dsm_button dsm_button_0 et_pb_bg_layout_light\">\n\t\t\t\t\n\t\t\t\t\n\t\t\t\t\n\t\t\t\t\n\t\t\t\t\n\t\t\t\t\n\t\t\t\t<div class=\"et_pb_module_inner\">\n\t\t\t\t\t<div class=\"et_pb_button_module_wrappers dsm_button_0_wrapper  et_pb_module\">\n\t\t\t\t<a class=\"et_pb_button et_pb_button_one et_pb_custom_button_icon dsm-icon-forward et_pb_bg_layout_light dsm-none \"  data-icon=\"&#x35;\" data-dsm-lightbox-id=\"dsm_button_one_lightbox dsm_button_0\"><span>Kontakt oss<\/span><\/a>\n\t\t\t<\/div>\n\t\t\t\t<\/div>\n\t\t\t<\/div>Ribtur, action og historiefortelling i den unike skj\u00e6rg\u00e5rden, sj\u00f8spr\u00f8y eller flatt hav, her kan dere v\u00e6re med p\u00e5 \u00e5 bestemme hvor mye action dere \u00f8nsker. Max 12 stk i hver b\u00e5t (vi har 2 b\u00e5ter) Vi har dresser, vester og annet p\u00e5krevd sikkerhetsutstyr ombordPris: 1,5 [&hellip;]<\/p>\n","protected":false},"author":1,"featured_media":0,"parent":21,"menu_order":0,"comment_status":"closed","ping_status":"closed","template":"","meta":{"_et_pb_use_builder":"on","_et_pb_old_content":"","_et_gb_content_width":"","footnotes":""},"class_list":["post-1166","page","type-page","status-publish","hentry"],"_links":{"self":[{"href":"https:\/\/allonboard.no\/en\/wp-json\/wp\/v2\/pages\/1166","targetHints":{"allow":["GET"]}}],"collection":[{"href":"https:\/\/allonboard.no\/en\/wp-json\/wp\/v2\/pages"}],"about":[{"href":"https:\/\/allonboard.no\/en\/wp-json\/wp\/v2\/types\/page"}],"author":[{"embeddable":true,"href":"https:\/\/allonboard.no\/en\/wp-json\/wp\/v2\/users\/1"}],"replies":[{"embeddable":true,"href":"https:\/\/allonboard.no\/en\/wp-json\/wp\/v2\/comments?post=1166"}],"version-history":[{"count":8,"href":"https:\/\/allonboard.no\/en\/wp-json\/wp\/v2\/pages\/1166\/revisions"}],"predecessor-version":[{"id":2093,"href":"https:\/\/allonboard.no\/en\/wp-json\/wp\/v2\/pages\/1166\/revisions\/2093"}],"up":[{"embeddable":true,"href":"https:\/\/allonboard.no\/en\/wp-json\/wp\/v2\/pages\/21"}],"wp:attachment":[{"href":"https:\/\/allonboard.no\/en\/wp-json\/wp\/v2\/media?parent=1166"}],"curies":[{"name":"wp","href":"https:\/\/api.w.org\/{rel}","templated":true}]}}