{"id":1121,"date":"2023-03-10T16:07:50","date_gmt":"2023-03-10T15:07:50","guid":{"rendered":"http:\/\/allonboard.no\/?page_id=1121"},"modified":"2024-01-17T14:09:06","modified_gmt":"2024-01-17T13:09:06","slug":"oslo","status":"publish","type":"page","link":"https:\/\/allonboard.no\/en\/destinasjoner\/oslo\/","title":{"rendered":"Oslo"},"content":{"rendered":"<p>[et_pb_section fb_built=&raquo;1&#8243; custom_padding_last_edited=&raquo;on|phone&raquo; _builder_version=&raquo;4.20.2&#8243; _module_preset=&raquo;default&raquo; use_background_color_gradient=&raquo;on&raquo; background_color_gradient_stops=&raquo;rgba(1,20,32,0) 0%|rgba(1,20,32,0) 5%|#011420 100%&raquo; background_color_gradient_overlays_image=&raquo;on&raquo; background_image=&raquo;https:\/\/allonboard.no\/wp-content\/uploads\/2023\/03\/Allonboard-Destinasjoner.jpg&raquo; custom_padding=&raquo;200px||90px||false|false&raquo; custom_padding_tablet=&raquo;200px||200px||true|false&raquo; custom_padding_phone=&raquo;100px||40px||false|false&raquo; global_colors_info=&raquo;{}&raquo;][et_pb_row _builder_version=&raquo;4.19.4&#8243; _module_preset=&raquo;default&raquo; global_colors_info=&raquo;{}&raquo;][et_pb_column type=&raquo;4_4&#8243; _builder_version=&raquo;4.19.4&#8243; _module_preset=&raquo;default&raquo; global_colors_info=&raquo;{}&raquo;][et_pb_text _builder_version=&raquo;4.19.5&#8243; _module_preset=&raquo;default&raquo; header_font=&raquo;Lato|900|||||||&raquo; header_text_color=&raquo;#FFFFFF&raquo; header_font_size=&raquo;61px&raquo; custom_margin=&raquo;||8px|||&raquo; animation_direction=&raquo;bottom&raquo; header_font_size_tablet=&raquo;59px&raquo; header_font_size_phone=&raquo;45px&raquo; header_font_size_last_edited=&raquo;on|phone&raquo; global_colors_info=&raquo;{}&raquo;]<\/p>\n<h1>Opplevelser i Oslo<\/h1>\n<p>[\/et_pb_text][et_pb_text _builder_version=&raquo;4.23.1&#8243; _module_preset=&raquo;default&raquo; header_2_font=&raquo;Lato|300|||||||&raquo; header_2_text_color=&raquo;#FFFFFF&raquo; header_2_font_size=&raquo;31px&raquo; custom_margin=&raquo;||19px|||&raquo; header_2_font_size_tablet=&raquo;45px&raquo; header_2_font_size_phone=&raquo;27px&raquo; header_2_font_size_last_edited=&raquo;on|phone&raquo; global_colors_info=&raquo;{}&raquo;]<\/p>\n<h2>Norges hovedstad er virkelig mekka for gode opplevelser og teambuilding<\/h2>\n<p>[\/et_pb_text][\/et_pb_column][\/et_pb_row][\/et_pb_section][et_pb_section fb_built=&raquo;1&#8243; custom_padding_last_edited=&raquo;on|phone&raquo; _builder_version=&raquo;4.20.2&#8243; _module_preset=&raquo;default&raquo; custom_padding_tablet=&raquo;&raquo; custom_padding_phone=&raquo;10px||||false|false&raquo; global_colors_info=&raquo;{}&raquo;][et_pb_row column_structure=&raquo;1_2,1_2&#8243; use_custom_gutter=&raquo;on&raquo; gutter_width=&raquo;2&#8243; make_equal=&raquo;on&raquo; _builder_version=&raquo;4.20.2&#8243; _module_preset=&raquo;default&raquo; custom_margin=&raquo;|auto|37px|auto||&raquo; global_colors_info=&raquo;{}&raquo;][et_pb_column type=&raquo;1_2&#8243; _builder_version=&raquo;4.20.2&#8243; _module_preset=&raquo;default&raquo; global_colors_info=&raquo;{}&raquo;][et_pb_text _builder_version=&raquo;4.20.2&#8243; _module_preset=&raquo;default&raquo; header_font=&raquo;|800|||||||&raquo; header_text_color=&raquo;#012C3D&raquo; header_font_size=&raquo;31px&raquo; header_line_height=&raquo;1.1em&raquo; custom_margin=&raquo;||10px||false|false&raquo; animation_direction=&raquo;bottom&raquo; header_font_size_tablet=&raquo;36px&raquo; header_font_size_phone=&raquo;22px&raquo; header_font_size_last_edited=&raquo;on|phone&raquo; global_colors_info=&raquo;{}&raquo;]<\/p>\n<h1>Norges hovedstad er virkelig mekka for gode opplevelser og teambuilding.<\/h1>\n<p>[\/et_pb_text][et_pb_text _builder_version=&raquo;4.21.0&#8243; _module_preset=&raquo;default&raquo; text_font=&raquo;|300|||||||&raquo; text_text_color=&raquo;#011420&#8243; text_font_size=&raquo;17px&raquo; text_line_height=&raquo;1.4em&raquo; link_font=&raquo;|600|||||||&raquo; link_text_color=&raquo;#091B26&#8243; custom_margin=&raquo;||3px|||&raquo; text_font_size_tablet=&raquo;23px&raquo; text_font_size_phone=&raquo;17px&raquo; text_font_size_last_edited=&raquo;on|desktop&raquo; global_colors_info=&raquo;{}&raquo;]<\/p>\n<p>I h\u00f8yden over Oslo ruger Holmenkollen med sin fantastiske utsikt utover Oslofjorden og byen. Langs fjorden finner vi Operaen og Aker Brygge. Har du noen gang tenkt p\u00e5 hvilke muligheter som finnes innen en halvtime fra Oslo sentrum? Ved hjelp av Ipadrace kan vi frakte gruppen fra a til b, samtidig som viktige landemerker og teambuildning skjer.<\/p>\n<p>Det er f\u00e5 steder i verden der det er s\u00e5 liten avstand mellom skj\u00e6rg\u00e5rd, storby og \u201cfjell\u201d som i Oslo. Ipadrace er en utmerket plattform for \u00e5 transportere gruppene fra hotell til middag eller rundt i Oslos gater. Vi kjenner steder det er bra \u00e5 ha <a href=\"https:\/\/allonboard.no\/aktiviteter\/olabil-race\/\">Olabilrace<\/a>, <a href=\"https:\/\/allonboard.no\/aktiviteter\/mesternes-mester\/\">Mesternes Mester<\/a> eller <a href=\"https:\/\/allonboard.no\/aktiviteter\/femkamp\/\">5-kamp<\/a> p\u00e5 i Oslo.<\/p>\n<p>Aker brygge er selvsagt et sted for <a href=\"https:\/\/allonboard.no\/aktiviteter\/rib\/\">Rib<\/a> og <a href=\"https:\/\/allonboard.no\/aktiviteter\/seiling\/\">seilaktivitet<\/a> ogs\u00e5, kort vei ut til flotte og sjarmerende steder.<\/p>\n<p>Det finnes virkelig ingen begrensinger for hva vi kan f\u00e5 til i Oslo!<\/p>\n<p>[\/et_pb_text][\/et_pb_column][et_pb_column type=&raquo;1_2&#8243; _builder_version=&raquo;4.20.2&#8243; _module_preset=&raquo;default&raquo; global_colors_info=&raquo;{}&raquo;][et_pb_image src=&raquo;https:\/\/allonboard.no\/wp-content\/uploads\/2023\/03\/Allonboard-Destinasjoner.jpg&raquo; alt=&raquo;Arrangementer og opplevelser i oslo&raquo; title_text=&raquo;Allonboard Destinasjoner&raquo; module_class=&raquo;pa-full-height-image-column&raquo; _builder_version=&raquo;4.21.0&#8243; _module_preset=&raquo;default&raquo; border_radii=&raquo;on|10px|10px|10px|10px&raquo; global_colors_info=&raquo;{}&raquo;][\/et_pb_image][\/et_pb_column][\/et_pb_row][et_pb_row use_custom_gutter=&raquo;on&raquo; gutter_width=&raquo;2&#8243; make_equal=&raquo;on&raquo; _builder_version=&raquo;4.20.2&#8243; _module_preset=&raquo;default&raquo; custom_padding=&raquo;19px||3px|||&raquo; global_colors_info=&raquo;{}&raquo;][et_pb_column type=&raquo;4_4&#8243; _builder_version=&raquo;4.20.2&#8243; _module_preset=&raquo;default&raquo; global_colors_info=&raquo;{}&raquo;][et_pb_text _builder_version=&raquo;4.20.2&#8243; _module_preset=&raquo;default&raquo; header_font=&raquo;|800|||||||&raquo; header_text_color=&raquo;#012C3D&raquo; header_font_size=&raquo;28px&raquo; header_line_height=&raquo;1.1em&raquo; custom_margin=&raquo;||10px||false|false&raquo; animation_direction=&raquo;bottom&raquo; header_font_size_tablet=&raquo;36px&raquo; header_font_size_phone=&raquo;22px&raquo; header_font_size_last_edited=&raquo;on|phone&raquo; global_colors_info=&raquo;{}&raquo;]<\/p>\n<h1>Overnatting og aktiviteter<\/h1>\n<p>[\/et_pb_text][\/et_pb_column][\/et_pb_row][et_pb_row column_structure=&raquo;1_3,1_3,1_3&#8243; use_custom_gutter=&raquo;on&raquo; gutter_width=&raquo;2&#8243; make_equal=&raquo;on&raquo; _builder_version=&raquo;4.20.2&#8243; _module_preset=&raquo;default&raquo; custom_margin=&raquo;|auto|40px|auto||&raquo; custom_padding=&raquo;0px|||||&raquo; global_colors_info=&raquo;{}&raquo;][et_pb_column type=&raquo;1_3&#8243; _builder_version=&raquo;4.20.2&#8243; _module_preset=&raquo;default&raquo; global_colors_info=&raquo;{}&raquo;][dsm_card title=&raquo;Scandic Oslofjord&raquo; subtitle=&raquo;Det gr\u00f8nne hotellet ved E18, kjenner du sikkert igjen. Stedet har mange skjulte sider og vi vet hvilke. Egner seg godt for en flott tur i skj\u00e6rg\u00e5rden med Rib eller Seilb\u00e5t. Andre popul\u00e6re aktiviteter her er Olabilrace, Ipadrace, Deadline eller 5-kamp.&raquo; content_horizontal_alignment=&raquo;flex-start&raquo; content_equal_height=&raquo;on&raquo; image=&raquo;https:\/\/allonboard.no\/wp-content\/uploads\/2023\/03\/Scandic-Fornebu-terrace.jpg&raquo; image_background_height=&raquo;180px&raquo; image_width=&raquo;100%&raquo; button_text=&raquo;Bes\u00f8k de her&raquo; button_url=&raquo;https:\/\/www.thonhotels.no\/hoteller\/norge\/sandvika\/thon-hotel-oslofjord\/&raquo; button_url_new_window=&raquo;1&#8243; _builder_version=&raquo;4.23.1&#8243; _module_preset=&raquo;default&raquo; badge_text_color=&raquo;#091B26&#8243; header_font=&raquo;|700|||||||&raquo; header_text_color=&raquo;#091B26&#8243; header_font_size=&raquo;19px&raquo; subhead_font=&raquo;|300|||||||&raquo; subhead_text_color=&raquo;#091B26&#8243; subhead_font_size=&raquo;12px&raquo; subhead_line_height=&raquo;1.3em&raquo; background_color=&raquo;#EDF4F6&#8243; custom_button=&raquo;on&raquo; button_text_size=&raquo;13px&raquo; button_text_color=&raquo;#EDF4F6&#8243; button_bg_color=&raquo;#FF5F45&#8243; button_border_color=&raquo;#FF5F45&#8243; button_border_radius=&raquo;33px&raquo; button_icon=&raquo;&#x35;||divi||400&#8243; button_custom_padding=&raquo;0px||0px||true|true&raquo; border_radii=&raquo;on|20px|20px|20px|20px&raquo; global_colors_info=&raquo;{}&raquo;][\/dsm_card][\/et_pb_column][et_pb_column type=&raquo;1_3&#8243; _builder_version=&raquo;4.20.2&#8243; _module_preset=&raquo;default&raquo; global_colors_info=&raquo;{}&raquo;][dsm_card title=&raquo;Holmen Fjordhotell&raquo; subtitle=&raquo;Siden 1924 har det v\u00e6rt drevet hotell p\u00e5 Gr\u00f8nlia, kort avstand fra Oslo. Dette sjarmerende stedet med lang historie er et nydelig utgangspunkt for spennende aktiviteter som Seiling og Rib. M\u00f8terommene og naturen rundt hotellet muliggj\u00f8r for engasjerende landbaserte aktiviteter som Deadline, Ipadrace og ikke minst Olabilrace&raquo; content_horizontal_alignment=&raquo;flex-start&raquo; content_equal_height=&raquo;on&raquo; image=&raquo;https:\/\/allonboard.no\/wp-content\/uploads\/2023\/03\/6174590176_IMG_0052.jpg&raquo; image_background_height=&raquo;180px&raquo; image_width=&raquo;100%&raquo; button_text=&raquo;Bes\u00f8k de her&raquo; button_url=&raquo;https:\/\/www.holmenfjordhotell.no\/&raquo; button_url_new_window=&raquo;1&#8243; _builder_version=&raquo;4.23.1&#8243; _module_preset=&raquo;default&raquo; badge_text_color=&raquo;#091B26&#8243; header_font=&raquo;|700|||||||&raquo; header_text_color=&raquo;#091B26&#8243; header_font_size=&raquo;19px&raquo; subhead_font=&raquo;|300|||||||&raquo; subhead_text_color=&raquo;#091B26&#8243; subhead_font_size=&raquo;12px&raquo; subhead_line_height=&raquo;1.3em&raquo; background_color=&raquo;#EDF4F6&#8243; custom_button=&raquo;on&raquo; button_text_size=&raquo;13px&raquo; button_text_color=&raquo;#EDF4F6&#8243; button_bg_color=&raquo;#FF5F45&#8243; button_border_color=&raquo;#FF5F45&#8243; button_border_radius=&raquo;33px&raquo; button_icon=&raquo;&#x35;||divi||400&#8243; button_custom_padding=&raquo;0px||0px||true|true&raquo; border_radii=&raquo;on|20px|20px|20px|20px&raquo; global_colors_info=&raquo;{}&raquo;][\/dsm_card][\/et_pb_column][et_pb_column type=&raquo;1_3&#8243; _builder_version=&raquo;4.20.2&#8243; _module_preset=&raquo;default&raquo; global_colors_info=&raquo;{}&raquo;][dsm_card title=&raquo;Leangkollen Hotell&raquo; subtitle=&raquo;Omringet av vakker natur og fantastisk utsikt i Asker ligger Leangkollen hotell, bare en liten kj\u00f8retur fra Oslo.&raquo; content_horizontal_alignment=&raquo;flex-start&raquo; content_equal_height=&raquo;on&raquo; image=&raquo;https:\/\/allonboard.no\/wp-content\/uploads\/2023\/03\/facade-surroundings-quality-hotel-leangkollen.jpg&raquo; image_background_height=&raquo;180px&raquo; image_width=&raquo;100%&raquo; button_text=&raquo;Bes\u00f8k de her&raquo; button_url=&raquo;https:\/\/www.nordicchoicehotels.no\/hotell\/norge\/asker\/quality-hotel-leangkollen\/&raquo; button_url_new_window=&raquo;1&#8243; _builder_version=&raquo;4.21.0&#8243; _module_preset=&raquo;default&raquo; badge_text_color=&raquo;#091B26&#8243; header_font=&raquo;|700|||||||&raquo; header_text_color=&raquo;#091B26&#8243; header_font_size=&raquo;19px&raquo; subhead_font=&raquo;|300|||||||&raquo; subhead_text_color=&raquo;#091B26&#8243; subhead_font_size=&raquo;12px&raquo; subhead_line_height=&raquo;1.3em&raquo; background_color=&raquo;#EDF4F6&#8243; custom_button=&raquo;on&raquo; button_text_size=&raquo;13px&raquo; button_text_color=&raquo;#EDF4F6&#8243; button_bg_color=&raquo;#FF5F45&#8243; button_border_color=&raquo;#FF5F45&#8243; button_border_radius=&raquo;33px&raquo; button_icon=&raquo;&#x35;||divi||400&#8243; button_custom_padding=&raquo;0px||0px||true|true&raquo; border_radii=&raquo;on|20px|20px|20px|20px&raquo; global_colors_info=&raquo;{}&raquo;][\/dsm_card][\/et_pb_column][\/et_pb_row][et_pb_row use_custom_gutter=&raquo;on&raquo; gutter_width=&raquo;2&#8243; make_equal=&raquo;on&raquo; _builder_version=&raquo;4.20.2&#8243; _module_preset=&raquo;default&raquo; custom_padding=&raquo;19px||3px|||&raquo; global_colors_info=&raquo;{}&raquo;][et_pb_column type=&raquo;4_4&#8243; _builder_version=&raquo;4.20.2&#8243; _module_preset=&raquo;default&raquo; global_colors_info=&raquo;{}&raquo;][et_pb_text _builder_version=&raquo;4.20.2&#8243; _module_preset=&raquo;default&raquo; header_font=&raquo;|800|||||||&raquo; header_text_color=&raquo;#012C3D&raquo; header_font_size=&raquo;28px&raquo; header_line_height=&raquo;1.1em&raquo; custom_margin=&raquo;||10px||false|false&raquo; animation_direction=&raquo;bottom&raquo; header_font_size_tablet=&raquo;36px&raquo; header_font_size_phone=&raquo;22px&raquo; header_font_size_last_edited=&raquo;on|phone&raquo; global_colors_info=&raquo;{}&raquo;]<\/p>\n<h1>G\u00e5 ikke glipp av<\/h1>\n<p>[\/et_pb_text][\/et_pb_column][\/et_pb_row][et_pb_row use_custom_gutter=&raquo;on&raquo; gutter_width=&raquo;2&#8243; make_equal=&raquo;on&raquo; _builder_version=&raquo;4.20.2&#8243; _module_preset=&raquo;default&raquo; custom_padding=&raquo;0px|||||&raquo; global_colors_info=&raquo;{}&raquo;][et_pb_column type=&raquo;4_4&#8243; _builder_version=&raquo;4.20.2&#8243; _module_preset=&raquo;default&raquo; global_colors_info=&raquo;{}&raquo;][dsm_card title=&raquo;Oscarsborg&raquo; layout=&raquo;inline&raquo; layout_inline_image_width=&raquo;45%&raquo; layout_inline_order=&raquo;right&raquo; content_horizontal_alignment=&raquo;flex-start&raquo; image=&raquo;https:\/\/allonboard.no\/wp-content\/uploads\/2023\/05\/Oscarsborg.jpg&raquo; image_background_height=&raquo;320px&raquo; image_width=&raquo;100%&raquo; content_padding=&raquo;30px|30px|30px|30px|true|true&raquo; button_text=&raquo;Kontakt oss&raquo; button_url=&raquo;@ET-DC@eyJkeW5hbWljIjp0cnVlLCJjb250ZW50IjoicG9zdF9saW5rX3VybF9wYWdlIiwic2V0dGluZ3MiOnsicG9zdF9pZCI6IjY1MSJ9fQ==@&raquo; button_url_new_window=&raquo;1&#8243; layout_tablet=&raquo;inline&raquo; layout_phone=&raquo;stacked&raquo; layout_last_edited=&raquo;on|phone&raquo; _builder_version=&raquo;4.21.0&#8243; _dynamic_attributes=&raquo;button_url&raquo; _module_preset=&raquo;default&raquo; badge_text_color=&raquo;#091B26&#8243; header_font=&raquo;|700|||||||&raquo; header_text_color=&raquo;#091B26&#8243; header_font_size=&raquo;19px&raquo; body_font=&raquo;|300|||||||&raquo; body_text_color=&raquo;#091B26&#8243; body_font_size=&raquo;17px&raquo; body_line_height=&raquo;1.2em&raquo; subhead_font=&raquo;|300|||||||&raquo; subhead_text_color=&raquo;#091B26&#8243; subhead_font_size=&raquo;12px&raquo; subhead_line_height=&raquo;1.3em&raquo; background_color=&raquo;#EDF4F6&#8243; custom_button=&raquo;on&raquo; button_text_size=&raquo;13px&raquo; button_text_color=&raquo;#091B26&#8243; button_bg_color=&raquo;#FFD362&#8243; button_border_color=&raquo;#FFD362&#8243; button_border_radius=&raquo;33px&raquo; button_icon=&raquo;&#x35;||divi||400&#8243; button_custom_padding=&raquo;0px||0px||true|true&raquo; border_radii=&raquo;on|20px|20px|20px|20px&raquo; global_colors_info=&raquo;{}&raquo;]<\/p>\n<p class=\"p1\">Har du tenkt over hvorfor vi ikke snakker tysk? Oscarsborg Festning med Oberst Birger Eriksen i spissen var helt avgj\u00f8rende for \u00e5 utsette invasjonen av Norge under andre verdenskrig. Den pulserende \u00f8ya midt i den smaleste delen av Oslofjorden er virkelig et sted \u00e5 oppleve. Ribtur med omvisning p\u00e5 festningen tar historiefortellingen til et nytt niv\u00e5.<\/p>\n<p class=\"p1\">Oscarsborg Festning passer seg godt for landbaserte aktiviteter som Deadline, Ipadrace, 5-kamp og Mesternes mester krydrer ethvert opphold p\u00e5 Festningen.<\/p>\n<p>[\/dsm_card][\/et_pb_column][\/et_pb_row][et_pb_row use_custom_gutter=&raquo;on&raquo; gutter_width=&raquo;2&#8243; make_equal=&raquo;on&raquo; _builder_version=&raquo;4.20.2&#8243; _module_preset=&raquo;default&raquo; custom_padding=&raquo;0px|||||&raquo; global_colors_info=&raquo;{}&raquo;][et_pb_column type=&raquo;4_4&#8243; _builder_version=&raquo;4.20.2&#8243; _module_preset=&raquo;default&raquo; global_colors_info=&raquo;{}&raquo;][dsm_card title=&raquo;Villa Malla&raquo; layout=&raquo;inline&raquo; layout_inline_image_width=&raquo;45%&raquo; layout_inline_order=&raquo;right&raquo; content_horizontal_alignment=&raquo;flex-start&raquo; image=&raquo;https:\/\/allonboard.no\/wp-content\/uploads\/2023\/05\/Villa-Malla.jpg&raquo; image_background_height=&raquo;320px&raquo; image_width=&raquo;100%&raquo; content_padding=&raquo;30px|30px|30px|30px|true|true&raquo; button_text=&raquo;Kontakt oss&raquo; button_url=&raquo;@ET-DC@eyJkeW5hbWljIjp0cnVlLCJjb250ZW50IjoicG9zdF9saW5rX3VybF9wYWdlIiwic2V0dGluZ3MiOnsicG9zdF9pZCI6IjY1MSJ9fQ==@&raquo; button_url_new_window=&raquo;1&#8243; layout_tablet=&raquo;inline&raquo; layout_phone=&raquo;stacked&raquo; layout_last_edited=&raquo;on|phone&raquo; _builder_version=&raquo;4.20.2&#8243; _dynamic_attributes=&raquo;button_url&raquo; _module_preset=&raquo;default&raquo; badge_text_color=&raquo;#091B26&#8243; header_font=&raquo;|700|||||||&raquo; header_text_color=&raquo;#091B26&#8243; header_font_size=&raquo;19px&raquo; body_font=&raquo;|300|||||||&raquo; body_text_color=&raquo;#091B26&#8243; body_font_size=&raquo;17px&raquo; body_line_height=&raquo;1.2em&raquo; subhead_font=&raquo;|300|||||||&raquo; subhead_text_color=&raquo;#091B26&#8243; subhead_font_size=&raquo;12px&raquo; subhead_line_height=&raquo;1.3em&raquo; background_color=&raquo;#EDF4F6&#8243; custom_button=&raquo;on&raquo; button_text_size=&raquo;13px&raquo; button_text_color=&raquo;#091B26&#8243; button_bg_color=&raquo;#FFD362&#8243; button_border_color=&raquo;#FFD362&#8243; button_border_radius=&raquo;33px&raquo; button_icon=&raquo;&#x35;||divi||400&#8243; button_custom_padding=&raquo;0px||0px||true|true&raquo; border_radii=&raquo;on|20px|20px|20px|20px&raquo; global_colors_info=&raquo;{}&raquo;]<\/p>\n<p class=\"p1\">Ytterst p\u00e5 Hurumlandet en time fra Oslo sentrum i b\u00e5t ligger Villa Malla. I sommerhalv\u00e5ret tar resturanten imot gjester der god mat og drikke serveres. Her ligger virkelig forholdene til rette for \u00e5 f\u00e5 en unik opplevelse i rib med historier og action etterfulgt av mat og drikke. Eller kanskje en seiltur ut til Villa Malla passer bedre?<\/p>\n<p class=\"p1\">Dette blir en samling de ansatte sent glemmer! Her kan vi gjerne ogs\u00e5 arrangere Ipadrace om dere \u00f8nsker.<\/p>\n<p>[\/dsm_card][\/et_pb_column][\/et_pb_row][\/et_pb_section]<\/p>\n","protected":false},"excerpt":{"rendered":"<p>Opplevelser i OsloNorges hovedstad er virkelig mekka for gode opplevelser og teambuildingNorges hovedstad er virkelig mekka for gode opplevelser og teambuilding.I h\u00f8yden over Oslo ruger Holmenkollen med sin fantastiske utsikt utover Oslofjorden og byen. Langs fjorden finner vi Operaen og Aker Brygge. Har du noen gang tenkt p\u00e5 hvilke muligheter som finnes innen en halvtime fra Oslo sentrum? Ved hjelp av Ipadrace kan vi frakte gruppen fra a til b, samtidig som viktige landemerker og teambuildning skjer. Det er f\u00e5 steder i verden der det er s\u00e5 liten avstand mellom skj\u00e6rg\u00e5rd, storby og \u201cfjell\u201d som i Oslo. Ipadrace er en utmerket plattform for \u00e5 transportere gruppene fra hotell til middag eller rundt i Oslos gater. Vi kjenner steder det er bra \u00e5 ha Olabilrace, Mesternes Mester eller 5-kamp p\u00e5 i Oslo. Aker brygge er selvsagt et sted for Rib og seilaktivitet ogs\u00e5, kort vei ut til flotte og sjarmerende steder. Det finnes virkelig ingen begrensinger for hva vi kan f\u00e5 til i Oslo!Overnatting og aktiviteter<div class=\"et_pb_module dsm_card dsm_card_0 et_pb_bg_layout_light  dsm_card_layout_stacked\">\n\t\t\t\t\n\t\t\t\t\n\t\t\t\t\n\t\t\t\t\n\t\t\t\t\n\t\t\t\t\n\t\t\t\t<div class=\"et_pb_module_inner\">\n\t\t\t\t\t\n\t\t\t\n\t\t\t\n\t\t\t<div class=\"et_pb_module dsm_card_wrapper et_pb_text_align_left\">\n\t\t\t\t\t\n\t\t\t\t\t<h4 class=\"dsm_card_title et_pb_module_header\">&raquo;Scandic<\/h4>\n\t\t\t\t\t<div class=\"dsm_card_subtitle\">&raquo;Det<\/div>\n\t\t\t\t\t\n\t\t\t\t\t\n\t\t\t\t<\/div>\n\t\t\t\n\t\t\t\t<\/div>\n\t\t\t<\/div><\/p>","protected":false},"author":1,"featured_media":0,"parent":875,"menu_order":0,"comment_status":"closed","ping_status":"closed","template":"","meta":{"_et_pb_use_builder":"on","_et_pb_old_content":"<!-- wp:divi\/placeholder \/-->","_et_gb_content_width":"","footnotes":""},"class_list":["post-1121","page","type-page","status-publish","hentry"],"_links":{"self":[{"href":"https:\/\/allonboard.no\/en\/wp-json\/wp\/v2\/pages\/1121","targetHints":{"allow":["GET"]}}],"collection":[{"href":"https:\/\/allonboard.no\/en\/wp-json\/wp\/v2\/pages"}],"about":[{"href":"https:\/\/allonboard.no\/en\/wp-json\/wp\/v2\/types\/page"}],"author":[{"embeddable":true,"href":"https:\/\/allonboard.no\/en\/wp-json\/wp\/v2\/users\/1"}],"replies":[{"embeddable":true,"href":"https:\/\/allonboard.no\/en\/wp-json\/wp\/v2\/comments?post=1121"}],"version-history":[{"count":45,"href":"https:\/\/allonboard.no\/en\/wp-json\/wp\/v2\/pages\/1121\/revisions"}],"predecessor-version":[{"id":2105,"href":"https:\/\/allonboard.no\/en\/wp-json\/wp\/v2\/pages\/1121\/revisions\/2105"}],"up":[{"embeddable":true,"href":"https:\/\/allonboard.no\/en\/wp-json\/wp\/v2\/pages\/875"}],"wp:attachment":[{"href":"https:\/\/allonboard.no\/en\/wp-json\/wp\/v2\/media?parent=1121"}],"curies":[{"name":"wp","href":"https:\/\/api.w.org\/{rel}","templated":true}]}}