{"id":1275,"date":"2023-03-14T15:44:30","date_gmt":"2023-03-14T14:44:30","guid":{"rendered":"http:\/\/allonboard.no\/?page_id=1275"},"modified":"2024-01-17T14:31:23","modified_gmt":"2024-01-17T13:31:23","slug":"halden","status":"publish","type":"page","link":"http:\/\/allonboard.no\/en\/destinasjoner\/halden\/","title":{"rendered":"Halden"},"content":{"rendered":"<p>[et_pb_section fb_built=&raquo;1&#8243; custom_padding_last_edited=&raquo;on|phone&raquo; _builder_version=&raquo;4.20.4&#8243; _module_preset=&raquo;default&raquo; use_background_color_gradient=&raquo;on&raquo; background_color_gradient_stops=&raquo;rgba(1,20,32,0) 0%|rgba(1,20,32,0) 5%|#011420 100%&raquo; background_color_gradient_overlays_image=&raquo;on&raquo; background_image=&raquo;https:\/\/allonboard.no\/wp-content\/uploads\/2023\/05\/Halden_destinasjon.jpg&raquo; custom_padding=&raquo;200px||90px||false|false&raquo; custom_padding_tablet=&raquo;200px||200px||true|false&raquo; custom_padding_phone=&raquo;100px||40px||false|false&raquo; global_colors_info=&raquo;{}&raquo;][et_pb_row _builder_version=&raquo;4.19.4&#8243; _module_preset=&raquo;default&raquo; global_colors_info=&raquo;{}&raquo;][et_pb_column type=&raquo;4_4&#8243; _builder_version=&raquo;4.19.4&#8243; _module_preset=&raquo;default&raquo; global_colors_info=&raquo;{}&raquo;][et_pb_text _builder_version=&raquo;4.20.2&#8243; _module_preset=&raquo;default&raquo; header_font=&raquo;Lato|900|||||||&raquo; header_text_color=&raquo;#FFFFFF&raquo; header_font_size=&raquo;61px&raquo; custom_margin=&raquo;||8px|||&raquo; animation_direction=&raquo;bottom&raquo; header_font_size_tablet=&raquo;59px&raquo; header_font_size_phone=&raquo;45px&raquo; header_font_size_last_edited=&raquo;on|phone&raquo; global_colors_info=&raquo;{}&raquo;]<\/p>\n<h1>Halden<\/h1>\n<p>[\/et_pb_text][et_pb_text _builder_version=&raquo;4.20.2&#8243; _module_preset=&raquo;default&raquo; header_2_font=&raquo;Lato|300|||||||&raquo; header_2_text_color=&raquo;#FFFFFF&raquo; header_2_font_size=&raquo;31px&raquo; custom_margin=&raquo;||19px|||&raquo; header_2_font_size_tablet=&raquo;45px&raquo; header_2_font_size_phone=&raquo;27px&raquo; header_2_font_size_last_edited=&raquo;on|phone&raquo; global_colors_info=&raquo;{}&raquo;]<\/p>\n<h2>Byen har en lang og rik historie, og det finnes mange spennende kulturelle og historiske severdigheter \u00e5 utforske<\/h2>\n<p>[\/et_pb_text][\/et_pb_column][\/et_pb_row][\/et_pb_section][et_pb_section fb_built=&raquo;1&#8243; custom_padding_last_edited=&raquo;on|phone&raquo; _builder_version=&raquo;4.20.2&#8243; _module_preset=&raquo;default&raquo; custom_padding_tablet=&raquo;&raquo; custom_padding_phone=&raquo;10px||||false|false&raquo; global_colors_info=&raquo;{}&raquo;][et_pb_row column_structure=&raquo;1_2,1_2&#8243; use_custom_gutter=&raquo;on&raquo; gutter_width=&raquo;2&#8243; make_equal=&raquo;on&raquo; _builder_version=&raquo;4.20.2&#8243; _module_preset=&raquo;default&raquo; custom_margin=&raquo;|auto|37px|auto||&raquo; global_colors_info=&raquo;{}&raquo;][et_pb_column type=&raquo;1_2&#8243; _builder_version=&raquo;4.20.2&#8243; _module_preset=&raquo;default&raquo; global_colors_info=&raquo;{}&raquo;][et_pb_text _builder_version=&raquo;4.20.2&#8243; _module_preset=&raquo;default&raquo; header_font=&raquo;|800|||||||&raquo; header_text_color=&raquo;#012C3D&raquo; header_font_size=&raquo;31px&raquo; header_line_height=&raquo;1.1em&raquo; custom_margin=&raquo;||10px||false|false&raquo; animation_direction=&raquo;bottom&raquo; header_font_size_tablet=&raquo;36px&raquo; header_font_size_phone=&raquo;22px&raquo; header_font_size_last_edited=&raquo;on|phone&raquo; global_colors_info=&raquo;{}&raquo;]<\/p>\n<h1>Halden er en sjarmerende by i \u00d8stfold, som ligger idyllisk til ved bredden av Tista-elven og n\u00e6r grensen til Sverige.<\/h1>\n<p>[\/et_pb_text][et_pb_text _builder_version=&raquo;4.20.2&#8243; _module_preset=&raquo;default&raquo; text_font=&raquo;|300|||||||&raquo; text_text_color=&raquo;#011420&#8243; text_font_size=&raquo;17px&raquo; text_line_height=&raquo;1.2em&raquo; custom_margin=&raquo;||3px|||&raquo; text_font_size_tablet=&raquo;23px&raquo; text_font_size_phone=&raquo;17px&raquo; text_font_size_last_edited=&raquo;on|phone&raquo; global_colors_info=&raquo;{}&raquo;]<\/p>\n<p>Byen har en lang og rik historie, og det finnes mange spennende kulturelle og historiske severdigheter \u00e5 utforske.<\/p>\n<p>En av de mest popul\u00e6re attraksjonene i Halden er Fredriksten festning, som ligger p\u00e5 en h\u00f8yde over byen og har en spektakul\u00e6r utsikt over fjorden og det omkringliggende landskapet. Festningen har v\u00e6rt en viktig del av Norges forsvarshistorie i flere hundre \u00e5r, og det arrangeres regelmessig konserter og andre kulturelle arrangementer p\u00e5 stedet.<\/p>\n<p>Halden har ogs\u00e5 en livlig kulturscene, med flere museer, gallerier og teatre som er vel verdt et bes\u00f8k. Byen er kjent for sin vakre gamleby, med brosteinsbelagte gater og koselige kafeer og restauranter. Her kan man spasere langs elvebredden, bes\u00f8ke sm\u00e5 butikker og kunstgallerier, eller nyte god mat og drikke p\u00e5 en av de mange restaurantene og kafeene.<\/p>\n<p>For de som liker \u00e5 v\u00e6re utend\u00f8rs, har Halden mye \u00e5 tilby, med flotte turmuligheter i skogene og langs elvene. Det finnes ogs\u00e5 flere badeplasser og strender i omr\u00e5det, og muligheter for aktiviteter som fiske, kajakkpadling og sykling.<\/p>\n<p>Halden er en unik og sjarmerende by med mye \u00e5 tilby for bes\u00f8kende. Enten du er interessert i historie, kultur eller bare \u00f8nsker \u00e5 nyte naturen, vil du finne noe som passer for deg her.<\/p>\n<p>[\/et_pb_text][\/et_pb_column][et_pb_column type=&raquo;1_2&#8243; _builder_version=&raquo;4.20.2&#8243; _module_preset=&raquo;default&raquo; global_colors_info=&raquo;{}&raquo;][et_pb_image src=&raquo;https:\/\/allonboard.no\/wp-content\/uploads\/2023\/05\/Halden_destinasjon.jpg&raquo; alt=&raquo;Halden&raquo; title_text=&raquo;Halden_destinasjon&raquo; module_class=&raquo;pa-full-height-image-column&raquo; _builder_version=&raquo;4.21.0&#8243; _module_preset=&raquo;default&raquo; border_radii=&raquo;on|20px|20px|20px|20px&raquo; global_colors_info=&raquo;{}&raquo;][\/et_pb_image][\/et_pb_column][\/et_pb_row][et_pb_row use_custom_gutter=&raquo;on&raquo; gutter_width=&raquo;2&#8243; make_equal=&raquo;on&raquo; _builder_version=&raquo;4.20.2&#8243; _module_preset=&raquo;default&raquo; custom_padding=&raquo;19px||3px|||&raquo; global_colors_info=&raquo;{}&raquo;][et_pb_column type=&raquo;4_4&#8243; _builder_version=&raquo;4.20.2&#8243; _module_preset=&raquo;default&raquo; global_colors_info=&raquo;{}&raquo;][et_pb_text _builder_version=&raquo;4.20.2&#8243; _module_preset=&raquo;default&raquo; header_font=&raquo;|800|||||||&raquo; header_text_color=&raquo;#012C3D&raquo; header_font_size=&raquo;28px&raquo; header_line_height=&raquo;1.1em&raquo; custom_margin=&raquo;||10px||false|false&raquo; animation_direction=&raquo;bottom&raquo; header_font_size_tablet=&raquo;36px&raquo; header_font_size_phone=&raquo;22px&raquo; header_font_size_last_edited=&raquo;on|phone&raquo; global_colors_info=&raquo;{}&raquo;]<\/p>\n<h1>Overnatting og aktiviteter<\/h1>\n<p>[\/et_pb_text][\/et_pb_column][\/et_pb_row][et_pb_row column_structure=&raquo;2_3,1_3&#8243; use_custom_gutter=&raquo;on&raquo; gutter_width=&raquo;2&#8243; make_equal=&raquo;on&raquo; _builder_version=&raquo;4.20.2&#8243; _module_preset=&raquo;default&raquo; custom_margin=&raquo;|auto|40px|auto||&raquo; custom_padding=&raquo;0px|||||&raquo; global_colors_info=&raquo;{}&raquo;][et_pb_column type=&raquo;2_3&#8243; _builder_version=&raquo;4.20.2&#8243; _module_preset=&raquo;default&raquo; global_colors_info=&raquo;{}&raquo;][dsm_card title=&raquo;Fredriksten Hotell&raquo; layout=&raquo;inline&raquo; layout_inline_order=&raquo;right&raquo; content_horizontal_alignment=&raquo;flex-start&raquo; image=&raquo;https:\/\/allonboard.no\/wp-content\/uploads\/2023\/03\/Fredriksten-Hotell.jpg&raquo; image_background_height=&raquo;380px&raquo; image_width=&raquo;100%&raquo; content_padding=&raquo;30px|30px|20px|30px|false|false&raquo; button_text=&raquo;Bes\u00f8k de her&raquo; button_url=&raquo;https:\/\/www.fredrikstenhotell.no\/&raquo; button_url_new_window=&raquo;1&#8243; layout_tablet=&raquo;inline&raquo; layout_phone=&raquo;stacked&raquo; layout_last_edited=&raquo;on|phone&raquo; image_background_height_tablet=&raquo;430px&raquo; image_background_height_phone=&raquo;200px&raquo; image_background_height_last_edited=&raquo;on|phone&raquo; _builder_version=&raquo;4.21.0&#8243; _module_preset=&raquo;default&raquo; badge_text_color=&raquo;#091B26&#8243; header_font=&raquo;|700|||||||&raquo; header_text_color=&raquo;#091B26&#8243; header_font_size=&raquo;19px&raquo; body_font=&raquo;|300|||||||&raquo; body_text_color=&raquo;#000000&#8243; body_font_size=&raquo;12px&raquo; body_line_height=&raquo;1.3em&raquo; subhead_font=&raquo;|300|||||||&raquo; subhead_text_color=&raquo;#091B26&#8243; subhead_font_size=&raquo;12px&raquo; subhead_line_height=&raquo;1.3em&raquo; body_link_text_color=&raquo;#091B26&#8243; background_color=&raquo;#EDF4F6&#8243; custom_button=&raquo;on&raquo; button_text_size=&raquo;13px&raquo; button_text_color=&raquo;#EDF4F6&#8243; button_bg_color=&raquo;#FF5F45&#8243; button_border_color=&raquo;#FF5F45&#8243; button_border_radius=&raquo;33px&raquo; button_icon=&raquo;&#x35;||divi||400&#8243; button_custom_padding=&raquo;0px||0px||true|true&raquo; border_radii=&raquo;on|20px|20px|20px|20px&raquo; global_colors_info=&raquo;{}&raquo;]<\/p>\n<p class=\"p1\">Et fullverdig hotell og konferanse. I 2014 var hotellet ferdig totalrenovert og med 57 unike rom er de klare for \u00e5 ta imot gjester.<\/p>\n<p class=\"p1\">Omr\u00e5det rundt Fredriksten Hotell er unikt. Rett utenfor d\u00f8ra ligger den gamle festningen med flere kilometer med stier og veier man kan bevege seg fritt p\u00e5. Et perfekt sted \u00e5 bli guidet rundt med et iPadrace.<\/p>\n<p class=\"p1\">Med historien som utspiller seg p\u00e5 festningen er det ingenting som passer bedre enn \u00e5 ha Kompani Hvermansen i festningens gamle ruiner, eller teste grenser og konkurranse med Mesternes mester.<\/p>\n<p class=\"p1\">Andre aktiviteter som egner seg godt p\u00e5 Fredriksten er <a href=\"https:\/\/allonboard.no\/aktiviteter\/olabil-race\/\">olabil<\/a>, <a href=\"https:\/\/allonboard.no\/aktiviteter\/femkamp\/\">5-kamp<\/a>, <a href=\"https:\/\/allonboard.no\/aktiviteter\/deadline\/\">deadline<\/a>, dronebygging, <a href=\"https:\/\/allonboard.no\/aktiviteter\/film-award\/\">film award<\/a>, <a href=\"https:\/\/allonboard.no\/aktiviteter\/paint-and-sip\/\">Paint and sip<\/a> og <a href=\"https:\/\/allonboard.no\/aktiviteter\/mord-pa-hotellet\/\">mord p\u00e5 hotellet<\/a>.<\/p>\n<p>[\/dsm_card][\/et_pb_column][et_pb_column type=&raquo;1_3&#8243; _builder_version=&raquo;4.20.2&#8243; _module_preset=&raquo;default&raquo; global_colors_info=&raquo;{}&raquo;][\/et_pb_column][\/et_pb_row][et_pb_row column_structure=&raquo;1_3,1_3,1_3&#8243; use_custom_gutter=&raquo;on&raquo; gutter_width=&raquo;2&#8243; make_equal=&raquo;on&raquo; disabled_on=&raquo;on|on|on&raquo; _builder_version=&raquo;4.20.2&#8243; _module_preset=&raquo;default&raquo; custom_margin=&raquo;|auto|40px|auto||&raquo; custom_padding=&raquo;0px|||||&raquo; disabled=&raquo;on&raquo; global_colors_info=&raquo;{}&raquo;][et_pb_column type=&raquo;1_3&#8243; _builder_version=&raquo;4.20.2&#8243; _module_preset=&raquo;default&raquo; global_colors_info=&raquo;{}&raquo;][dsm_card title=&raquo;Scandic Havna Hotell&raquo; content_horizontal_alignment=&raquo;flex-start&raquo; content_equal_height=&raquo;on&raquo; image=&raquo;https:\/\/allonboard.no\/wp-content\/uploads\/2023\/03\/Scandic-Havna-Tjome.jpg&raquo; image_background_height=&raquo;180px&raquo; image_width=&raquo;100%&raquo; button_text=&raquo;Bes\u00f8k de her&raquo; button_url=&raquo;https:\/\/www.scandichotels.no\/hotell\/norge\/tjome\/scandic-havna-tjome&raquo; button_url_new_window=&raquo;1&#8243; _builder_version=&raquo;4.20.2&#8243; _module_preset=&raquo;default&raquo; badge_text_color=&raquo;#091B26&#8243; header_font=&raquo;|700|||||||&raquo; header_text_color=&raquo;#091B26&#8243; header_font_size=&raquo;19px&raquo; body_font=&raquo;|300|||||||&raquo; body_text_color=&raquo;#091B26&#8243; body_font_size=&raquo;12px&raquo; body_line_height=&raquo;1.3em&raquo; subhead_font=&raquo;|300|||||||&raquo; subhead_text_color=&raquo;#091B26&#8243; subhead_font_size=&raquo;12px&raquo; subhead_line_height=&raquo;1.3em&raquo; background_color=&raquo;#EDF4F6&#8243; custom_button=&raquo;on&raquo; button_text_size=&raquo;13px&raquo; button_text_color=&raquo;#EDF4F6&#8243; button_bg_color=&raquo;#FF5F45&#8243; button_border_color=&raquo;#FF5F45&#8243; button_border_radius=&raquo;33px&raquo; button_icon=&raquo;&#x35;||divi||400&#8243; button_custom_padding=&raquo;0px||0px||true|true&raquo; border_radii=&raquo;on|20px|20px|20px|20px&raquo; global_colors_info=&raquo;{}&raquo;]<\/p>\n<p class=\"p1\">Hotellet tilbyr b\u00e5de hytter, leiligheter og standard hotellrom, noe som gir muligheten til \u00e5 samles felles i st\u00f8rre boliger.<\/p>\n<p class=\"p1\">Rundt hotellet kryr det av muligheter for aktiviteter, og hotellet har lenge hatt fokus p\u00e5 \u00e5 tilby gode muligheter innenfor teambuilding. De siste \u00e5rene har vi v\u00e6rt fast leverand\u00f8r av aktiviteter p\u00e5 Havna, og vi har f\u00e5tt aktivisere og leke med gjestene b\u00e5de inne og ute.<\/p>\n<p class=\"p1\">Omr\u00e5det er perfekt for et iPad race som kan ta dere p\u00e5 en rundtur via Verdens Ende, eller en RIB tur som f\u00e5r vist dere den fantastiske skj\u00e6rg\u00e5rden. Utover det er det flotte gr\u00f8ntarealer som legger forholdene godt til rette for mesternes mester, 5-kamp, kompani, olabilrace og grilling.<\/p>\n<p class=\"p1\">Store m\u00f8terom innend\u00f8rs gir oss muligheten til \u00e5 gjennomf\u00f8re Deadline, dronebygging, malerevent, film award og mord p\u00e5 hotellet.<span class=\"Apple-converted-space\">\u00a0<\/span><\/p>\n<p>[\/dsm_card][\/et_pb_column][et_pb_column type=&raquo;1_3&#8243; _builder_version=&raquo;4.20.2&#8243; _module_preset=&raquo;default&raquo; global_colors_info=&raquo;{}&raquo;][\/et_pb_column][et_pb_column type=&raquo;1_3&#8243; _builder_version=&raquo;4.20.2&#8243; _module_preset=&raquo;default&raquo; global_colors_info=&raquo;{}&raquo;][\/et_pb_column][\/et_pb_row][\/et_pb_section]<\/p>\n","protected":false},"excerpt":{"rendered":"<p>HaldenByen har en lang og rik historie, og det finnes mange spennende kulturelle og historiske severdigheter \u00e5 utforskeHalden er en sjarmerende by i \u00d8stfold, som ligger idyllisk til ved bredden av Tista-elven og n\u00e6r grensen til Sverige.Byen har en lang og rik historie, og det finnes mange spennende kulturelle og historiske severdigheter \u00e5 utforske. En av de mest popul\u00e6re attraksjonene i Halden er Fredriksten festning, som ligger p\u00e5 en h\u00f8yde over byen og har en spektakul\u00e6r utsikt over fjorden og det omkringliggende landskapet. Festningen har v\u00e6rt en viktig del av Norges forsvarshistorie i flere hundre \u00e5r, og det arrangeres regelmessig konserter og andre kulturelle arrangementer p\u00e5 stedet. Halden har ogs\u00e5 en livlig kulturscene, med flere museer, gallerier og teatre som er vel verdt et bes\u00f8k. Byen er kjent for sin vakre gamleby, med brosteinsbelagte gater og koselige kafeer og restauranter. Her kan man spasere langs elvebredden, bes\u00f8ke sm\u00e5 butikker og kunstgallerier, eller nyte god mat og drikke p\u00e5 en av de mange restaurantene og kafeene. For de som liker \u00e5 v\u00e6re utend\u00f8rs, har Halden mye \u00e5 tilby, med flotte turmuligheter i skogene og langs elvene. Det finnes ogs\u00e5 flere badeplasser og strender i omr\u00e5det, og muligheter for aktiviteter som fiske, [&hellip;]<\/p>\n","protected":false},"author":1,"featured_media":0,"parent":875,"menu_order":0,"comment_status":"closed","ping_status":"closed","template":"","meta":{"_et_pb_use_builder":"on","_et_pb_old_content":"<!-- wp:divi\/placeholder \/-->","_et_gb_content_width":"","footnotes":""},"class_list":["post-1275","page","type-page","status-publish","hentry"],"_links":{"self":[{"href":"http:\/\/allonboard.no\/en\/wp-json\/wp\/v2\/pages\/1275","targetHints":{"allow":["GET"]}}],"collection":[{"href":"http:\/\/allonboard.no\/en\/wp-json\/wp\/v2\/pages"}],"about":[{"href":"http:\/\/allonboard.no\/en\/wp-json\/wp\/v2\/types\/page"}],"author":[{"embeddable":true,"href":"http:\/\/allonboard.no\/en\/wp-json\/wp\/v2\/users\/1"}],"replies":[{"embeddable":true,"href":"http:\/\/allonboard.no\/en\/wp-json\/wp\/v2\/comments?post=1275"}],"version-history":[{"count":7,"href":"http:\/\/allonboard.no\/en\/wp-json\/wp\/v2\/pages\/1275\/revisions"}],"predecessor-version":[{"id":2123,"href":"http:\/\/allonboard.no\/en\/wp-json\/wp\/v2\/pages\/1275\/revisions\/2123"}],"up":[{"embeddable":true,"href":"http:\/\/allonboard.no\/en\/wp-json\/wp\/v2\/pages\/875"}],"wp:attachment":[{"href":"http:\/\/allonboard.no\/en\/wp-json\/wp\/v2\/media?parent=1275"}],"curies":[{"name":"wp","href":"https:\/\/api.w.org\/{rel}","templated":true}]}}