{"id":1268,"date":"2023-03-14T15:38:38","date_gmt":"2023-03-14T14:38:38","guid":{"rendered":"http:\/\/allonboard.no\/?page_id=1268"},"modified":"2024-01-17T14:29:33","modified_gmt":"2024-01-17T13:29:33","slug":"hanko","status":"publish","type":"page","link":"http:\/\/allonboard.no\/en\/destinasjoner\/hanko\/","title":{"rendered":"Hank\u00f8"},"content":{"rendered":"<p>[et_pb_section fb_built=&raquo;1&#8243; custom_padding_last_edited=&raquo;on|phone&raquo; _builder_version=&raquo;4.20.4&#8243; _module_preset=&raquo;default&raquo; use_background_color_gradient=&raquo;on&raquo; background_color_gradient_stops=&raquo;rgba(1,20,32,0) 0%|rgba(1,20,32,0) 5%|#011420 100%&raquo; background_color_gradient_overlays_image=&raquo;on&raquo; background_image=&raquo;https:\/\/allonboard.no\/wp-content\/uploads\/2023\/05\/Hanko_destinasjon.jpg&raquo; custom_padding=&raquo;200px||90px||false|false&raquo; custom_padding_tablet=&raquo;200px||200px||true|false&raquo; custom_padding_phone=&raquo;100px||40px||false|false&raquo; global_colors_info=&raquo;{}&raquo;][et_pb_row _builder_version=&raquo;4.19.4&#8243; _module_preset=&raquo;default&raquo; global_colors_info=&raquo;{}&raquo;][et_pb_column type=&raquo;4_4&#8243; _builder_version=&raquo;4.19.4&#8243; _module_preset=&raquo;default&raquo; global_colors_info=&raquo;{}&raquo;][et_pb_text _builder_version=&raquo;4.20.2&#8243; _module_preset=&raquo;default&raquo; header_font=&raquo;Lato|900|||||||&raquo; header_text_color=&raquo;#FFFFFF&raquo; header_font_size=&raquo;61px&raquo; custom_margin=&raquo;||8px|||&raquo; animation_direction=&raquo;bottom&raquo; header_font_size_tablet=&raquo;59px&raquo; header_font_size_phone=&raquo;45px&raquo; header_font_size_last_edited=&raquo;on|phone&raquo; global_colors_info=&raquo;{}&raquo;]<\/p>\n<h1>Hank\u00f8<\/h1>\n<p>[\/et_pb_text][et_pb_text _builder_version=&raquo;4.20.2&#8243; _module_preset=&raquo;default&raquo; header_2_font=&raquo;Lato|300|||||||&raquo; header_2_text_color=&raquo;#FFFFFF&raquo; header_2_font_size=&raquo;31px&raquo; custom_margin=&raquo;||19px|||&raquo; header_2_font_size_tablet=&raquo;45px&raquo; header_2_font_size_phone=&raquo;27px&raquo; header_2_font_size_last_edited=&raquo;on|phone&raquo; global_colors_info=&raquo;{}&raquo;]<\/p>\n<h2>Hank\u00f8 er en unik destinasjon som passer for de som \u00f8nsker \u00e5 oppleve naturskj\u00f8nnhet, kultur og historie, og som samtidig \u00f8nsker \u00e5 nyte livet ved sj\u00f8en<\/h2>\n<p>[\/et_pb_text][\/et_pb_column][\/et_pb_row][\/et_pb_section][et_pb_section fb_built=&raquo;1&#8243; custom_padding_last_edited=&raquo;on|phone&raquo; _builder_version=&raquo;4.20.2&#8243; _module_preset=&raquo;default&raquo; custom_padding_tablet=&raquo;&raquo; custom_padding_phone=&raquo;10px||||false|false&raquo; global_colors_info=&raquo;{}&raquo;][et_pb_row column_structure=&raquo;1_2,1_2&#8243; use_custom_gutter=&raquo;on&raquo; gutter_width=&raquo;2&#8243; make_equal=&raquo;on&raquo; _builder_version=&raquo;4.20.2&#8243; _module_preset=&raquo;default&raquo; custom_margin=&raquo;|auto|37px|auto||&raquo; global_colors_info=&raquo;{}&raquo;][et_pb_column type=&raquo;1_2&#8243; _builder_version=&raquo;4.20.2&#8243; _module_preset=&raquo;default&raquo; global_colors_info=&raquo;{}&raquo;][et_pb_text _builder_version=&raquo;4.20.2&#8243; _module_preset=&raquo;default&raquo; header_font=&raquo;|800|||||||&raquo; header_text_color=&raquo;#012C3D&raquo; header_font_size=&raquo;31px&raquo; header_line_height=&raquo;1.1em&raquo; custom_margin=&raquo;||10px||false|false&raquo; animation_direction=&raquo;bottom&raquo; header_font_size_tablet=&raquo;36px&raquo; header_font_size_phone=&raquo;22px&raquo; header_font_size_last_edited=&raquo;on|phone&raquo; global_colors_info=&raquo;{}&raquo;]<\/p>\n<h1>Hank\u00f8 er en vakker \u00f8y i Fredrikstad kommune i \u00d8stfold, som er kjent for sin naturskj\u00f8nnhet og sin lange historie som et popul\u00e6rt reisem\u00e5l for b\u00e5tentusiaster og sommergjester.<\/h1>\n<p>[\/et_pb_text][et_pb_text _builder_version=&raquo;4.20.2&#8243; _module_preset=&raquo;default&raquo; text_font=&raquo;|300|||||||&raquo; text_text_color=&raquo;#011420&#8243; text_font_size=&raquo;17px&raquo; text_line_height=&raquo;1.2em&raquo; custom_margin=&raquo;||3px|||&raquo; text_font_size_tablet=&raquo;23px&raquo; text_font_size_phone=&raquo;17px&raquo; text_font_size_last_edited=&raquo;on|phone&raquo; global_colors_info=&raquo;{}&raquo;]<\/p>\n<p>\u00d8ya er omgitt av krystallklart vann og vakre strender, og det er popul\u00e6rt \u00e5 utforske \u00f8ya med kajakk, b\u00e5t eller til fots langs en av de mange turstiene. Det finnes ogs\u00e5 flere idylliske fiskev\u00e6r rundt omkring p\u00e5 \u00f8ya, og det er mulig \u00e5 fiske fra land eller med b\u00e5t.<\/p>\n<p>Hank\u00f8 har en rik historie som et popul\u00e6rt feriested, og det finnes flere historiske bygninger og steder som kan bes\u00f8kes. \u00d8ya har ogs\u00e5 et livlig b\u00e5tmilj\u00f8, og det arrangeres flere regattaer og seileventer p\u00e5 \u00f8ya i l\u00f8pet av sommeren.<\/p>\n<p>For de som \u00f8nsker \u00e5 nyte god mat og drikke, finnes det flere restauranter og kafeer p\u00e5 \u00f8ya som serverer lokal mat og sj\u00f8mat, og det er mulig \u00e5 overnatte p\u00e5 et av de mange hotellene og campingplassene i omr\u00e5det.<\/p>\n<p>Hank\u00f8 er en unik destinasjon som passer for de som \u00f8nsker \u00e5 oppleve naturskj\u00f8nnhet, kultur og historie, og som samtidig \u00f8nsker \u00e5 nyte livet ved sj\u00f8en.<\/p>\n<p>[\/et_pb_text][\/et_pb_column][et_pb_column type=&raquo;1_2&#8243; _builder_version=&raquo;4.20.2&#8243; _module_preset=&raquo;default&raquo; global_colors_info=&raquo;{}&raquo;][et_pb_image src=&raquo;https:\/\/allonboard.no\/wp-content\/uploads\/2023\/05\/Hanko_destinasjon.jpg&raquo; alt=&raquo;Hank\u00f8&raquo; title_text=&raquo;Hank\u00f8_destinasjon&raquo; module_class=&raquo;pa-full-height-image-column&raquo; _builder_version=&raquo;4.21.0&#8243; _module_preset=&raquo;default&raquo; border_radii=&raquo;on|20px|20px|20px|20px&raquo; global_colors_info=&raquo;{}&raquo;][\/et_pb_image][\/et_pb_column][\/et_pb_row][et_pb_row use_custom_gutter=&raquo;on&raquo; gutter_width=&raquo;2&#8243; make_equal=&raquo;on&raquo; _builder_version=&raquo;4.20.2&#8243; _module_preset=&raquo;default&raquo; custom_padding=&raquo;19px||3px|||&raquo; global_colors_info=&raquo;{}&raquo;][et_pb_column type=&raquo;4_4&#8243; _builder_version=&raquo;4.20.2&#8243; _module_preset=&raquo;default&raquo; global_colors_info=&raquo;{}&raquo;][et_pb_text _builder_version=&raquo;4.20.2&#8243; _module_preset=&raquo;default&raquo; header_font=&raquo;|800|||||||&raquo; header_text_color=&raquo;#012C3D&raquo; header_font_size=&raquo;28px&raquo; header_line_height=&raquo;1.1em&raquo; custom_margin=&raquo;||10px||false|false&raquo; animation_direction=&raquo;bottom&raquo; header_font_size_tablet=&raquo;36px&raquo; header_font_size_phone=&raquo;22px&raquo; header_font_size_last_edited=&raquo;on|phone&raquo; global_colors_info=&raquo;{}&raquo;]<\/p>\n<h1>Overnatting og aktiviteter<\/h1>\n<p>[\/et_pb_text][\/et_pb_column][\/et_pb_row][et_pb_row column_structure=&raquo;1_3,1_3,1_3&#8243; use_custom_gutter=&raquo;on&raquo; gutter_width=&raquo;2&#8243; make_equal=&raquo;on&raquo; _builder_version=&raquo;4.20.2&#8243; _module_preset=&raquo;default&raquo; custom_margin=&raquo;|auto|40px|auto||&raquo; custom_padding=&raquo;0px|||||&raquo; global_colors_info=&raquo;{}&raquo;][et_pb_column type=&raquo;1_3&#8243; _builder_version=&raquo;4.20.2&#8243; _module_preset=&raquo;default&raquo; global_colors_info=&raquo;{}&raquo;][dsm_card title=&raquo;Hank\u00f8 Fjordhotell&raquo; content_horizontal_alignment=&raquo;flex-start&raquo; content_equal_height=&raquo;on&raquo; image=&raquo;https:\/\/allonboard.no\/wp-content\/uploads\/2023\/03\/Hanko-Fjordhotell.jpg&raquo; image_background_height=&raquo;180px&raquo; image_width=&raquo;100%&raquo; button_text=&raquo;Bes\u00f8k de her&raquo; button_url=&raquo;https:\/\/hankohotell.no\/&raquo; button_url_new_window=&raquo;1&#8243; _builder_version=&raquo;4.20.2&#8243; _module_preset=&raquo;default&raquo; badge_text_color=&raquo;#091B26&#8243; header_font=&raquo;|700|||||||&raquo; header_text_color=&raquo;#091B26&#8243; header_font_size=&raquo;19px&raquo; body_font=&raquo;|300|||||||&raquo; body_text_color=&raquo;#091B26&#8243; body_font_size=&raquo;12px&raquo; body_line_height=&raquo;1.3em&raquo; subhead_font=&raquo;|300|||||||&raquo; subhead_text_color=&raquo;#091B26&#8243; subhead_font_size=&raquo;12px&raquo; subhead_line_height=&raquo;1.3em&raquo; background_color=&raquo;#EDF4F6&#8243; custom_button=&raquo;on&raquo; button_text_size=&raquo;13px&raquo; button_text_color=&raquo;#EDF4F6&#8243; button_bg_color=&raquo;#FF5F45&#8243; button_border_color=&raquo;#FF5F45&#8243; button_border_radius=&raquo;33px&raquo; button_icon=&raquo;&#x35;||divi||400&#8243; button_custom_padding=&raquo;0px||0px||true|true&raquo; border_radii=&raquo;on|20px|20px|20px|20px&raquo; global_colors_info=&raquo;{}&raquo;]<\/p>\n<p class=\"p1\">Fjordhotellet kan vise til egen spaavdeling og flotte rom som kan huse 250 gjester.<\/p>\n<p class=\"p1\">Flott natur og fine turstier preger omr\u00e5det rundt, og med egen idrettshall ligger alt til rette for b\u00e5de et avslappende og aktivt opphold.<\/p>\n<p class=\"p1\">Hank\u00f8 Fjordhotell sin beliggenhet og utforming gj\u00f8r at teambuilding aktiviteter som RIB, Seiling, iPadrace, Mesternes Mester, 5-kamp, Kompani Hvermansen, Deadline, Film award, Dronebygging og Mord p\u00e5 hotellet er godt egnet.<\/p>\n<p>[\/dsm_card][\/et_pb_column][et_pb_column type=&raquo;1_3&#8243; _builder_version=&raquo;4.20.2&#8243; _module_preset=&raquo;default&raquo; global_colors_info=&raquo;{}&raquo;][\/et_pb_column][et_pb_column type=&raquo;1_3&#8243; _builder_version=&raquo;4.20.2&#8243; _module_preset=&raquo;default&raquo; global_colors_info=&raquo;{}&raquo;][\/et_pb_column][\/et_pb_row][\/et_pb_section]<\/p>\n","protected":false},"excerpt":{"rendered":"<p>Hank\u00f8Hank\u00f8 er en unik destinasjon som passer for de som \u00f8nsker \u00e5 oppleve naturskj\u00f8nnhet, kultur og historie, og som samtidig \u00f8nsker \u00e5 nyte livet ved sj\u00f8enHank\u00f8 er en vakker \u00f8y i Fredrikstad kommune i \u00d8stfold, som er kjent for sin naturskj\u00f8nnhet og sin lange historie som et popul\u00e6rt reisem\u00e5l for b\u00e5tentusiaster og sommergjester.\u00d8ya er omgitt av krystallklart vann og vakre strender, og det er popul\u00e6rt \u00e5 utforske \u00f8ya med kajakk, b\u00e5t eller til fots langs en av de mange turstiene. Det finnes ogs\u00e5 flere idylliske fiskev\u00e6r rundt omkring p\u00e5 \u00f8ya, og det er mulig \u00e5 fiske fra land eller med b\u00e5t. Hank\u00f8 har en rik historie som et popul\u00e6rt feriested, og det finnes flere historiske bygninger og steder som kan bes\u00f8kes. \u00d8ya har ogs\u00e5 et livlig b\u00e5tmilj\u00f8, og det arrangeres flere regattaer og seileventer p\u00e5 \u00f8ya i l\u00f8pet av sommeren. For de som \u00f8nsker \u00e5 nyte god mat og drikke, finnes det flere restauranter og kafeer p\u00e5 \u00f8ya som serverer lokal mat og sj\u00f8mat, og det er mulig \u00e5 overnatte p\u00e5 et av de mange hotellene og campingplassene i omr\u00e5det. Hank\u00f8 er en unik destinasjon som passer for de som \u00f8nsker \u00e5 oppleve naturskj\u00f8nnhet, kultur og historie, og som samtidig [&hellip;]<\/p>\n","protected":false},"author":1,"featured_media":0,"parent":875,"menu_order":0,"comment_status":"closed","ping_status":"closed","template":"","meta":{"_et_pb_use_builder":"on","_et_pb_old_content":"<!-- wp:divi\/placeholder \/-->","_et_gb_content_width":"","footnotes":""},"class_list":["post-1268","page","type-page","status-publish","hentry"],"_links":{"self":[{"href":"http:\/\/allonboard.no\/en\/wp-json\/wp\/v2\/pages\/1268","targetHints":{"allow":["GET"]}}],"collection":[{"href":"http:\/\/allonboard.no\/en\/wp-json\/wp\/v2\/pages"}],"about":[{"href":"http:\/\/allonboard.no\/en\/wp-json\/wp\/v2\/types\/page"}],"author":[{"embeddable":true,"href":"http:\/\/allonboard.no\/en\/wp-json\/wp\/v2\/users\/1"}],"replies":[{"embeddable":true,"href":"http:\/\/allonboard.no\/en\/wp-json\/wp\/v2\/comments?post=1268"}],"version-history":[{"count":6,"href":"http:\/\/allonboard.no\/en\/wp-json\/wp\/v2\/pages\/1268\/revisions"}],"predecessor-version":[{"id":2121,"href":"http:\/\/allonboard.no\/en\/wp-json\/wp\/v2\/pages\/1268\/revisions\/2121"}],"up":[{"embeddable":true,"href":"http:\/\/allonboard.no\/en\/wp-json\/wp\/v2\/pages\/875"}],"wp:attachment":[{"href":"http:\/\/allonboard.no\/en\/wp-json\/wp\/v2\/media?parent=1268"}],"curies":[{"name":"wp","href":"https:\/\/api.w.org\/{rel}","templated":true}]}}